{"id":1490,"date":"2026-01-28T12:47:55","date_gmt":"2026-01-28T11:47:55","guid":{"rendered":"https:\/\/sismovega.geo3bcn.csic.es\/outreach\/"},"modified":"2026-04-07T11:00:04","modified_gmt":"2026-04-07T09:00:04","slug":"divulgacio","status":"publish","type":"page","link":"https:\/\/sismovega.geo3bcn.csic.es\/ca\/divulgacio\/","title":{"rendered":"Divulgaci\u00f3"},"content":{"rendered":"\t\t<div data-elementor-type=\"wp-page\" data-elementor-id=\"1490\" class=\"elementor elementor-1490 elementor-1046\" data-elementor-post-type=\"page\">\n\t\t\t\t<div class=\"elementor-element elementor-element-b47fc88 e-flex e-con-boxed e-con e-parent\" data-id=\"b47fc88\" data-element_type=\"container\" data-e-type=\"container\" data-settings=\"{&quot;background_background&quot;:&quot;classic&quot;}\">\n\t\t\t\t\t<div class=\"e-con-inner\">\n\t\t\t\t<div class=\"elementor-element elementor-element-9894041 elementor-widget elementor-widget-heading\" data-id=\"9894041\" data-element_type=\"widget\" data-e-type=\"widget\" data-widget_type=\"heading.default\">\n\t\t\t\t\t<h1 class=\"elementor-heading-title elementor-size-default\">Divulgaci\u00f3<\/h1>\t\t\t\t<\/div>\n\t\t\t\t<div class=\"elementor-element elementor-element-024736c elementor-widget__width-auto elementor-widget-divider--separator-type-pattern elementor-widget-divider--view-line elementor-widget elementor-widget-divider\" data-id=\"024736c\" data-element_type=\"widget\" data-e-type=\"widget\" data-widget_type=\"divider.default\">\n\t\t\t\t\t\t\t<div class=\"elementor-divider\" style=\"--divider-pattern-url: url(&quot;data:image\/svg+xml,%3Csvg xmlns=&#039;http:\/\/www.w3.org\/2000\/svg&#039; preserveAspectRatio=&#039;none&#039; overflow=&#039;visible&#039; height=&#039;100%&#039; viewBox=&#039;0 0 24 24&#039; fill=&#039;black&#039; stroke=&#039;none&#039;%3E%3Cpolygon points=&#039;9.4,2 24,2 14.6,21.6 0,21.6&#039;\/%3E%3C\/svg%3E&quot;);\">\n\t\t\t<span class=\"elementor-divider-separator\">\n\t\t\t\t\t\t<\/span>\n\t\t<\/div>\n\t\t\t\t\t\t<\/div>\n\t\t\t\t\t<\/div>\n\t\t\t\t<\/div>\n\t\t<div class=\"elementor-element elementor-element-152c221 e-flex e-con-boxed e-con e-parent\" data-id=\"152c221\" data-element_type=\"container\" data-e-type=\"container\">\n\t\t\t\t\t<div class=\"e-con-inner\">\n\t\t<div class=\"elementor-element elementor-element-cf5f8ab e-con-full e-flex e-con e-child\" data-id=\"cf5f8ab\" data-element_type=\"container\" data-e-type=\"container\">\n\t\t\t\t<div class=\"elementor-element elementor-element-096a4b0 elementor-widget elementor-widget-text-editor\" data-id=\"096a4b0\" data-element_type=\"widget\" data-e-type=\"widget\" data-widget_type=\"text-editor.default\">\n\t\t\t\t\t\t\t\t\t<ul><li><a href=\"https:\/\/www.informacion.es\/elche\/2026\/02\/28\/proyecto-pionero-sur-alicante-terrmotos-cable-optico-127369751.html\" data-wplink-edit=\"true\">&#8220;Un proyecto pionero estudiar\u00e1 el peligro de los terremotos con fibra \u00f3ptica y tecnolog\u00eda l\u00e1ser&#8221;<\/a><\/li><\/ul>\t\t\t\t\t\t\t\t<\/div>\n\t\t\t\t<div class=\"elementor-element elementor-element-5d64a80 elementor-mobile-align-center elementor-widget elementor-widget-button\" data-id=\"5d64a80\" data-element_type=\"widget\" data-e-type=\"widget\" data-widget_type=\"button.default\">\n\t\t\t\t\t\t\t\t\t\t<a class=\"elementor-button elementor-button-link elementor-size-sm\" href=\"\/wp-content\/uploads\/2026\/03\/80041870-5409-4ea3-aae3-7b4155abfe46.pdf\">\n\t\t\t\t\t\t<span class=\"elementor-button-content-wrapper\">\n\t\t\t\t\t\t<span class=\"elementor-button-icon\">\n\t\t\t\t<i aria-hidden=\"true\" class=\"icon icon-download\"><\/i>\t\t\t<\/span>\n\t\t\t\t\t\t\t\t\t<span class=\"elementor-button-text\">01 de Mar\u00e7 de 2026. Descarregar<\/span>\n\t\t\t\t\t<\/span>\n\t\t\t\t\t<\/a>\n\t\t\t\t\t\t\t\t<\/div>\n\t\t\t\t<div class=\"elementor-element elementor-element-2d38f99 elementor-widget elementor-widget-text-editor\" data-id=\"2d38f99\" data-element_type=\"widget\" data-e-type=\"widget\" data-widget_type=\"text-editor.default\">\n\t\t\t\t\t\t\t\t\t<ul><li><a href=\"https:\/\/www.csic.es\/es\/actualidad-del-csic\/el-csic-lidera-un-proyecto-para-detectar-senales-precursoras-de-terremotos-traves-de-fibra-optica-y-tecnologia-laser\">&#8220;El CSIC lidera un proyecto para detectar se\u00f1ales precursoras de terremotos a trav\u00e9s de fibra \u00f3ptica y tecnolog\u00eda l\u00e1ser &#8211; La iniciativa Sismovega, encabezada por Geociencias Barcelona (GEO3BCN-CSIC), se desarrollar\u00e1 en la comarca de la Vega Baja del Segura (Alicante)&#8221;<\/a>, CSIC comunicat de premsa, 02 de Mar\u00e7 de 2026<\/li><\/ul>\t\t\t\t\t\t\t\t<\/div>\n\t\t\t\t<\/div>\n\t\t\t\t\t<\/div>\n\t\t\t\t<\/div>\n\t\t\t\t<\/div>\n\t\t","protected":false},"excerpt":{"rendered":"<p>Divulgaci\u00f3 &#8220;Un proyecto pionero estudiar\u00e1 el peligro de los terremotos con fibra \u00f3ptica y tecnolog\u00eda l\u00e1ser&#8221; 01 de Mar\u00e7 de 2026. Descarregar &#8220;El CSIC lidera un proyecto para detectar se\u00f1ales precursoras de terremotos a trav\u00e9s de fibra \u00f3ptica y tecnolog\u00eda l\u00e1ser &#8211; La iniciativa Sismovega, encabezada por Geociencias Barcelona (GEO3BCN-CSIC), se desarrollar\u00e1 en la comarca [&hellip;]<\/p>\n","protected":false},"author":2,"featured_media":0,"parent":0,"menu_order":0,"comment_status":"closed","ping_status":"closed","template":"elementor_header_footer","meta":{"_acf_changed":false,"footnotes":""},"class_list":["post-1490","page","type-page","status-publish","hentry"],"acf":[],"yoast_head":"<!-- This site is optimized with the Yoast SEO plugin v27.3 - https:\/\/yoast.com\/product\/yoast-seo-wordpress\/ -->\n<title>Divulgaci\u00f3 - Geociencias Barcelona (GEO3BCN)<\/title>\n<meta name=\"robots\" content=\"index, follow, max-snippet:-1, max-image-preview:large, max-video-preview:-1\" \/>\n<link rel=\"canonical\" href=\"https:\/\/sismovega.geo3bcn.csic.es\/outreach\/\" \/>\n<meta property=\"og:locale\" content=\"ca_ES\" \/>\n<meta property=\"og:type\" content=\"article\" \/>\n<meta property=\"og:title\" content=\"Divulgaci\u00f3 - Geociencias Barcelona (GEO3BCN)\" \/>\n<meta property=\"og:description\" content=\"Divulgaci\u00f3 &#8220;Un proyecto pionero estudiar\u00e1 el peligro de los terremotos con fibra \u00f3ptica y tecnolog\u00eda l\u00e1ser&#8221; 01 de Mar\u00e7 de 2026. Descarregar &#8220;El CSIC lidera un proyecto para detectar se\u00f1ales precursoras de terremotos a trav\u00e9s de fibra \u00f3ptica y tecnolog\u00eda l\u00e1ser &#8211; La iniciativa Sismovega, encabezada por Geociencias Barcelona (GEO3BCN-CSIC), se desarrollar\u00e1 en la comarca [&hellip;]\" \/>\n<meta property=\"og:url\" content=\"https:\/\/sismovega.geo3bcn.csic.es\/outreach\/\" \/>\n<meta property=\"og:site_name\" content=\"Geociencias Barcelona (GEO3BCN)\" \/>\n<meta property=\"article:modified_time\" content=\"2026-04-07T09:00:04+00:00\" \/>\n<meta name=\"twitter:card\" content=\"summary_large_image\" \/>\n<meta name=\"twitter:label1\" content=\"Temps estimat de lectura\" \/>\n\t<meta name=\"twitter:data1\" content=\"1 minut\" \/>\n<script type=\"application\/ld+json\" class=\"yoast-schema-graph\">{\"@context\":\"https:\\\/\\\/schema.org\",\"@graph\":[{\"@type\":\"WebPage\",\"@id\":\"https:\\\/\\\/sismovega.geo3bcn.csic.es\\\/outreach\\\/\",\"url\":\"https:\\\/\\\/sismovega.geo3bcn.csic.es\\\/outreach\\\/\",\"name\":\"Divulgaci\u00f3 - Geociencias Barcelona (GEO3BCN)\",\"isPartOf\":{\"@id\":\"https:\\\/\\\/sismovega.geo3bcn.csic.es\\\/#website\"},\"datePublished\":\"2026-01-28T11:47:55+00:00\",\"dateModified\":\"2026-04-07T09:00:04+00:00\",\"breadcrumb\":{\"@id\":\"https:\\\/\\\/sismovega.geo3bcn.csic.es\\\/outreach\\\/#breadcrumb\"},\"inLanguage\":\"ca\",\"potentialAction\":[{\"@type\":\"ReadAction\",\"target\":[\"https:\\\/\\\/sismovega.geo3bcn.csic.es\\\/outreach\\\/\"]}]},{\"@type\":\"BreadcrumbList\",\"@id\":\"https:\\\/\\\/sismovega.geo3bcn.csic.es\\\/outreach\\\/#breadcrumb\",\"itemListElement\":[{\"@type\":\"ListItem\",\"position\":1,\"name\":\"Home\",\"item\":\"https:\\\/\\\/sismovega.geo3bcn.csic.es\\\/ca\\\/\"},{\"@type\":\"ListItem\",\"position\":2,\"name\":\"Divulgaci\u00f3\"}]},{\"@type\":\"WebSite\",\"@id\":\"https:\\\/\\\/sismovega.geo3bcn.csic.es\\\/#website\",\"url\":\"https:\\\/\\\/sismovega.geo3bcn.csic.es\\\/\",\"name\":\"Geociencias Barcelona (GEO3BCN)\",\"description\":\"\",\"potentialAction\":[{\"@type\":\"SearchAction\",\"target\":{\"@type\":\"EntryPoint\",\"urlTemplate\":\"https:\\\/\\\/sismovega.geo3bcn.csic.es\\\/?s={search_term_string}\"},\"query-input\":{\"@type\":\"PropertyValueSpecification\",\"valueRequired\":true,\"valueName\":\"search_term_string\"}}],\"inLanguage\":\"ca\"}]}<\/script>\n<!-- \/ Yoast SEO plugin. -->","yoast_head_json":{"title":"Divulgaci\u00f3 - Geociencias Barcelona (GEO3BCN)","robots":{"index":"index","follow":"follow","max-snippet":"max-snippet:-1","max-image-preview":"max-image-preview:large","max-video-preview":"max-video-preview:-1"},"canonical":"https:\/\/sismovega.geo3bcn.csic.es\/outreach\/","og_locale":"ca_ES","og_type":"article","og_title":"Divulgaci\u00f3 - Geociencias Barcelona (GEO3BCN)","og_description":"Divulgaci\u00f3 &#8220;Un proyecto pionero estudiar\u00e1 el peligro de los terremotos con fibra \u00f3ptica y tecnolog\u00eda l\u00e1ser&#8221; 01 de Mar\u00e7 de 2026. Descarregar &#8220;El CSIC lidera un proyecto para detectar se\u00f1ales precursoras de terremotos a trav\u00e9s de fibra \u00f3ptica y tecnolog\u00eda l\u00e1ser &#8211; La iniciativa Sismovega, encabezada por Geociencias Barcelona (GEO3BCN-CSIC), se desarrollar\u00e1 en la comarca [&hellip;]","og_url":"https:\/\/sismovega.geo3bcn.csic.es\/outreach\/","og_site_name":"Geociencias Barcelona (GEO3BCN)","article_modified_time":"2026-04-07T09:00:04+00:00","twitter_card":"summary_large_image","twitter_misc":{"Temps estimat de lectura":"1 minut"},"schema":{"@context":"https:\/\/schema.org","@graph":[{"@type":"WebPage","@id":"https:\/\/sismovega.geo3bcn.csic.es\/outreach\/","url":"https:\/\/sismovega.geo3bcn.csic.es\/outreach\/","name":"Divulgaci\u00f3 - Geociencias Barcelona (GEO3BCN)","isPartOf":{"@id":"https:\/\/sismovega.geo3bcn.csic.es\/#website"},"datePublished":"2026-01-28T11:47:55+00:00","dateModified":"2026-04-07T09:00:04+00:00","breadcrumb":{"@id":"https:\/\/sismovega.geo3bcn.csic.es\/outreach\/#breadcrumb"},"inLanguage":"ca","potentialAction":[{"@type":"ReadAction","target":["https:\/\/sismovega.geo3bcn.csic.es\/outreach\/"]}]},{"@type":"BreadcrumbList","@id":"https:\/\/sismovega.geo3bcn.csic.es\/outreach\/#breadcrumb","itemListElement":[{"@type":"ListItem","position":1,"name":"Home","item":"https:\/\/sismovega.geo3bcn.csic.es\/ca\/"},{"@type":"ListItem","position":2,"name":"Divulgaci\u00f3"}]},{"@type":"WebSite","@id":"https:\/\/sismovega.geo3bcn.csic.es\/#website","url":"https:\/\/sismovega.geo3bcn.csic.es\/","name":"Geociencias Barcelona (GEO3BCN)","description":"","potentialAction":[{"@type":"SearchAction","target":{"@type":"EntryPoint","urlTemplate":"https:\/\/sismovega.geo3bcn.csic.es\/?s={search_term_string}"},"query-input":{"@type":"PropertyValueSpecification","valueRequired":true,"valueName":"search_term_string"}}],"inLanguage":"ca"}]}},"_links":{"self":[{"href":"https:\/\/sismovega.geo3bcn.csic.es\/ca\/wp-json\/wp\/v2\/pages\/1490","targetHints":{"allow":["GET"]}}],"collection":[{"href":"https:\/\/sismovega.geo3bcn.csic.es\/ca\/wp-json\/wp\/v2\/pages"}],"about":[{"href":"https:\/\/sismovega.geo3bcn.csic.es\/ca\/wp-json\/wp\/v2\/types\/page"}],"author":[{"embeddable":true,"href":"https:\/\/sismovega.geo3bcn.csic.es\/ca\/wp-json\/wp\/v2\/users\/2"}],"replies":[{"embeddable":true,"href":"https:\/\/sismovega.geo3bcn.csic.es\/ca\/wp-json\/wp\/v2\/comments?post=1490"}],"version-history":[{"count":46,"href":"https:\/\/sismovega.geo3bcn.csic.es\/ca\/wp-json\/wp\/v2\/pages\/1490\/revisions"}],"predecessor-version":[{"id":3070,"href":"https:\/\/sismovega.geo3bcn.csic.es\/ca\/wp-json\/wp\/v2\/pages\/1490\/revisions\/3070"}],"wp:attachment":[{"href":"https:\/\/sismovega.geo3bcn.csic.es\/ca\/wp-json\/wp\/v2\/media?parent=1490"}],"curies":[{"name":"wp","href":"https:\/\/api.w.org\/{rel}","templated":true}]}}