{"id":1507,"date":"2025-12-19T10:00:47","date_gmt":"2025-12-19T09:00:47","guid":{"rendered":"https:\/\/sismovega.geo3bcn.csic.es\/news\/"},"modified":"2026-04-07T11:02:59","modified_gmt":"2026-04-07T09:02:59","slug":"noticies","status":"publish","type":"page","link":"https:\/\/sismovega.geo3bcn.csic.es\/ca\/noticies\/","title":{"rendered":"Not\u00edcies"},"content":{"rendered":"\t\t<div data-elementor-type=\"wp-page\" data-elementor-id=\"1507\" class=\"elementor elementor-1507 elementor-701\" data-elementor-post-type=\"page\">\n\t\t\t\t<div class=\"elementor-element elementor-element-8a2d452 e-flex e-con-boxed e-con e-parent\" data-id=\"8a2d452\" data-element_type=\"container\" data-e-type=\"container\" data-settings=\"{&quot;background_background&quot;:&quot;classic&quot;}\">\n\t\t\t\t\t<div class=\"e-con-inner\">\n\t\t\t\t<div class=\"elementor-element elementor-element-cefc73c elementor-widget elementor-widget-heading\" data-id=\"cefc73c\" data-element_type=\"widget\" data-e-type=\"widget\" data-widget_type=\"heading.default\">\n\t\t\t\t\t<h1 class=\"elementor-heading-title elementor-size-default\">Not\u00edcies!<\/h1>\t\t\t\t<\/div>\n\t\t\t\t<div class=\"elementor-element elementor-element-6b9a4f1 elementor-widget__width-auto elementor-widget-divider--separator-type-pattern elementor-widget-divider--view-line elementor-widget elementor-widget-divider\" data-id=\"6b9a4f1\" data-element_type=\"widget\" data-e-type=\"widget\" data-widget_type=\"divider.default\">\n\t\t\t\t\t\t\t<div class=\"elementor-divider\" style=\"--divider-pattern-url: url(&quot;data:image\/svg+xml,%3Csvg xmlns=&#039;http:\/\/www.w3.org\/2000\/svg&#039; preserveAspectRatio=&#039;none&#039; overflow=&#039;visible&#039; height=&#039;100%&#039; viewBox=&#039;0 0 24 24&#039; fill=&#039;black&#039; stroke=&#039;none&#039;%3E%3Cpolygon points=&#039;9.4,2 24,2 14.6,21.6 0,21.6&#039;\/%3E%3C\/svg%3E&quot;);\">\n\t\t\t<span class=\"elementor-divider-separator\">\n\t\t\t\t\t\t<\/span>\n\t\t<\/div>\n\t\t\t\t\t\t<\/div>\n\t\t\t\t\t<\/div>\n\t\t\t\t<\/div>\n\t\t<div class=\"elementor-element elementor-element-63a93f1 e-flex e-con-boxed e-con e-parent\" data-id=\"63a93f1\" data-element_type=\"container\" data-e-type=\"container\">\n\t\t\t\t\t<div class=\"e-con-inner\">\n\t\t\t\t<div class=\"elementor-element elementor-element-a4cf4b6 elementor-widget elementor-widget-elementskit-blog-posts\" data-id=\"a4cf4b6\" data-element_type=\"widget\" data-e-type=\"widget\" data-widget_type=\"elementskit-blog-posts.default\">\n\t\t\t\t\t<div class=\"ekit-wid-con\" >        <div id=\"post-items--a4cf4b6\" class=\"row post-items\">\n                    <div class=\"col-lg-4 col-md-6\">\n\n                                    <div class=\"elementskit-post-image-card\">\n                        <div class=\"elementskit-entry-header\">\n                                                            <a href=\"https:\/\/sismovega.geo3bcn.csic.es\/ca\/primera-reunio-del-desviament-de-la-presentacio-de-la-informacio-de-lanova-divulgacio\/\" class=\"elementskit-entry-thumb\">\n                                    <img decoding=\"async\" src=\"https:\/\/sismovega.geo3bcn.csic.es\/wp-content\/uploads\/2026\/03\/meeting_Olot_1.jpg\" alt=\"Primera reuni\u00f3 de l\u2019equip de divulgaci\u00f3 SISMOVEGA per coordinar les activitats de comunicaci\u00f3, educaci\u00f3 i transfer\u00e8ncia de coneixement del projecte a la regi\u00f3 de Vega Baja, celebrada a partir del 16 \u2013 18 de febrer de 2026 a Geociencias Barcelona i Espai Cr\u00e0ter (Olot, Girona).\">\n                                <\/a><!-- .elementskit-entry-thumb END -->\n                                                            \n                            \n\t\t\t\t\t\t\t\t\t\t\t\t\t<\/div><!-- .elementskit-entry-header END -->\n\n\t\t\t\t\t\t<div class=\"elementskit-post-body \">\n\t\t\t\t\t\t\t\n\t\t\t\t\t\t\t\t\t\t\t\t\t\t\t\t\t\t\t\t\t\t\t\t\t\n\t\t\t\t\t\t\t\t\n\t\t\t\t\t\t\t\t\t\t\t\t\t\t\t\t\t\t\t\t\t<h2 class=\"entry-title\">\n\t\t\t\t\t<a href=\"https:\/\/sismovega.geo3bcn.csic.es\/ca\/primera-reunio-del-desviament-de-la-presentacio-de-la-informacio-de-lanova-divulgacio\/\">\n\t\t\t\t\t\tPrimera reuni\u00f3 de l\u2019equip de divulgaci\u00f3 SISMOVEGA per coordinar les activitats de comunicaci\u00f3, educaci\u00f3 i transfer\u00e8ncia de coneixement del projecte a la regi\u00f3 de Vega Baja, celebrada a partir del 16 \u2013 18 de febrer de 2026 a Geociencias Barcelona i Espai Cr\u00e0ter (Olot, Girona).\t\t\t\t\t<\/a>\n\t\t\t\t<\/h2>\n\t\t\t\t\t\t\t\t\t\t\t\t\t\t\t\t\t\t\t\t\t\t\t\t\t\t\t\t\t\t\t\t\t\t\t\t\t\t\t\t\t\t<p><\/p>\n\t\t\t\t\t\t\t\t\t\t\t\t\t\t\t\t\t\t\t\t\t\t                                                            <div class=\"btn-wraper\">\n                                    \n                                                                            <a class=\"elementskit-btn whitespace--normal\" id=\"\" href=\"https:\/\/sismovega.geo3bcn.csic.es\/ca\/primera-reunio-del-desviament-de-la-presentacio-de-la-informacio-de-lanova-divulgacio\/\">\n                                        \t                                            Llegir m\u00e9s &gt;&gt;                                        <\/a>\n                                                                    <\/div>\n                                                    <\/div><!-- .elementskit-post-body END -->\n                    <\/div>\n                \n            <\/div>\n                    <div class=\"col-lg-4 col-md-6\">\n\n                                    <div class=\"elementskit-post-image-card\">\n                        <div class=\"elementskit-entry-header\">\n                                                            <a href=\"https:\/\/sismovega.geo3bcn.csic.es\/ca\/hola-mundo\/\" class=\"elementskit-entry-thumb\">\n                                    <img decoding=\"async\" src=\"https:\/\/sismovega.geo3bcn.csic.es\/wp-content\/uploads\/2025\/10\/portada-post-2.jpg\" alt=\"Convocat\u00f2ria oberta! Actualment busquem un investigador postdoctoral; s&#8217;accepten sol\u00b7licituds fins al 30 de novembre de 2026.\">\n                                <\/a><!-- .elementskit-entry-thumb END -->\n                                                            \n                            \n\t\t\t\t\t\t\t\t\t\t\t\t\t<\/div><!-- .elementskit-entry-header END -->\n\n\t\t\t\t\t\t<div class=\"elementskit-post-body \">\n\t\t\t\t\t\t\t\n\t\t\t\t\t\t\t\t\t\t\t\t\t\t\t\t\t\t\t\t\t\t\t\t\t\n\t\t\t\t\t\t\t\t\n\t\t\t\t\t\t\t\t\t\t\t\t\t\t\t\t\t\t\t\t\t<h2 class=\"entry-title\">\n\t\t\t\t\t<a href=\"https:\/\/sismovega.geo3bcn.csic.es\/ca\/hola-mundo\/\">\n\t\t\t\t\t\tConvocat\u00f2ria oberta! Actualment busquem un investigador postdoctoral; s&#8217;accepten sol\u00b7licituds fins al 30 de novembre de 2026.\t\t\t\t\t<\/a>\n\t\t\t\t<\/h2>\n\t\t\t\t\t\t\t\t\t\t\t\t\t\t\t\t\t\t\t\t\t\t\t\t\t\t\t\t\t\t\t\t\t\t\t\t\t\t\t\t\t\t<p><\/p>\n\t\t\t\t\t\t\t\t\t\t\t\t\t\t\t\t\t\t\t\t\t\t                                                            <div class=\"btn-wraper\">\n                                    \n                                                                            <a class=\"elementskit-btn whitespace--normal\" id=\"\" href=\"https:\/\/sismovega.geo3bcn.csic.es\/ca\/hola-mundo\/\">\n                                        \t                                            Llegir m\u00e9s &gt;&gt;                                        <\/a>\n                                                                    <\/div>\n                                                    <\/div><!-- .elementskit-post-body END -->\n                    <\/div>\n                \n            <\/div>\n                    <div class=\"col-lg-4 col-md-6\">\n\n                                    <div class=\"elementskit-post-image-card\">\n                        <div class=\"elementskit-entry-header\">\n                                                            <a href=\"https:\/\/sismovega.geo3bcn.csic.es\/ca\/entrada-2\/\" class=\"elementskit-entry-thumb\">\n                                    <img decoding=\"async\" src=\"https:\/\/sismovega.geo3bcn.csic.es\/wp-content\/uploads\/2025\/10\/logo-sismovega-news.jpg\" alt=\"SISMOVEGA ja est\u00e0 oficialment en marxa, iniciant una nova i apassionant fase de recerca col\u00b7laborativa, innovaci\u00f3 i descobriment a la regi\u00f3 de la Vega Baixa del Segura.\">\n                                <\/a><!-- .elementskit-entry-thumb END -->\n                                                            \n                            \n\t\t\t\t\t\t\t\t\t\t\t\t\t<\/div><!-- .elementskit-entry-header END -->\n\n\t\t\t\t\t\t<div class=\"elementskit-post-body \">\n\t\t\t\t\t\t\t\n\t\t\t\t\t\t\t\t\t\t\t\t\t\t\t\t\t\t\t\t\t\t\t\t\t\n\t\t\t\t\t\t\t\t\n\t\t\t\t\t\t\t\t\t\t\t\t\t\t\t\t\t\t\t\t\t<h2 class=\"entry-title\">\n\t\t\t\t\t<a href=\"https:\/\/sismovega.geo3bcn.csic.es\/ca\/entrada-2\/\">\n\t\t\t\t\t\tSISMOVEGA ja est\u00e0 oficialment en marxa, iniciant una nova i apassionant fase de recerca col\u00b7laborativa, innovaci\u00f3 i descobriment a la regi\u00f3 de la Vega Baixa del Segura.\t\t\t\t\t<\/a>\n\t\t\t\t<\/h2>\n\t\t\t\t\t\t\t\t\t\t\t\t\t\t\t\t\t\t\t\t\t\t\t\t\t\t\t\t\t\t\t\t\t\t\t\t\t\t\t\t\t\t<p><\/p>\n\t\t\t\t\t\t\t\t\t\t\t\t\t\t\t\t\t\t\t\t\t\t                                                            <div class=\"btn-wraper\">\n                                    \n                                                                            <a class=\"elementskit-btn whitespace--normal\" id=\"\" href=\"https:\/\/sismovega.geo3bcn.csic.es\/ca\/entrada-2\/\">\n                                        \t                                            Llegir m\u00e9s &gt;&gt;                                        <\/a>\n                                                                    <\/div>\n                                                    <\/div><!-- .elementskit-post-body END -->\n                    <\/div>\n                \n            <\/div>\n                <\/div>\n       <\/div>\t\t\t\t<\/div>\n\t\t\t\t\t<\/div>\n\t\t\t\t<\/div>\n\t\t\t\t<\/div>\n\t\t","protected":false},"excerpt":{"rendered":"<p>Not\u00edcies! First meeting of the SISMOVEGA outreach team to coordinate the project\u2019s communication, education, and knowledge transfer activities in the Vega Baja region, held from 16\u201318 February, 2026 at Geociencias Barcelona and Espai Cr\u00e0ter (Olot, Girona). Llegir m\u00e9s &gt;&gt; Open call! We are currently seeking a postdoctoral researcher\u2014applications are welcome until November 30, 2026. Llegir [&hellip;]<\/p>\n","protected":false},"author":1,"featured_media":0,"parent":0,"menu_order":0,"comment_status":"closed","ping_status":"closed","template":"elementor_header_footer","meta":{"_acf_changed":false,"footnotes":""},"class_list":["post-1507","page","type-page","status-publish","hentry"],"acf":[],"yoast_head":"<!-- This site is optimized with the Yoast SEO plugin v27.3 - https:\/\/yoast.com\/product\/yoast-seo-wordpress\/ -->\n<title>Not\u00edcies - Geociencias Barcelona (GEO3BCN)<\/title>\n<meta name=\"robots\" content=\"index, follow, max-snippet:-1, max-image-preview:large, max-video-preview:-1\" \/>\n<link rel=\"canonical\" href=\"https:\/\/sismovega.geo3bcn.csic.es\/news\/\" \/>\n<meta property=\"og:locale\" content=\"ca_ES\" \/>\n<meta property=\"og:type\" content=\"article\" \/>\n<meta property=\"og:title\" content=\"Not\u00edcies - Geociencias Barcelona (GEO3BCN)\" \/>\n<meta property=\"og:description\" content=\"Not\u00edcies! First meeting of the SISMOVEGA outreach team to coordinate the project\u2019s communication, education, and knowledge transfer activities in the Vega Baja region, held from 16\u201318 February, 2026 at Geociencias Barcelona and Espai Cr\u00e0ter (Olot, Girona). Llegir m\u00e9s &gt;&gt; Open call! We are currently seeking a postdoctoral researcher\u2014applications are welcome until November 30, 2026. Llegir [&hellip;]\" \/>\n<meta property=\"og:url\" content=\"https:\/\/sismovega.geo3bcn.csic.es\/news\/\" \/>\n<meta property=\"og:site_name\" content=\"Geociencias Barcelona (GEO3BCN)\" \/>\n<meta property=\"article:modified_time\" content=\"2026-04-07T09:02:59+00:00\" \/>\n<meta property=\"og:image\" content=\"https:\/\/sismovega.geo3bcn.csic.es\/wp-content\/uploads\/2026\/03\/meeting_Olot_1-1.jpg\" \/>\n<meta name=\"twitter:card\" content=\"summary_large_image\" \/>\n<meta name=\"twitter:label1\" content=\"Temps estimat de lectura\" \/>\n\t<meta name=\"twitter:data1\" content=\"2 minuts\" \/>\n<script type=\"application\/ld+json\" class=\"yoast-schema-graph\">{\"@context\":\"https:\\\/\\\/schema.org\",\"@graph\":[{\"@type\":\"WebPage\",\"@id\":\"https:\\\/\\\/sismovega.geo3bcn.csic.es\\\/news\\\/\",\"url\":\"https:\\\/\\\/sismovega.geo3bcn.csic.es\\\/news\\\/\",\"name\":\"Not\u00edcies - Geociencias Barcelona (GEO3BCN)\",\"isPartOf\":{\"@id\":\"https:\\\/\\\/sismovega.geo3bcn.csic.es\\\/#website\"},\"primaryImageOfPage\":{\"@id\":\"https:\\\/\\\/sismovega.geo3bcn.csic.es\\\/news\\\/#primaryimage\"},\"image\":{\"@id\":\"https:\\\/\\\/sismovega.geo3bcn.csic.es\\\/news\\\/#primaryimage\"},\"thumbnailUrl\":\"https:\\\/\\\/sismovega.geo3bcn.csic.es\\\/wp-content\\\/uploads\\\/2026\\\/03\\\/meeting_Olot_1-1.jpg\",\"datePublished\":\"2025-12-19T09:00:47+00:00\",\"dateModified\":\"2026-04-07T09:02:59+00:00\",\"breadcrumb\":{\"@id\":\"https:\\\/\\\/sismovega.geo3bcn.csic.es\\\/news\\\/#breadcrumb\"},\"inLanguage\":\"ca\",\"potentialAction\":[{\"@type\":\"ReadAction\",\"target\":[\"https:\\\/\\\/sismovega.geo3bcn.csic.es\\\/news\\\/\"]}]},{\"@type\":\"ImageObject\",\"inLanguage\":\"ca\",\"@id\":\"https:\\\/\\\/sismovega.geo3bcn.csic.es\\\/news\\\/#primaryimage\",\"url\":\"https:\\\/\\\/sismovega.geo3bcn.csic.es\\\/wp-content\\\/uploads\\\/2026\\\/03\\\/meeting_Olot_1-1.jpg\",\"contentUrl\":\"https:\\\/\\\/sismovega.geo3bcn.csic.es\\\/wp-content\\\/uploads\\\/2026\\\/03\\\/meeting_Olot_1-1.jpg\"},{\"@type\":\"BreadcrumbList\",\"@id\":\"https:\\\/\\\/sismovega.geo3bcn.csic.es\\\/news\\\/#breadcrumb\",\"itemListElement\":[{\"@type\":\"ListItem\",\"position\":1,\"name\":\"Home\",\"item\":\"https:\\\/\\\/sismovega.geo3bcn.csic.es\\\/ca\\\/\"},{\"@type\":\"ListItem\",\"position\":2,\"name\":\"Not\u00edcies\"}]},{\"@type\":\"WebSite\",\"@id\":\"https:\\\/\\\/sismovega.geo3bcn.csic.es\\\/#website\",\"url\":\"https:\\\/\\\/sismovega.geo3bcn.csic.es\\\/\",\"name\":\"Geociencias Barcelona (GEO3BCN)\",\"description\":\"\",\"potentialAction\":[{\"@type\":\"SearchAction\",\"target\":{\"@type\":\"EntryPoint\",\"urlTemplate\":\"https:\\\/\\\/sismovega.geo3bcn.csic.es\\\/?s={search_term_string}\"},\"query-input\":{\"@type\":\"PropertyValueSpecification\",\"valueRequired\":true,\"valueName\":\"search_term_string\"}}],\"inLanguage\":\"ca\"}]}<\/script>\n<!-- \/ Yoast SEO plugin. -->","yoast_head_json":{"title":"Not\u00edcies - Geociencias Barcelona (GEO3BCN)","robots":{"index":"index","follow":"follow","max-snippet":"max-snippet:-1","max-image-preview":"max-image-preview:large","max-video-preview":"max-video-preview:-1"},"canonical":"https:\/\/sismovega.geo3bcn.csic.es\/news\/","og_locale":"ca_ES","og_type":"article","og_title":"Not\u00edcies - Geociencias Barcelona (GEO3BCN)","og_description":"Not\u00edcies! First meeting of the SISMOVEGA outreach team to coordinate the project\u2019s communication, education, and knowledge transfer activities in the Vega Baja region, held from 16\u201318 February, 2026 at Geociencias Barcelona and Espai Cr\u00e0ter (Olot, Girona). Llegir m\u00e9s &gt;&gt; Open call! We are currently seeking a postdoctoral researcher\u2014applications are welcome until November 30, 2026. Llegir [&hellip;]","og_url":"https:\/\/sismovega.geo3bcn.csic.es\/news\/","og_site_name":"Geociencias Barcelona (GEO3BCN)","article_modified_time":"2026-04-07T09:02:59+00:00","og_image":[{"url":"https:\/\/sismovega.geo3bcn.csic.es\/wp-content\/uploads\/2026\/03\/meeting_Olot_1-1.jpg","type":"","width":"","height":""}],"twitter_card":"summary_large_image","twitter_misc":{"Temps estimat de lectura":"2 minuts"},"schema":{"@context":"https:\/\/schema.org","@graph":[{"@type":"WebPage","@id":"https:\/\/sismovega.geo3bcn.csic.es\/news\/","url":"https:\/\/sismovega.geo3bcn.csic.es\/news\/","name":"Not\u00edcies - Geociencias Barcelona (GEO3BCN)","isPartOf":{"@id":"https:\/\/sismovega.geo3bcn.csic.es\/#website"},"primaryImageOfPage":{"@id":"https:\/\/sismovega.geo3bcn.csic.es\/news\/#primaryimage"},"image":{"@id":"https:\/\/sismovega.geo3bcn.csic.es\/news\/#primaryimage"},"thumbnailUrl":"https:\/\/sismovega.geo3bcn.csic.es\/wp-content\/uploads\/2026\/03\/meeting_Olot_1-1.jpg","datePublished":"2025-12-19T09:00:47+00:00","dateModified":"2026-04-07T09:02:59+00:00","breadcrumb":{"@id":"https:\/\/sismovega.geo3bcn.csic.es\/news\/#breadcrumb"},"inLanguage":"ca","potentialAction":[{"@type":"ReadAction","target":["https:\/\/sismovega.geo3bcn.csic.es\/news\/"]}]},{"@type":"ImageObject","inLanguage":"ca","@id":"https:\/\/sismovega.geo3bcn.csic.es\/news\/#primaryimage","url":"https:\/\/sismovega.geo3bcn.csic.es\/wp-content\/uploads\/2026\/03\/meeting_Olot_1-1.jpg","contentUrl":"https:\/\/sismovega.geo3bcn.csic.es\/wp-content\/uploads\/2026\/03\/meeting_Olot_1-1.jpg"},{"@type":"BreadcrumbList","@id":"https:\/\/sismovega.geo3bcn.csic.es\/news\/#breadcrumb","itemListElement":[{"@type":"ListItem","position":1,"name":"Home","item":"https:\/\/sismovega.geo3bcn.csic.es\/ca\/"},{"@type":"ListItem","position":2,"name":"Not\u00edcies"}]},{"@type":"WebSite","@id":"https:\/\/sismovega.geo3bcn.csic.es\/#website","url":"https:\/\/sismovega.geo3bcn.csic.es\/","name":"Geociencias Barcelona (GEO3BCN)","description":"","potentialAction":[{"@type":"SearchAction","target":{"@type":"EntryPoint","urlTemplate":"https:\/\/sismovega.geo3bcn.csic.es\/?s={search_term_string}"},"query-input":{"@type":"PropertyValueSpecification","valueRequired":true,"valueName":"search_term_string"}}],"inLanguage":"ca"}]}},"_links":{"self":[{"href":"https:\/\/sismovega.geo3bcn.csic.es\/ca\/wp-json\/wp\/v2\/pages\/1507","targetHints":{"allow":["GET"]}}],"collection":[{"href":"https:\/\/sismovega.geo3bcn.csic.es\/ca\/wp-json\/wp\/v2\/pages"}],"about":[{"href":"https:\/\/sismovega.geo3bcn.csic.es\/ca\/wp-json\/wp\/v2\/types\/page"}],"author":[{"embeddable":true,"href":"https:\/\/sismovega.geo3bcn.csic.es\/ca\/wp-json\/wp\/v2\/users\/1"}],"replies":[{"embeddable":true,"href":"https:\/\/sismovega.geo3bcn.csic.es\/ca\/wp-json\/wp\/v2\/comments?post=1507"}],"version-history":[{"count":16,"href":"https:\/\/sismovega.geo3bcn.csic.es\/ca\/wp-json\/wp\/v2\/pages\/1507\/revisions"}],"predecessor-version":[{"id":3100,"href":"https:\/\/sismovega.geo3bcn.csic.es\/ca\/wp-json\/wp\/v2\/pages\/1507\/revisions\/3100"}],"wp:attachment":[{"href":"https:\/\/sismovega.geo3bcn.csic.es\/ca\/wp-json\/wp\/v2\/media?parent=1507"}],"curies":[{"name":"wp","href":"https:\/\/api.w.org\/{rel}","templated":true}]}}