{"id":1525,"date":"2025-12-12T11:29:38","date_gmt":"2025-12-12T10:29:38","guid":{"rendered":"https:\/\/sismovega.geo3bcn.csic.es\/sponsors\/"},"modified":"2026-04-07T10:14:49","modified_gmt":"2026-04-07T08:14:49","slug":"patrocinadors","status":"publish","type":"page","link":"https:\/\/sismovega.geo3bcn.csic.es\/ca\/patrocinadors\/","title":{"rendered":"Patrocinadors"},"content":{"rendered":"\t\t<div data-elementor-type=\"wp-page\" data-elementor-id=\"1525\" class=\"elementor elementor-1525 elementor-608\" data-elementor-post-type=\"page\">\n\t\t\t\t<div class=\"elementor-element elementor-element-1231699 e-flex e-con-boxed e-con e-parent\" data-id=\"1231699\" data-element_type=\"container\" data-e-type=\"container\" data-settings=\"{&quot;background_background&quot;:&quot;classic&quot;}\">\n\t\t\t\t\t<div class=\"e-con-inner\">\n\t\t\t\t<div class=\"elementor-element elementor-element-269455b elementor-widget elementor-widget-heading\" data-id=\"269455b\" data-element_type=\"widget\" data-e-type=\"widget\" data-widget_type=\"heading.default\">\n\t\t\t\t\t<h1 class=\"elementor-heading-title elementor-size-default\">Patrocinadors<\/h1>\t\t\t\t<\/div>\n\t\t\t\t<div class=\"elementor-element elementor-element-c8b3ef3 elementor-widget__width-auto elementor-widget-divider--separator-type-pattern elementor-widget-divider--view-line elementor-widget elementor-widget-divider\" data-id=\"c8b3ef3\" data-element_type=\"widget\" data-e-type=\"widget\" data-widget_type=\"divider.default\">\n\t\t\t\t\t\t\t<div class=\"elementor-divider\" style=\"--divider-pattern-url: url(&quot;data:image\/svg+xml,%3Csvg xmlns=&#039;http:\/\/www.w3.org\/2000\/svg&#039; preserveAspectRatio=&#039;none&#039; overflow=&#039;visible&#039; height=&#039;100%&#039; viewBox=&#039;0 0 24 24&#039; fill=&#039;black&#039; stroke=&#039;none&#039;%3E%3Cpolygon points=&#039;9.4,2 24,2 14.6,21.6 0,21.6&#039;\/%3E%3C\/svg%3E&quot;);\">\n\t\t\t<span class=\"elementor-divider-separator\">\n\t\t\t\t\t\t<\/span>\n\t\t<\/div>\n\t\t\t\t\t\t<\/div>\n\t\t\t\t\t<\/div>\n\t\t\t\t<\/div>\n\t\t<div class=\"elementor-element elementor-element-4d3f497 e-flex e-con-boxed e-con e-parent\" data-id=\"4d3f497\" data-element_type=\"container\" data-e-type=\"container\">\n\t\t\t\t\t<div class=\"e-con-inner\">\n\t\t<div class=\"elementor-element elementor-element-f58e787 e-con-full e-flex e-con e-child\" data-id=\"f58e787\" data-element_type=\"container\" data-e-type=\"container\">\n\t\t\t\t<div class=\"elementor-element elementor-element-1c65d96 elementor-widget elementor-widget-text-editor\" data-id=\"1c65d96\" data-element_type=\"widget\" data-e-type=\"widget\" data-widget_type=\"text-editor.default\">\n\t\t\t\t\t\t\t\t\t<p data-path-to-node=\"0\">El projecte SISMOVEGA est\u00e0 subvencionat a trav\u00e9s del programa <b data-path-to-node=\"0\" data-index-in-node=\"62\">Ram\u00f3n y Cajal (RYC2023-043480-I)<\/b> i l\u2019Ajuda d\u2019Excel\u00b7l\u00e8ncia <b data-path-to-node=\"0\" data-index-in-node=\"120\">RyC-MaX (20253MAX006)<\/b>, finan\u00e7ats pel Ministeri de Ci\u00e8ncia, Innovaci\u00f3 i Universitats (<b data-path-to-node=\"0\" data-index-in-node=\"205\">MICIU<\/b>), l\u2019Ag\u00e8ncia Estatal de Recerca (<b data-path-to-node=\"0\" data-index-in-node=\"243\">AEI<\/b>), el Fons Social Europeu Plus (<b data-path-to-node=\"0\" data-index-in-node=\"278\">FSE+<\/b>) i el Consell Superior d&#8217;Investigacions Cient\u00edfiques (<b data-path-to-node=\"0\" data-index-in-node=\"337\">CSIC<\/b>). Aquests programes donen suport a investigadors destacats en la consolidaci\u00f3 de l\u00ednies de recerca de gran impacte amb una forta projecci\u00f3 internacional.<\/p>\t\t\t\t\t\t\t\t<\/div>\n\t\t\t\t<div class=\"elementor-element elementor-element-1a1fa31 elementor-widget elementor-widget-text-editor\" data-id=\"1a1fa31\" data-element_type=\"widget\" data-e-type=\"widget\" data-widget_type=\"text-editor.default\">\n\t\t\t\t\t\t\t\t\t<p data-path-to-node=\"0\">Suport addicional per al projecte i les seves activitats de divulgaci\u00f3 \u00e9s proporcionat per l&#8217;institut de recerca <b data-path-to-node=\"0\" data-index-in-node=\"113\">Geoci\u00e8ncies Barcelona (GEO3BCN\u2013CSIC)<\/b>, el qual ofereix el marc institucional, la infraestructura i l&#8217;entorn col\u00b7laboratiu que fan possible SISMOVEGA.<\/p>\t\t\t\t\t\t\t\t<\/div>\n\t\t\t\t<div class=\"elementor-element elementor-element-6f05e67 elementor-widget elementor-widget-text-editor\" data-id=\"6f05e67\" data-element_type=\"widget\" data-e-type=\"widget\" data-widget_type=\"text-editor.default\">\n\t\t\t\t\t\t\t\t\t<p data-path-to-node=\"0\"><b data-path-to-node=\"0\" data-index-in-node=\"0\">SISMOVEGA<\/b> compta a m\u00e9s amb el suport de la col\u00b7laboraci\u00f3 amb socis del sector privat compromesos amb la innovaci\u00f3 i el desenvolupament territorial. <b data-path-to-node=\"0\" data-index-in-node=\"148\">Elanta<\/b>, <b data-path-to-node=\"0\" data-index-in-node=\"156\">Avatel<\/b> i <b data-path-to-node=\"0\" data-index-in-node=\"165\">Vega Fibra<\/b> proporcionen suport t\u00e8cnic i infraestructura de telecomunicacions i fibra \u00f2ptica, essencials per a l&#8217;experiment <b data-path-to-node=\"0\" data-index-in-node=\"288\">DAS<\/b> i per a la transmissi\u00f3 de dades a tota la comarca del <b data-path-to-node=\"0\" data-index-in-node=\"346\">Baix Segura<\/b>. La seva participaci\u00f3 facilita el desplegament de tecnologies avan\u00e7ades en condicions reals i reflecteix un comprom\u00eds compartit amb la ci\u00e8ncia, la resili\u00e8ncia i el desenvolupament regional.<\/p>\t\t\t\t\t\t\t\t<\/div>\n\t\t\t\t<\/div>\n\t\t\t\t\t<\/div>\n\t\t\t\t<\/div>\n\t\t<div class=\"elementor-element elementor-element-814a8f4 e-flex e-con-boxed e-con e-parent\" data-id=\"814a8f4\" data-element_type=\"container\" data-e-type=\"container\">\n\t\t\t\t\t<div class=\"e-con-inner\">\n\t\t\t\t<div class=\"elementor-element elementor-element-8c78a53 elementor-widget elementor-widget-image-carousel\" data-id=\"8c78a53\" data-element_type=\"widget\" data-e-type=\"widget\" data-settings=\"{&quot;slides_to_show&quot;:&quot;3&quot;,&quot;navigation&quot;:&quot;none&quot;,&quot;lazyload&quot;:&quot;yes&quot;,&quot;autoplay_speed&quot;:0,&quot;speed&quot;:9000,&quot;image_spacing_custom&quot;:{&quot;unit&quot;:&quot;px&quot;,&quot;size&quot;:100,&quot;sizes&quot;:[]},&quot;autoplay&quot;:&quot;yes&quot;,&quot;pause_on_hover&quot;:&quot;yes&quot;,&quot;pause_on_interaction&quot;:&quot;yes&quot;,&quot;infinite&quot;:&quot;yes&quot;,&quot;image_spacing_custom_widescreen&quot;:{&quot;unit&quot;:&quot;px&quot;,&quot;size&quot;:&quot;&quot;,&quot;sizes&quot;:[]},&quot;image_spacing_custom_tablet&quot;:{&quot;unit&quot;:&quot;px&quot;,&quot;size&quot;:&quot;&quot;,&quot;sizes&quot;:[]},&quot;image_spacing_custom_mobile&quot;:{&quot;unit&quot;:&quot;px&quot;,&quot;size&quot;:&quot;&quot;,&quot;sizes&quot;:[]}}\" data-widget_type=\"image-carousel.default\">\n\t\t\t\t\t\t\t<div class=\"elementor-image-carousel-wrapper swiper\" role=\"region\" aria-roledescription=\"carousel\" aria-label=\"Image Carousel\" dir=\"ltr\">\n\t\t\t<div class=\"elementor-image-carousel swiper-wrapper\" aria-live=\"off\">\n\t\t\t\t\t\t\t\t<div class=\"swiper-slide\" role=\"group\" aria-roledescription=\"slide\" aria-label=\"1 de 6\"><figure class=\"swiper-slide-inner\"><img class=\"swiper-slide-image swiper-lazy\" data-src=\"https:\/\/sismovega.geo3bcn.csic.es\/wp-content\/uploads\/2026\/01\/1.jpg\" alt=\"1\" \/><div class=\"swiper-lazy-preloader\"><\/div><\/figure><\/div><div class=\"swiper-slide\" role=\"group\" aria-roledescription=\"slide\" aria-label=\"2 de 6\"><figure class=\"swiper-slide-inner\"><img class=\"swiper-slide-image swiper-lazy\" data-src=\"https:\/\/sismovega.geo3bcn.csic.es\/wp-content\/uploads\/2026\/01\/2-scaled.jpg\" alt=\"2\" \/><div class=\"swiper-lazy-preloader\"><\/div><\/figure><\/div><div class=\"swiper-slide\" role=\"group\" aria-roledescription=\"slide\" aria-label=\"3 de 6\"><figure class=\"swiper-slide-inner\"><img class=\"swiper-slide-image swiper-lazy\" data-src=\"https:\/\/sismovega.geo3bcn.csic.es\/wp-content\/uploads\/2026\/01\/3.jpg\" alt=\"3\" \/><div class=\"swiper-lazy-preloader\"><\/div><\/figure><\/div><div class=\"swiper-slide\" role=\"group\" aria-roledescription=\"slide\" aria-label=\"4 de 6\"><figure class=\"swiper-slide-inner\"><img class=\"swiper-slide-image swiper-lazy\" data-src=\"https:\/\/sismovega.geo3bcn.csic.es\/wp-content\/uploads\/2026\/01\/4.jpg\" alt=\"4\" \/><div class=\"swiper-lazy-preloader\"><\/div><\/figure><\/div><div class=\"swiper-slide\" role=\"group\" aria-roledescription=\"slide\" aria-label=\"5 de 6\"><figure class=\"swiper-slide-inner\"><img class=\"swiper-slide-image swiper-lazy\" data-src=\"https:\/\/sismovega.geo3bcn.csic.es\/wp-content\/uploads\/2026\/01\/5.jpg\" alt=\"5\" \/><div class=\"swiper-lazy-preloader\"><\/div><\/figure><\/div><div class=\"swiper-slide\" role=\"group\" aria-roledescription=\"slide\" aria-label=\"6 de 6\"><figure class=\"swiper-slide-inner\"><img class=\"swiper-slide-image swiper-lazy\" data-src=\"https:\/\/sismovega.geo3bcn.csic.es\/wp-content\/uploads\/2026\/03\/6.jpg\" alt=\"6\" \/><div class=\"swiper-lazy-preloader\"><\/div><\/figure><\/div>\t\t\t<\/div>\n\t\t\t\t\t\t\t\n\t\t\t\t\t\t\t\t\t<\/div>\n\t\t\t\t\t\t<\/div>\n\t\t\t\t\t<\/div>\n\t\t\t\t<\/div>\n\t\t\t\t<\/div>\n\t\t","protected":false},"excerpt":{"rendered":"<p>Patrocinadors El projecte SISMOVEGA est\u00e0 subvencionat a trav\u00e9s del programa Ram\u00f3n y Cajal (RYC2023-043480-I) i l\u2019Ajuda d\u2019Excel\u00b7l\u00e8ncia RyC-MaX (20253MAX006), finan\u00e7ats pel Ministeri de Ci\u00e8ncia, Innovaci\u00f3 i Universitats (MICIU), l\u2019Ag\u00e8ncia Estatal de Recerca (AEI), el Fons Social Europeu Plus (FSE+) i el Consell Superior d&#8217;Investigacions Cient\u00edfiques (CSIC). Aquests programes donen suport a investigadors destacats en la [&hellip;]<\/p>\n","protected":false},"author":1,"featured_media":0,"parent":0,"menu_order":0,"comment_status":"closed","ping_status":"closed","template":"elementor_header_footer","meta":{"_acf_changed":false,"footnotes":""},"class_list":["post-1525","page","type-page","status-publish","hentry"],"acf":[],"yoast_head":"<!-- This site is optimized with the Yoast SEO plugin v27.3 - https:\/\/yoast.com\/product\/yoast-seo-wordpress\/ -->\n<title>Patrocinadors &amp; Strategic Partners | SISMOVEGA<\/title>\n<meta name=\"description\" content=\"Meet the organizations supporting SISMOVEGA. Our sponsors drive innovation in seismic monitoring and community safety in the region.\" \/>\n<meta name=\"robots\" content=\"index, follow, max-snippet:-1, max-image-preview:large, max-video-preview:-1\" \/>\n<link rel=\"canonical\" href=\"https:\/\/sismovega.geo3bcn.csic.es\/sponsors\/\" \/>\n<meta property=\"og:locale\" content=\"ca_ES\" \/>\n<meta property=\"og:type\" content=\"article\" \/>\n<meta property=\"og:title\" content=\"Patrocinadors &amp; Strategic Partners | SISMOVEGA\" \/>\n<meta property=\"og:description\" content=\"Meet the organizations supporting SISMOVEGA. Our sponsors drive innovation in seismic monitoring and community safety in the region.\" \/>\n<meta property=\"og:url\" content=\"https:\/\/sismovega.geo3bcn.csic.es\/sponsors\/\" \/>\n<meta property=\"og:site_name\" content=\"Geociencias Barcelona (GEO3BCN)\" \/>\n<meta property=\"article:modified_time\" content=\"2026-04-07T08:14:49+00:00\" \/>\n<meta property=\"og:image\" content=\"https:\/\/sismovega.geo3bcn.csic.es\/wp-content\/uploads\/2026\/01\/1.jpg\" \/>\n<meta name=\"twitter:card\" content=\"summary_large_image\" \/>\n<meta name=\"twitter:label1\" content=\"Temps estimat de lectura\" \/>\n\t<meta name=\"twitter:data1\" content=\"3 minuts\" \/>\n<script type=\"application\/ld+json\" class=\"yoast-schema-graph\">{\"@context\":\"https:\\\/\\\/schema.org\",\"@graph\":[{\"@type\":\"WebPage\",\"@id\":\"https:\\\/\\\/sismovega.geo3bcn.csic.es\\\/sponsors\\\/\",\"url\":\"https:\\\/\\\/sismovega.geo3bcn.csic.es\\\/sponsors\\\/\",\"name\":\"Patrocinadors & Strategic Partners | SISMOVEGA\",\"isPartOf\":{\"@id\":\"https:\\\/\\\/sismovega.geo3bcn.csic.es\\\/#website\"},\"primaryImageOfPage\":{\"@id\":\"https:\\\/\\\/sismovega.geo3bcn.csic.es\\\/sponsors\\\/#primaryimage\"},\"image\":{\"@id\":\"https:\\\/\\\/sismovega.geo3bcn.csic.es\\\/sponsors\\\/#primaryimage\"},\"thumbnailUrl\":\"https:\\\/\\\/sismovega.geo3bcn.csic.es\\\/wp-content\\\/uploads\\\/2026\\\/01\\\/1.jpg\",\"datePublished\":\"2025-12-12T10:29:38+00:00\",\"dateModified\":\"2026-04-07T08:14:49+00:00\",\"description\":\"Meet the organizations supporting SISMOVEGA. Our sponsors drive innovation in seismic monitoring and community safety in the region.\",\"breadcrumb\":{\"@id\":\"https:\\\/\\\/sismovega.geo3bcn.csic.es\\\/sponsors\\\/#breadcrumb\"},\"inLanguage\":\"ca\",\"potentialAction\":[{\"@type\":\"ReadAction\",\"target\":[\"https:\\\/\\\/sismovega.geo3bcn.csic.es\\\/sponsors\\\/\"]}]},{\"@type\":\"ImageObject\",\"inLanguage\":\"ca\",\"@id\":\"https:\\\/\\\/sismovega.geo3bcn.csic.es\\\/sponsors\\\/#primaryimage\",\"url\":\"https:\\\/\\\/sismovega.geo3bcn.csic.es\\\/wp-content\\\/uploads\\\/2026\\\/01\\\/1.jpg\",\"contentUrl\":\"https:\\\/\\\/sismovega.geo3bcn.csic.es\\\/wp-content\\\/uploads\\\/2026\\\/01\\\/1.jpg\"},{\"@type\":\"BreadcrumbList\",\"@id\":\"https:\\\/\\\/sismovega.geo3bcn.csic.es\\\/sponsors\\\/#breadcrumb\",\"itemListElement\":[{\"@type\":\"ListItem\",\"position\":1,\"name\":\"Home\",\"item\":\"https:\\\/\\\/sismovega.geo3bcn.csic.es\\\/ca\\\/\"},{\"@type\":\"ListItem\",\"position\":2,\"name\":\"Patrocinadors\"}]},{\"@type\":\"WebSite\",\"@id\":\"https:\\\/\\\/sismovega.geo3bcn.csic.es\\\/#website\",\"url\":\"https:\\\/\\\/sismovega.geo3bcn.csic.es\\\/\",\"name\":\"Geociencias Barcelona (GEO3BCN)\",\"description\":\"\",\"potentialAction\":[{\"@type\":\"SearchAction\",\"target\":{\"@type\":\"EntryPoint\",\"urlTemplate\":\"https:\\\/\\\/sismovega.geo3bcn.csic.es\\\/?s={search_term_string}\"},\"query-input\":{\"@type\":\"PropertyValueSpecification\",\"valueRequired\":true,\"valueName\":\"search_term_string\"}}],\"inLanguage\":\"ca\"}]}<\/script>\n<!-- \/ Yoast SEO plugin. -->","yoast_head_json":{"title":"Patrocinadors & Strategic Partners | SISMOVEGA","description":"Meet the organizations supporting SISMOVEGA. Our sponsors drive innovation in seismic monitoring and community safety in the region.","robots":{"index":"index","follow":"follow","max-snippet":"max-snippet:-1","max-image-preview":"max-image-preview:large","max-video-preview":"max-video-preview:-1"},"canonical":"https:\/\/sismovega.geo3bcn.csic.es\/sponsors\/","og_locale":"ca_ES","og_type":"article","og_title":"Patrocinadors & Strategic Partners | SISMOVEGA","og_description":"Meet the organizations supporting SISMOVEGA. Our sponsors drive innovation in seismic monitoring and community safety in the region.","og_url":"https:\/\/sismovega.geo3bcn.csic.es\/sponsors\/","og_site_name":"Geociencias Barcelona (GEO3BCN)","article_modified_time":"2026-04-07T08:14:49+00:00","og_image":[{"url":"https:\/\/sismovega.geo3bcn.csic.es\/wp-content\/uploads\/2026\/01\/1.jpg","type":"","width":"","height":""}],"twitter_card":"summary_large_image","twitter_misc":{"Temps estimat de lectura":"3 minuts"},"schema":{"@context":"https:\/\/schema.org","@graph":[{"@type":"WebPage","@id":"https:\/\/sismovega.geo3bcn.csic.es\/sponsors\/","url":"https:\/\/sismovega.geo3bcn.csic.es\/sponsors\/","name":"Patrocinadors & Strategic Partners | SISMOVEGA","isPartOf":{"@id":"https:\/\/sismovega.geo3bcn.csic.es\/#website"},"primaryImageOfPage":{"@id":"https:\/\/sismovega.geo3bcn.csic.es\/sponsors\/#primaryimage"},"image":{"@id":"https:\/\/sismovega.geo3bcn.csic.es\/sponsors\/#primaryimage"},"thumbnailUrl":"https:\/\/sismovega.geo3bcn.csic.es\/wp-content\/uploads\/2026\/01\/1.jpg","datePublished":"2025-12-12T10:29:38+00:00","dateModified":"2026-04-07T08:14:49+00:00","description":"Meet the organizations supporting SISMOVEGA. Our sponsors drive innovation in seismic monitoring and community safety in the region.","breadcrumb":{"@id":"https:\/\/sismovega.geo3bcn.csic.es\/sponsors\/#breadcrumb"},"inLanguage":"ca","potentialAction":[{"@type":"ReadAction","target":["https:\/\/sismovega.geo3bcn.csic.es\/sponsors\/"]}]},{"@type":"ImageObject","inLanguage":"ca","@id":"https:\/\/sismovega.geo3bcn.csic.es\/sponsors\/#primaryimage","url":"https:\/\/sismovega.geo3bcn.csic.es\/wp-content\/uploads\/2026\/01\/1.jpg","contentUrl":"https:\/\/sismovega.geo3bcn.csic.es\/wp-content\/uploads\/2026\/01\/1.jpg"},{"@type":"BreadcrumbList","@id":"https:\/\/sismovega.geo3bcn.csic.es\/sponsors\/#breadcrumb","itemListElement":[{"@type":"ListItem","position":1,"name":"Home","item":"https:\/\/sismovega.geo3bcn.csic.es\/ca\/"},{"@type":"ListItem","position":2,"name":"Patrocinadors"}]},{"@type":"WebSite","@id":"https:\/\/sismovega.geo3bcn.csic.es\/#website","url":"https:\/\/sismovega.geo3bcn.csic.es\/","name":"Geociencias Barcelona (GEO3BCN)","description":"","potentialAction":[{"@type":"SearchAction","target":{"@type":"EntryPoint","urlTemplate":"https:\/\/sismovega.geo3bcn.csic.es\/?s={search_term_string}"},"query-input":{"@type":"PropertyValueSpecification","valueRequired":true,"valueName":"search_term_string"}}],"inLanguage":"ca"}]}},"_links":{"self":[{"href":"https:\/\/sismovega.geo3bcn.csic.es\/ca\/wp-json\/wp\/v2\/pages\/1525","targetHints":{"allow":["GET"]}}],"collection":[{"href":"https:\/\/sismovega.geo3bcn.csic.es\/ca\/wp-json\/wp\/v2\/pages"}],"about":[{"href":"https:\/\/sismovega.geo3bcn.csic.es\/ca\/wp-json\/wp\/v2\/types\/page"}],"author":[{"embeddable":true,"href":"https:\/\/sismovega.geo3bcn.csic.es\/ca\/wp-json\/wp\/v2\/users\/1"}],"replies":[{"embeddable":true,"href":"https:\/\/sismovega.geo3bcn.csic.es\/ca\/wp-json\/wp\/v2\/comments?post=1525"}],"version-history":[{"count":31,"href":"https:\/\/sismovega.geo3bcn.csic.es\/ca\/wp-json\/wp\/v2\/pages\/1525\/revisions"}],"predecessor-version":[{"id":2964,"href":"https:\/\/sismovega.geo3bcn.csic.es\/ca\/wp-json\/wp\/v2\/pages\/1525\/revisions\/2964"}],"wp:attachment":[{"href":"https:\/\/sismovega.geo3bcn.csic.es\/ca\/wp-json\/wp\/v2\/media?parent=1525"}],"curies":[{"name":"wp","href":"https:\/\/api.w.org\/{rel}","templated":true}]}}