{"id":1699,"date":"2026-02-13T12:07:47","date_gmt":"2026-02-13T11:07:47","guid":{"rendered":"https:\/\/sismovega.geo3bcn.csic.es\/privacy-policy\/"},"modified":"2026-04-07T10:34:57","modified_gmt":"2026-04-07T08:34:57","slug":"politica-de-privacitat","status":"publish","type":"page","link":"https:\/\/sismovega.geo3bcn.csic.es\/ca\/politica-de-privacitat\/","title":{"rendered":"Pol\u00edtica de Privacitat"},"content":{"rendered":"\t\t<div data-elementor-type=\"wp-page\" data-elementor-id=\"1699\" class=\"elementor elementor-1699 elementor-1671\" data-elementor-post-type=\"page\">\n\t\t\t\t<div class=\"elementor-element elementor-element-5d97f8d e-flex e-con-boxed e-con e-parent\" data-id=\"5d97f8d\" data-element_type=\"container\" data-e-type=\"container\">\n\t\t\t\t\t<div class=\"e-con-inner\">\n\t\t\t\t<div class=\"elementor-element elementor-element-99cfe48 elementor-widget elementor-widget-heading\" data-id=\"99cfe48\" data-element_type=\"widget\" data-e-type=\"widget\" data-widget_type=\"heading.default\">\n\t\t\t\t\t<h2 class=\"elementor-heading-title elementor-size-default\">Pol\u00edtica de Privacitat<\/h2>\t\t\t\t<\/div>\n\t\t\t\t<div class=\"elementor-element elementor-element-4b04760 elementor-widget elementor-widget-text-editor\" data-id=\"4b04760\" data-element_type=\"widget\" data-e-type=\"widget\" data-widget_type=\"text-editor.default\">\n\t\t\t\t\t\t\t\t\t<strong>Geosciences Barcelona (GEO3BCN)<\/strong> s&#8217;integra en l&#8217;Ag\u00e8ncia Estatal Consell Superior d&#8217;Investigacions Cient\u00edfiques (CSIC).<br>\nGeosciences Barcelona \u00e9s responsable del tractament de les dades personals sobre els fins i mitjans de les quals decideix i, com a tal, segueix el principi de responsabilitat proactiva per complir amb les obligacions establertes pel Reglament General de Protecci\u00f3 de Dades i la Llei 3\/2018, de 5 de desembre, de Protecci\u00f3 de Dades Personals i garantia dels drets digitals.<br>\nEl seu Delegat de Protecci\u00f3 de Dades, comunicat a l&#8217;AEPD, \u00e9s el del CSIC: <strong>Jos\u00e9 L\u00f3pez Calvo<\/strong> <strong><a href=\"mailto:delegadoprotecciondatos@csic.es\">delegadoprotecciondatos@csic.es<\/a><\/strong><br>\nEn cas que vulguis exercir un dret d&#8217;acc\u00e9s, rectificaci\u00f3, supressi\u00f3, oposici\u00f3 o limitaci\u00f3, aix\u00ed com realitzar qualsevol operaci\u00f3 relacionada amb la gesti\u00f3 de les teves dades personals, pots posar-te en contacte amb el <strong>Dr. T\u00e1rsilo Girona<\/strong> (<strong><a href=\"mailto:tarsilo.girona@csic.es\">tarsilo.girona@csic.es<\/a><\/strong>) o amb el delegat de protecci\u00f3 de dades a trav\u00e9s d&#8217;un dels seg\u00fcents formularis de contacte: <a href=\"#\">enlla\u00e7 al formulari de contacte<\/a>.<br>\nLa normativa tamb\u00e9 requereix que es faci p\u00fablic per mitjans electr\u00f2nics l&#8217;inventari o Registre d&#8217;activitats de tractament del GEO3BCN.<br>\nA trav\u00e9s del seg\u00fcent enlla\u00e7 es pot accedir als corresponents a l&#8217;organitzaci\u00f3 central del CSIC i als corresponents als Centres i Instituts del CSIC: <a href=\"https:\/\/www.csic.es\/es\/el-csic\/transparencia-y-gobierno-abierto\/registro-de-actividades-de-tratamiento\" target=\"_blank\">https:\/\/www.csic.es\/es\/el-csic\/transparencia-y-gobierno-abierto\/registro-de-actividades-de-tratamiento<\/a><br>\nEl de <strong>Geoci\u00e8ncies Barcelona (GEO3BCN)<\/strong> es troba en el d&#8217;Instituts del CSIC.<br>\nGEO3BCN i el CSIC han omplert els restants requeriments existents en mat\u00e8ria de protecci\u00f3 de dades, entre ells la creaci\u00f3 de fluxos interns per a la comunicaci\u00f3 de qualsevol bretxa de seguretat, els corresponents an\u00e0lisis de riscos, amb l&#8217;adopci\u00f3 de les mesures de seguretat pertinents en funci\u00f3 dels detectats, aix\u00ed com la realitzaci\u00f3 d&#8217;estudis d&#8217;\u201cavaluaci\u00f3 d&#8217;impacte sobre la privacitat\u201d en els sup\u00f2sits en qu\u00e8 s&#8217;ha considerat que existeixen riscos, que s&#8217;han detectat principalment vinculats al tractament de dades en el marc d&#8217;alguns projectes d&#8217;investigaci\u00f3.<br>\t\t\t\t\t\t\t\t<\/div>\n\t\t\t\t\t<\/div>\n\t\t\t\t<\/div>\n\t\t\t\t<\/div>\n\t\t","protected":false},"excerpt":{"rendered":"<p>Pol\u00edtica de Privacitat Geosciences Barcelona (GEO3BCN) s&#8217;integra en l&#8217;Ag\u00e8ncia Estatal Consell Superior d&#8217;Investigacions Cient\u00edfiques (CSIC). Geosciences Barcelona \u00e9s responsable del tractament de les dades personals sobre els fins i mitjans de les quals decideix i, com a tal, segueix el principi de responsabilitat proactiva per complir amb les obligacions establertes pel Reglament General de Protecci\u00f3 [&hellip;]<\/p>\n","protected":false},"author":2,"featured_media":0,"parent":0,"menu_order":0,"comment_status":"closed","ping_status":"closed","template":"elementor_header_footer","meta":{"_acf_changed":false,"footnotes":""},"class_list":["post-1699","page","type-page","status-publish","hentry"],"acf":[],"yoast_head":"<!-- This site is optimized with the Yoast SEO plugin v27.3 - https:\/\/yoast.com\/product\/yoast-seo-wordpress\/ -->\n<title>Pol\u00edtica de Privacitat - Geociencias Barcelona (GEO3BCN)<\/title>\n<meta name=\"robots\" content=\"index, follow, max-snippet:-1, max-image-preview:large, max-video-preview:-1\" \/>\n<link rel=\"canonical\" href=\"https:\/\/sismovega.geo3bcn.csic.es\/privacy-policy\/\" \/>\n<meta property=\"og:locale\" content=\"ca_ES\" \/>\n<meta property=\"og:type\" content=\"article\" \/>\n<meta property=\"og:title\" content=\"Pol\u00edtica de Privacitat - Geociencias Barcelona (GEO3BCN)\" \/>\n<meta property=\"og:description\" content=\"Pol\u00edtica de Privacitat Geosciences Barcelona (GEO3BCN) s&#8217;integra en l&#8217;Ag\u00e8ncia Estatal Consell Superior d&#8217;Investigacions Cient\u00edfiques (CSIC). Geosciences Barcelona \u00e9s responsable del tractament de les dades personals sobre els fins i mitjans de les quals decideix i, com a tal, segueix el principi de responsabilitat proactiva per complir amb les obligacions establertes pel Reglament General de Protecci\u00f3 [&hellip;]\" \/>\n<meta property=\"og:url\" content=\"https:\/\/sismovega.geo3bcn.csic.es\/privacy-policy\/\" \/>\n<meta property=\"og:site_name\" content=\"Geociencias Barcelona (GEO3BCN)\" \/>\n<meta property=\"article:modified_time\" content=\"2026-04-07T08:34:57+00:00\" \/>\n<meta name=\"twitter:card\" content=\"summary_large_image\" \/>\n<meta name=\"twitter:label1\" content=\"Temps estimat de lectura\" \/>\n\t<meta name=\"twitter:data1\" content=\"2 minuts\" \/>\n<script type=\"application\/ld+json\" class=\"yoast-schema-graph\">{\"@context\":\"https:\\\/\\\/schema.org\",\"@graph\":[{\"@type\":\"WebPage\",\"@id\":\"https:\\\/\\\/sismovega.geo3bcn.csic.es\\\/privacy-policy\\\/\",\"url\":\"https:\\\/\\\/sismovega.geo3bcn.csic.es\\\/privacy-policy\\\/\",\"name\":\"Pol\u00edtica de Privacitat - Geociencias Barcelona (GEO3BCN)\",\"isPartOf\":{\"@id\":\"https:\\\/\\\/sismovega.geo3bcn.csic.es\\\/#website\"},\"datePublished\":\"2026-02-13T11:07:47+00:00\",\"dateModified\":\"2026-04-07T08:34:57+00:00\",\"breadcrumb\":{\"@id\":\"https:\\\/\\\/sismovega.geo3bcn.csic.es\\\/privacy-policy\\\/#breadcrumb\"},\"inLanguage\":\"ca\",\"potentialAction\":[{\"@type\":\"ReadAction\",\"target\":[\"https:\\\/\\\/sismovega.geo3bcn.csic.es\\\/privacy-policy\\\/\"]}]},{\"@type\":\"BreadcrumbList\",\"@id\":\"https:\\\/\\\/sismovega.geo3bcn.csic.es\\\/privacy-policy\\\/#breadcrumb\",\"itemListElement\":[{\"@type\":\"ListItem\",\"position\":1,\"name\":\"Home\",\"item\":\"https:\\\/\\\/sismovega.geo3bcn.csic.es\\\/ca\\\/\"},{\"@type\":\"ListItem\",\"position\":2,\"name\":\"Pol\u00edtica de Privacitat\"}]},{\"@type\":\"WebSite\",\"@id\":\"https:\\\/\\\/sismovega.geo3bcn.csic.es\\\/#website\",\"url\":\"https:\\\/\\\/sismovega.geo3bcn.csic.es\\\/\",\"name\":\"Geociencias Barcelona (GEO3BCN)\",\"description\":\"\",\"potentialAction\":[{\"@type\":\"SearchAction\",\"target\":{\"@type\":\"EntryPoint\",\"urlTemplate\":\"https:\\\/\\\/sismovega.geo3bcn.csic.es\\\/?s={search_term_string}\"},\"query-input\":{\"@type\":\"PropertyValueSpecification\",\"valueRequired\":true,\"valueName\":\"search_term_string\"}}],\"inLanguage\":\"ca\"}]}<\/script>\n<!-- \/ Yoast SEO plugin. -->","yoast_head_json":{"title":"Pol\u00edtica de Privacitat - Geociencias Barcelona (GEO3BCN)","robots":{"index":"index","follow":"follow","max-snippet":"max-snippet:-1","max-image-preview":"max-image-preview:large","max-video-preview":"max-video-preview:-1"},"canonical":"https:\/\/sismovega.geo3bcn.csic.es\/privacy-policy\/","og_locale":"ca_ES","og_type":"article","og_title":"Pol\u00edtica de Privacitat - Geociencias Barcelona (GEO3BCN)","og_description":"Pol\u00edtica de Privacitat Geosciences Barcelona (GEO3BCN) s&#8217;integra en l&#8217;Ag\u00e8ncia Estatal Consell Superior d&#8217;Investigacions Cient\u00edfiques (CSIC). Geosciences Barcelona \u00e9s responsable del tractament de les dades personals sobre els fins i mitjans de les quals decideix i, com a tal, segueix el principi de responsabilitat proactiva per complir amb les obligacions establertes pel Reglament General de Protecci\u00f3 [&hellip;]","og_url":"https:\/\/sismovega.geo3bcn.csic.es\/privacy-policy\/","og_site_name":"Geociencias Barcelona (GEO3BCN)","article_modified_time":"2026-04-07T08:34:57+00:00","twitter_card":"summary_large_image","twitter_misc":{"Temps estimat de lectura":"2 minuts"},"schema":{"@context":"https:\/\/schema.org","@graph":[{"@type":"WebPage","@id":"https:\/\/sismovega.geo3bcn.csic.es\/privacy-policy\/","url":"https:\/\/sismovega.geo3bcn.csic.es\/privacy-policy\/","name":"Pol\u00edtica de Privacitat - Geociencias Barcelona (GEO3BCN)","isPartOf":{"@id":"https:\/\/sismovega.geo3bcn.csic.es\/#website"},"datePublished":"2026-02-13T11:07:47+00:00","dateModified":"2026-04-07T08:34:57+00:00","breadcrumb":{"@id":"https:\/\/sismovega.geo3bcn.csic.es\/privacy-policy\/#breadcrumb"},"inLanguage":"ca","potentialAction":[{"@type":"ReadAction","target":["https:\/\/sismovega.geo3bcn.csic.es\/privacy-policy\/"]}]},{"@type":"BreadcrumbList","@id":"https:\/\/sismovega.geo3bcn.csic.es\/privacy-policy\/#breadcrumb","itemListElement":[{"@type":"ListItem","position":1,"name":"Home","item":"https:\/\/sismovega.geo3bcn.csic.es\/ca\/"},{"@type":"ListItem","position":2,"name":"Pol\u00edtica de Privacitat"}]},{"@type":"WebSite","@id":"https:\/\/sismovega.geo3bcn.csic.es\/#website","url":"https:\/\/sismovega.geo3bcn.csic.es\/","name":"Geociencias Barcelona (GEO3BCN)","description":"","potentialAction":[{"@type":"SearchAction","target":{"@type":"EntryPoint","urlTemplate":"https:\/\/sismovega.geo3bcn.csic.es\/?s={search_term_string}"},"query-input":{"@type":"PropertyValueSpecification","valueRequired":true,"valueName":"search_term_string"}}],"inLanguage":"ca"}]}},"_links":{"self":[{"href":"https:\/\/sismovega.geo3bcn.csic.es\/ca\/wp-json\/wp\/v2\/pages\/1699","targetHints":{"allow":["GET"]}}],"collection":[{"href":"https:\/\/sismovega.geo3bcn.csic.es\/ca\/wp-json\/wp\/v2\/pages"}],"about":[{"href":"https:\/\/sismovega.geo3bcn.csic.es\/ca\/wp-json\/wp\/v2\/types\/page"}],"author":[{"embeddable":true,"href":"https:\/\/sismovega.geo3bcn.csic.es\/ca\/wp-json\/wp\/v2\/users\/2"}],"replies":[{"embeddable":true,"href":"https:\/\/sismovega.geo3bcn.csic.es\/ca\/wp-json\/wp\/v2\/comments?post=1699"}],"version-history":[{"count":10,"href":"https:\/\/sismovega.geo3bcn.csic.es\/ca\/wp-json\/wp\/v2\/pages\/1699\/revisions"}],"predecessor-version":[{"id":3014,"href":"https:\/\/sismovega.geo3bcn.csic.es\/ca\/wp-json\/wp\/v2\/pages\/1699\/revisions\/3014"}],"wp:attachment":[{"href":"https:\/\/sismovega.geo3bcn.csic.es\/ca\/wp-json\/wp\/v2\/media?parent=1699"}],"curies":[{"name":"wp","href":"https:\/\/api.w.org\/{rel}","templated":true}]}}