{"id":1707,"date":"2026-02-13T12:03:24","date_gmt":"2026-02-13T11:03:24","guid":{"rendered":"https:\/\/sismovega.geo3bcn.csic.es\/cookies-policy\/"},"modified":"2026-04-07T10:36:17","modified_gmt":"2026-04-07T08:36:17","slug":"politica-de-cookies","status":"publish","type":"page","link":"https:\/\/sismovega.geo3bcn.csic.es\/ca\/politica-de-cookies\/","title":{"rendered":"Pol\u00edtica de Cookies"},"content":{"rendered":"\t\t<div data-elementor-type=\"wp-page\" data-elementor-id=\"1707\" class=\"elementor elementor-1707 elementor-1658\" data-elementor-post-type=\"page\">\n\t\t\t\t<div class=\"elementor-element elementor-element-dc59ab2 e-flex e-con-boxed e-con e-parent\" data-id=\"dc59ab2\" data-element_type=\"container\" data-e-type=\"container\">\n\t\t\t\t\t<div class=\"e-con-inner\">\n\t\t\t\t<div class=\"elementor-element elementor-element-a5ce5a7 elementor-widget elementor-widget-heading\" data-id=\"a5ce5a7\" data-element_type=\"widget\" data-e-type=\"widget\" data-widget_type=\"heading.default\">\n\t\t\t\t\t<h2 class=\"elementor-heading-title elementor-size-default\">Pol\u00edtica de Cookies<\/h2>\t\t\t\t<\/div>\n\t\t\t\t<div class=\"elementor-element elementor-element-a2b1b45 elementor-widget elementor-widget-text-editor\" data-id=\"a2b1b45\" data-element_type=\"widget\" data-e-type=\"widget\" data-widget_type=\"text-editor.default\">\n\t\t\t\t\t\t\t\t\t<p><strong>Geoci\u00e8ncies Barcelona (GEO3BCN-CSIC)<\/strong>,<br \/>pertanyent a l&#8217;Ag\u00e8ncia Estatal del Consell Superior d&#8217;Investigacions Cient\u00edfiques (CSIC), informa sobre l&#8217;\u00fas de cookies a les seves p\u00e0gines web.<br \/>Les cookies s\u00f3n fitxers que es poden descarregar al teu ordinador a trav\u00e9s de p\u00e0gines web. S\u00f3n eines que tenen un paper essencial en la prestaci\u00f3 de nombrosos serveis de la societat de la informaci\u00f3. Entre altres funcions, permeten que una p\u00e0gina web emmagatzemi i recuperi informaci\u00f3 sobre els h\u00e0bits de navegaci\u00f3 d&#8217;un usuari o del seu ordinador i, segons la informaci\u00f3 obtinguda, es poden utilitzar per recon\u00e8ixer l&#8217;usuari i millorar el servei ofert.<br \/><br \/><strong>Tipus de cookies<\/strong><\/p><ul style=\"list-style-type: circle;\"><li><strong>Cookies pr\u00f2pies:<\/strong> Gestionades per l&#8217;entitat propiet\u00e0ria del domini des del qual s&#8217;envien les cookies i es processen les dades obtingudes.<\/li><li><strong>Cookies de sessi\u00f3:<\/strong> Cookies temporals que romanen al fitxer de cookies del navegador fins que l&#8217;usuari abandona el lloc web, i s\u00f3n essencials per al seu funcionament correcte.<\/li><li><strong>Cookies persistents:<\/strong> Cookies que romanen emmagatzemades al dispositiu de l&#8217;usuari fins i tot despr\u00e9s de sortir del lloc web, amb una data de venciment definida.<\/li><li><strong>Cookies t\u00e8cniques:<\/strong> Utilitzades per al funcionament correcte del lloc web i per proporcionar els serveis sol\u00b7licitats per l&#8217;usuari.<\/li><li><strong>Cookies de personalitzaci\u00f3:<\/strong> Permeten que el lloc web recordi les prefer\u00e8ncies i configuracions de l&#8217;usuari (per exemple, idioma, mida de font, etc.).<\/li><li><strong>Cookies d&#8217;an\u00e0lisi:<\/strong> Utilitzades per recopilar informaci\u00f3 sobre l&#8217;\u00fas del lloc web i ajudar a comprendre com interactuen els visitants amb el lloc.<\/li><li><strong>Cookies publicit\u00e0ries:<\/strong> Utilitzades per mostrar anuncis rellevants per als interessos de l&#8217;usuari.<\/li><li><strong>Cookies de publicitat comportamental:<\/strong> Seguiment d&#8217;usuaris en diferents llocs web per crear un perfil dels seus interessos i mostrar-los anuncis dirigits.<\/li><\/ul><p>Per obtenir m\u00e9s informaci\u00f3, pots consultar la <strong>\u00abGuia sobre l&#8217;\u00fas de cookies\u00bb<\/strong> de l&#8217;Ag\u00e8ncia Espanyola de Protecci\u00f3 de Dades.<br \/><br \/><strong>Cookies utilitzades al web<\/strong><br \/><strong>Google Analytics:<\/strong> El lloc web de GEO3BCN-CSIC utilitza Google Analytics, una eina per analitzar llocs web i aplicacions que ajuda a comprendre com interactuen els visitants amb el lloc. Recopila informaci\u00f3 de forma an\u00f2nima i proporciona estad\u00edstiques d&#8217;\u00fas sense identificar personalment els visitants de Google. Per obtenir m\u00e9s informaci\u00f3, pots consultar les <strong>pol\u00edtiques de cookies i privadesa de Google Analytics<\/strong>.<br \/><strong>Cookies espec\u00edfiques de la plataforma:<\/strong> El lloc web utilitza cookies per al seu funcionament correcte, com ara <strong>SERVERID<\/strong>, <strong>cookiesession1<\/strong> i un identificador num\u00e8ric.<br \/><strong>cookieAcceptanceCookie:<\/strong> Aquesta cookie t\u00e8cnica gestiona el consentiment de l&#8217;usuari per a l&#8217;\u00fas de cookies al lloc web. \u00c9s una cookie de sessi\u00f3 que recorda els usuaris que han acceptat o rebutjat les cookies, de manera que aquells que les hagin acceptat no tornaran a veure la informaci\u00f3 a la part superior de la p\u00e0gina.<br \/><br \/><strong>Acceptaci\u00f3 de la pol\u00edtica de cookies:<\/strong><br \/><strong>GEO3BCN-CSIC<\/strong> assumeix que acceptes l&#8217;\u00fas de cookies. No obstant aix\u00f2, la informaci\u00f3 sobre la pol\u00edtica de cookies es mostrar\u00e0 a la part superior de qualsevol p\u00e0gina del portal perqu\u00e8 en siguis conscient.<br \/><strong>Accions que pots prendre:<\/strong><\/p><ul style=\"list-style-type: circle;\"><li><strong>Acceptar cookies:<\/strong> En fer clic al bot\u00f3 d&#8217;acceptaci\u00f3, no tornar\u00e0s a veure aquest av\u00eds en accedir a qualsevol p\u00e0gina del portal.<\/li><li><strong>Revisar la pol\u00edtica de cookies:<\/strong> Pots accedir a la p\u00e0gina actual on es detalla l&#8217;\u00fas de cookies i trobar enlla\u00e7os per modificar la configuraci\u00f3 del navegador.<\/li><\/ul><p><br \/><strong>Com modificar la configuraci\u00f3 de cookies:<\/strong><br \/>Pots restringir, bloquejar o eliminar cookies de l&#8217;Institut de Ci\u00e8ncies de la Terra de Barcelona (GEO3BCN-CSIC), de l&#8217;Ag\u00e8ncia Estatal del Consell Superior d&#8217;Investigacions Cient\u00edfiques (CSIC) o de qualsevol altre lloc web utilitzant el teu navegador. La funci\u00f3 <strong>\u00abAjuda\u00bb<\/strong> del teu navegador t&#8217;ensenyar\u00e0 com fer-ho per a:<\/p><ul style=\"list-style-type: circle;\"><li><a href=\"https:\/\/support.mozilla.org\/ca\/kb\/activa-i-desactiva-les-galetes-que-les-pagines-web\" target=\"_blank\" rel=\"noopener\">FireFox<\/a><\/li><li><a href=\"https:\/\/support.google.com\/chrome\/answer\/95647?hl=es\" target=\"_blank\" rel=\"noopener\">Chrome<\/a><\/li><li><a href=\"https:\/\/support.apple.com\/ca-es\/guide\/safari\/sfri11471\/mac\" target=\"_blank\" rel=\"noopener\">Safari<\/a><\/li><\/ul>\t\t\t\t\t\t\t\t<\/div>\n\t\t\t\t\t<\/div>\n\t\t\t\t<\/div>\n\t\t\t\t<\/div>\n\t\t","protected":false},"excerpt":{"rendered":"<p>Pol\u00edtica de Cookies Geoci\u00e8ncies Barcelona (GEO3BCN-CSIC),pertanyent a l&#8217;Ag\u00e8ncia Estatal del Consell Superior d&#8217;Investigacions Cient\u00edfiques (CSIC), informa sobre l&#8217;\u00fas de cookies a les seves p\u00e0gines web.Les cookies s\u00f3n fitxers que es poden descarregar al teu ordinador a trav\u00e9s de p\u00e0gines web. S\u00f3n eines que tenen un paper essencial en la prestaci\u00f3 de nombrosos serveis de la [&hellip;]<\/p>\n","protected":false},"author":2,"featured_media":0,"parent":0,"menu_order":0,"comment_status":"closed","ping_status":"closed","template":"elementor_header_footer","meta":{"_acf_changed":false,"footnotes":""},"class_list":["post-1707","page","type-page","status-publish","hentry"],"acf":[],"yoast_head":"<!-- This site is optimized with the Yoast SEO plugin v27.3 - https:\/\/yoast.com\/product\/yoast-seo-wordpress\/ -->\n<title>Pol\u00edtica de Cookies - Geociencias Barcelona (GEO3BCN)<\/title>\n<meta name=\"robots\" content=\"index, follow, max-snippet:-1, max-image-preview:large, max-video-preview:-1\" \/>\n<link rel=\"canonical\" href=\"https:\/\/sismovega.geo3bcn.csic.es\/cookies-policy\/\" \/>\n<meta property=\"og:locale\" content=\"ca_ES\" \/>\n<meta property=\"og:type\" content=\"article\" \/>\n<meta property=\"og:title\" content=\"Pol\u00edtica de Cookies - Geociencias Barcelona (GEO3BCN)\" \/>\n<meta property=\"og:description\" content=\"Pol\u00edtica de Cookies Geoci\u00e8ncies Barcelona (GEO3BCN-CSIC),pertanyent a l&#8217;Ag\u00e8ncia Estatal del Consell Superior d&#8217;Investigacions Cient\u00edfiques (CSIC), informa sobre l&#8217;\u00fas de cookies a les seves p\u00e0gines web.Les cookies s\u00f3n fitxers que es poden descarregar al teu ordinador a trav\u00e9s de p\u00e0gines web. S\u00f3n eines que tenen un paper essencial en la prestaci\u00f3 de nombrosos serveis de la [&hellip;]\" \/>\n<meta property=\"og:url\" content=\"https:\/\/sismovega.geo3bcn.csic.es\/cookies-policy\/\" \/>\n<meta property=\"og:site_name\" content=\"Geociencias Barcelona (GEO3BCN)\" \/>\n<meta property=\"article:modified_time\" content=\"2026-04-07T08:36:17+00:00\" \/>\n<meta name=\"twitter:card\" content=\"summary_large_image\" \/>\n<meta name=\"twitter:label1\" content=\"Temps estimat de lectura\" \/>\n\t<meta name=\"twitter:data1\" content=\"4 minuts\" \/>\n<script type=\"application\/ld+json\" class=\"yoast-schema-graph\">{\"@context\":\"https:\\\/\\\/schema.org\",\"@graph\":[{\"@type\":\"WebPage\",\"@id\":\"https:\\\/\\\/sismovega.geo3bcn.csic.es\\\/cookies-policy\\\/\",\"url\":\"https:\\\/\\\/sismovega.geo3bcn.csic.es\\\/cookies-policy\\\/\",\"name\":\"Pol\u00edtica de Cookies - Geociencias Barcelona (GEO3BCN)\",\"isPartOf\":{\"@id\":\"https:\\\/\\\/sismovega.geo3bcn.csic.es\\\/#website\"},\"datePublished\":\"2026-02-13T11:03:24+00:00\",\"dateModified\":\"2026-04-07T08:36:17+00:00\",\"breadcrumb\":{\"@id\":\"https:\\\/\\\/sismovega.geo3bcn.csic.es\\\/cookies-policy\\\/#breadcrumb\"},\"inLanguage\":\"ca\",\"potentialAction\":[{\"@type\":\"ReadAction\",\"target\":[\"https:\\\/\\\/sismovega.geo3bcn.csic.es\\\/cookies-policy\\\/\"]}]},{\"@type\":\"BreadcrumbList\",\"@id\":\"https:\\\/\\\/sismovega.geo3bcn.csic.es\\\/cookies-policy\\\/#breadcrumb\",\"itemListElement\":[{\"@type\":\"ListItem\",\"position\":1,\"name\":\"Home\",\"item\":\"https:\\\/\\\/sismovega.geo3bcn.csic.es\\\/ca\\\/\"},{\"@type\":\"ListItem\",\"position\":2,\"name\":\"Pol\u00edtica de Cookies\"}]},{\"@type\":\"WebSite\",\"@id\":\"https:\\\/\\\/sismovega.geo3bcn.csic.es\\\/#website\",\"url\":\"https:\\\/\\\/sismovega.geo3bcn.csic.es\\\/\",\"name\":\"Geociencias Barcelona (GEO3BCN)\",\"description\":\"\",\"potentialAction\":[{\"@type\":\"SearchAction\",\"target\":{\"@type\":\"EntryPoint\",\"urlTemplate\":\"https:\\\/\\\/sismovega.geo3bcn.csic.es\\\/?s={search_term_string}\"},\"query-input\":{\"@type\":\"PropertyValueSpecification\",\"valueRequired\":true,\"valueName\":\"search_term_string\"}}],\"inLanguage\":\"ca\"}]}<\/script>\n<!-- \/ Yoast SEO plugin. -->","yoast_head_json":{"title":"Pol\u00edtica de Cookies - Geociencias Barcelona (GEO3BCN)","robots":{"index":"index","follow":"follow","max-snippet":"max-snippet:-1","max-image-preview":"max-image-preview:large","max-video-preview":"max-video-preview:-1"},"canonical":"https:\/\/sismovega.geo3bcn.csic.es\/cookies-policy\/","og_locale":"ca_ES","og_type":"article","og_title":"Pol\u00edtica de Cookies - Geociencias Barcelona (GEO3BCN)","og_description":"Pol\u00edtica de Cookies Geoci\u00e8ncies Barcelona (GEO3BCN-CSIC),pertanyent a l&#8217;Ag\u00e8ncia Estatal del Consell Superior d&#8217;Investigacions Cient\u00edfiques (CSIC), informa sobre l&#8217;\u00fas de cookies a les seves p\u00e0gines web.Les cookies s\u00f3n fitxers que es poden descarregar al teu ordinador a trav\u00e9s de p\u00e0gines web. S\u00f3n eines que tenen un paper essencial en la prestaci\u00f3 de nombrosos serveis de la [&hellip;]","og_url":"https:\/\/sismovega.geo3bcn.csic.es\/cookies-policy\/","og_site_name":"Geociencias Barcelona (GEO3BCN)","article_modified_time":"2026-04-07T08:36:17+00:00","twitter_card":"summary_large_image","twitter_misc":{"Temps estimat de lectura":"4 minuts"},"schema":{"@context":"https:\/\/schema.org","@graph":[{"@type":"WebPage","@id":"https:\/\/sismovega.geo3bcn.csic.es\/cookies-policy\/","url":"https:\/\/sismovega.geo3bcn.csic.es\/cookies-policy\/","name":"Pol\u00edtica de Cookies - Geociencias Barcelona (GEO3BCN)","isPartOf":{"@id":"https:\/\/sismovega.geo3bcn.csic.es\/#website"},"datePublished":"2026-02-13T11:03:24+00:00","dateModified":"2026-04-07T08:36:17+00:00","breadcrumb":{"@id":"https:\/\/sismovega.geo3bcn.csic.es\/cookies-policy\/#breadcrumb"},"inLanguage":"ca","potentialAction":[{"@type":"ReadAction","target":["https:\/\/sismovega.geo3bcn.csic.es\/cookies-policy\/"]}]},{"@type":"BreadcrumbList","@id":"https:\/\/sismovega.geo3bcn.csic.es\/cookies-policy\/#breadcrumb","itemListElement":[{"@type":"ListItem","position":1,"name":"Home","item":"https:\/\/sismovega.geo3bcn.csic.es\/ca\/"},{"@type":"ListItem","position":2,"name":"Pol\u00edtica de Cookies"}]},{"@type":"WebSite","@id":"https:\/\/sismovega.geo3bcn.csic.es\/#website","url":"https:\/\/sismovega.geo3bcn.csic.es\/","name":"Geociencias Barcelona (GEO3BCN)","description":"","potentialAction":[{"@type":"SearchAction","target":{"@type":"EntryPoint","urlTemplate":"https:\/\/sismovega.geo3bcn.csic.es\/?s={search_term_string}"},"query-input":{"@type":"PropertyValueSpecification","valueRequired":true,"valueName":"search_term_string"}}],"inLanguage":"ca"}]}},"_links":{"self":[{"href":"https:\/\/sismovega.geo3bcn.csic.es\/ca\/wp-json\/wp\/v2\/pages\/1707","targetHints":{"allow":["GET"]}}],"collection":[{"href":"https:\/\/sismovega.geo3bcn.csic.es\/ca\/wp-json\/wp\/v2\/pages"}],"about":[{"href":"https:\/\/sismovega.geo3bcn.csic.es\/ca\/wp-json\/wp\/v2\/types\/page"}],"author":[{"embeddable":true,"href":"https:\/\/sismovega.geo3bcn.csic.es\/ca\/wp-json\/wp\/v2\/users\/2"}],"replies":[{"embeddable":true,"href":"https:\/\/sismovega.geo3bcn.csic.es\/ca\/wp-json\/wp\/v2\/comments?post=1707"}],"version-history":[{"count":15,"href":"https:\/\/sismovega.geo3bcn.csic.es\/ca\/wp-json\/wp\/v2\/pages\/1707\/revisions"}],"predecessor-version":[{"id":3026,"href":"https:\/\/sismovega.geo3bcn.csic.es\/ca\/wp-json\/wp\/v2\/pages\/1707\/revisions\/3026"}],"wp:attachment":[{"href":"https:\/\/sismovega.geo3bcn.csic.es\/ca\/wp-json\/wp\/v2\/media?parent=1707"}],"curies":[{"name":"wp","href":"https:\/\/api.w.org\/{rel}","templated":true}]}}