{"id":1714,"date":"2026-02-13T11:56:02","date_gmt":"2026-02-13T10:56:02","guid":{"rendered":"https:\/\/sismovega.geo3bcn.csic.es\/legal-notice\/"},"modified":"2026-04-07T10:32:50","modified_gmt":"2026-04-07T08:32:50","slug":"avis-legal","status":"publish","type":"page","link":"https:\/\/sismovega.geo3bcn.csic.es\/ca\/avis-legal\/","title":{"rendered":"Av\u00eds Legal"},"content":{"rendered":"\t\t<div data-elementor-type=\"wp-page\" data-elementor-id=\"1714\" class=\"elementor elementor-1714 elementor-1648\" data-elementor-post-type=\"page\">\n\t\t\t\t<div class=\"elementor-element elementor-element-2ecae4e e-flex e-con-boxed e-con e-parent\" data-id=\"2ecae4e\" data-element_type=\"container\" data-e-type=\"container\">\n\t\t\t\t\t<div class=\"e-con-inner\">\n\t\t\t\t<div class=\"elementor-element elementor-element-a42b227 elementor-widget elementor-widget-heading\" data-id=\"a42b227\" data-element_type=\"widget\" data-e-type=\"widget\" data-widget_type=\"heading.default\">\n\t\t\t\t\t<h2 class=\"elementor-heading-title elementor-size-default\">Av\u00eds Legal<\/h2>\t\t\t\t<\/div>\n\t\t\t\t<div class=\"elementor-element elementor-element-b77fdac elementor-widget elementor-widget-text-editor\" data-id=\"b77fdac\" data-element_type=\"widget\" data-e-type=\"widget\" data-widget_type=\"text-editor.default\">\n\t\t\t\t\t\t\t\t\t<strong>Condicions generals d&#8217;\u00fas del portal<\/strong><br>\n<strong>www.geo3bcn.csic.es<\/strong><br>\nL&#8217;institut Geoci\u00e8ncies Barcelona del Consell Superior d&#8217;Investigacions Cient\u00edfiques (GEO3BCN-CSIC), us informa que l&#8217;acc\u00e9s i \u00fas de la p\u00e0gina web www.geo3bcn.csic.es i tots els subdominis i directoris inclosos sota la mateixa (en endavant, conjuntament denominats com el Portal) estan subjectes als termes que es detallen en aquest Av\u00eds Legal, sense perjudici que l&#8217;acc\u00e9s a algun d&#8217;aquests serveis o continguts pogu\u00e9s requerir l&#8217;acceptaci\u00f3 d&#8217;unes Condicions Generals addicionals.<br>\nGEO3BCN-CSIC es reserva el dret a realitzar canvis al Portal sense previ av\u00eds, amb l&#8217;objectiu d&#8217;actualitzar, corregir, modificar, afegir o eliminar els continguts o el disseny. At\u00e8s que l&#8217;actualitzaci\u00f3 de la informaci\u00f3 no \u00e9s immediata, us suggerim que comproveu sempre la vig\u00e8ncia i exactitud de la informaci\u00f3, serveis i continguts presentats. Aix\u00ed mateix, les condicions i termes que es recullen en el present Av\u00eds poden variar, per la qual cosa us convidem a revisar aquests termes quan visiteu de nou el Portal.<br>\nGEO3BCN-CSIC no es fa responsable dels danys i perjudicis que pogu\u00e9s ocasionar la utilitzaci\u00f3 de les eines i informacions contingudes a www.csic.es o www.geo3bcn.csic.es en relaci\u00f3 amb l&#8217;adopci\u00f3 de decisions sobre l&#8217;inici, desenvolupament o resultat de procediments administratius. Aquestes decisions han de ser contrastades en els centres, organismes o depend\u00e8ncies competents. En qualsevol cas, la informaci\u00f3 i continguts d&#8217;aquesta web no podran ser al\u00b7legats en processos contradictoris amb l&#8217;Administraci\u00f3 P\u00fablica, no assumint cap responsabilitat per les discrep\u00e0ncies que poguessin existir entre els documents impresos de l&#8217;Administraci\u00f3 competent i la publicaci\u00f3 electr\u00f2nica en aquestes p\u00e0gines.<br>\n<br>\n<strong>Drets de propietat intel\u00b7lectual i de propietat industrial<\/strong><br>\nTant el disseny del Portal i els seus codis font, com els logotips, marques i altres signes distintius que hi apareixen, pertanyen a GEO3BCN-CSIC o entitats col\u00b7laboradores i estan protegits pels corresponents drets de propietat intel\u00b7lectual i industrial.<br>\nLa informaci\u00f3 disponible en aquest lloc web, llevat que s&#8217;indiqui expressament el contrari, \u00e9s susceptible de reutilitzaci\u00f3; quedant autoritzada la seva reproducci\u00f3 total o parcial, modificaci\u00f3, distribuci\u00f3 i comunicaci\u00f3, per a usos comercials i no comercials, amb subjecci\u00f3 a les seg\u00fcents condicions:<br>\n<ul style=\"list-style-type: circle;\">\n    <li>Queda prohibida, en qualsevol circumst\u00e0ncia, la desnaturalitzaci\u00f3 del contingut de la informaci\u00f3.<\/li>\n    <li>L&#8217;usuari queda obligat a citar la font dels documents objecte de la reutilitzaci\u00f3.<\/li>\n    <li>L&#8217;usuari queda obligat a esmentar la data de l&#8217;\u00faltima actualitzaci\u00f3 dels documents objecte de la reutilitzaci\u00f3.<\/li>\n<\/ul>\nGEO3BCN-CSIC declara el seu respecte als drets de propietat intel\u00b7lectual i industrial de tercers; per aix\u00f2, si considereu que aquest lloc pogu\u00e9s estar violant els vostres drets, us preguem que us poseu en contacte amb <strong>gerencia.geo3bcn@csic.es<\/strong>.<br>\n<br>\n<strong>Links o hiperenlla\u00e7os<\/strong><br>\nEls usuaris que es proposin establir un hiperenlla\u00e7 entre la seva p\u00e0gina web i la del CSIC hauran de tenir en compte el seg\u00fcent:<br>\n<ul style=\"list-style-type: circle;\">\n    <li>L&#8217;establiment de l&#8217;hiperenlla\u00e7 no implica, en cap cas, l&#8217;exist\u00e8ncia de relacions entre el GEO3BCN-CSIC i el propietari de la p\u00e0gina web, ni l&#8217;acceptaci\u00f3 i aprovaci\u00f3 per part del CSIC dels seus continguts o serveis. Per tant, no es declarar\u00e0 ni es donar\u00e0 a entendre que el GEO3BCN-CSIC ha autoritzat expressament l&#8217;hiperenlla\u00e7, ni que ha supervisat o assumit els continguts i serveis oferts o posats a disposici\u00f3 en aquesta p\u00e0gina web.<\/li>\n    <li>GEO3BCN-SIC no es responsabilitza, de cap manera, ni garanteix la qualitat, exactitud, fiabilitat, correcci\u00f3 o moralitat de continguts o serveis que l&#8217;establiment de l&#8217;hiperenlla\u00e7 pugui oferir. L&#8217;usuari assumeix sota la seva exclusiva responsabilitat les conseq\u00fc\u00e8ncies, danys o accions que es poguessin derivar de l&#8217;acc\u00e9s a la p\u00e0gina web de l&#8217;hiperenlla\u00e7.<\/li>\n    <li>La p\u00e0gina web on s&#8217;estableixi l&#8217;hiperenlla\u00e7 no podr\u00e0 contenir cap marca, denominaci\u00f3, logotip, esl\u00f2gan o altres signes distintius pertanyents al CSIC, excepte aquells signes que formin part del mateix hiperenlla\u00e7.<\/li>\n    <li>La p\u00e0gina web on s&#8217;estableixi l&#8217;hiperenlla\u00e7 no contindr\u00e0 informacions amb continguts il\u00b7l\u00edcits, contraris a la moral i als bons costums generalment acceptats i a l&#8217;ordre p\u00fablic, aix\u00ed com tampoc contindr\u00e0 continguts contraris a drets de tercers.<\/li>\n<\/ul>\n<br>\n<strong>Frames<\/strong><br>\nEl CSIC prohibeix expressament la realitzaci\u00f3 de \u201cframings\u201d o la utilitzaci\u00f3 per part de tercers de qualsevol altre mecanisme que alteri el disseny, configuraci\u00f3 original o continguts del seu Portal.<br>\n<br>\n<strong>Privadesa<\/strong><br>\nD&#8217;acord amb la Llei Org\u00e0nica 3\/2018, de 5 de desembre, de Protecci\u00f3 de Dades Personals i garantia dels drets digitals (LOPDGDD), el Reglament General de Protecci\u00f3 de Dades (RGPD) i legislaci\u00f3 concordant, GEO3BCN-CSIC es compromet al compliment de l&#8217;obligaci\u00f3 de secret respecte a les dades de car\u00e0cter personal i al deure de tractar-les amb confidencialitat despr\u00e9s de la realitzaci\u00f3 dels an\u00e0lisis de riscos corresponents, en especial, d&#8217;acord amb la Disposici\u00f3 addicional primera de la LOPDGDD, les mesures de seguretat que corresponguin de les previstes en l&#8217;Esquema Nacional de Seguretat necess\u00e0ries per evitar-ne l&#8217;alteraci\u00f3, p\u00e8rdua, tractament o acc\u00e9s no autoritzat.<br>\nL&#8217;usuari podr\u00e0 exercir en tot moment els drets d&#8217;acc\u00e9s, rectificaci\u00f3, cancel\u00b7laci\u00f3, oposici\u00f3, limitaci\u00f3 o portabilitat adre\u00e7ant-se per escrit al <strong>Dr. T\u00e1rsilo Girona<\/strong>, acompanyant fotoc\u00f2pia del D.N.I. o mitjan\u00e7ant el Registre Electr\u00f2nic del CSIC ubicat a la seva Seu Electr\u00f2nica, per al qual haur\u00e0 de disposar de certificat electr\u00f2nic reconegut. Es pot contactar amb el Delegat de Protecci\u00f3 de Dades del CSIC a trav\u00e9s del correu <strong><a href=\"mailto:delegadoprotecciondatos@csic.es\">delegadoprotecciondatos@csic.es<\/a><\/strong>.<br>\nGEO3BCN-CSIC es reserva la facultat de modificar la present Pol\u00edtica de Privadesa per adaptar-la a les novetats legislatives, jurisprudencials o d&#8217;interpretaci\u00f3 de l&#8217;Ag\u00e8ncia Espanyola de Protecci\u00f3 de Dades. En aquest cas, GEO3BCN-CSIC anunciar\u00e0 aquests canvis, indicant clarament i amb la deguda antelaci\u00f3 les modificacions efectuades, i sol\u00b7licitant, en cas que es consideri necessari, l&#8217;acceptaci\u00f3 dels mateixos.<br>\n<br>\n<strong>Llei aplicable i jurisdicci\u00f3<\/strong><br>\nLa llei aplicable en cas de disputa o conflicte d&#8217;interpretaci\u00f3 dels termes que conformen aquest Av\u00eds Legal, aix\u00ed com qualsevol q\u00fcesti\u00f3 relacionada amb els serveis del present Portal, ser\u00e0 la llei espanyola.<br>\nPer a la resoluci\u00f3 de qualsevol conflicte que pugui sorgir amb ocasi\u00f3 de la visita al Portal o de l&#8217;\u00fas dels serveis que s&#8217;hi puguin oferir, GEO3BCN-CSIC i l&#8217;Usuari acorden sotmetre&#8217;s als Jutges i Tribunals espanyols.<br>\t\t\t\t\t\t\t\t<\/div>\n\t\t\t\t\t<\/div>\n\t\t\t\t<\/div>\n\t\t\t\t<\/div>\n\t\t","protected":false},"excerpt":{"rendered":"<p>Av\u00eds Legal Condicions generals d&#8217;\u00fas del portal www.geo3bcn.csic.es L&#8217;institut Geoci\u00e8ncies Barcelona del Consell Superior d&#8217;Investigacions Cient\u00edfiques (GEO3BCN-CSIC), us informa que l&#8217;acc\u00e9s i \u00fas de la p\u00e0gina web www.geo3bcn.csic.es i tots els subdominis i directoris inclosos sota la mateixa (en endavant, conjuntament denominats com el Portal) estan subjectes als termes que es detallen en aquest Av\u00eds [&hellip;]<\/p>\n","protected":false},"author":2,"featured_media":0,"parent":0,"menu_order":0,"comment_status":"closed","ping_status":"closed","template":"elementor_header_footer","meta":{"_acf_changed":false,"footnotes":""},"class_list":["post-1714","page","type-page","status-publish","hentry"],"acf":[],"yoast_head":"<!-- This site is optimized with the Yoast SEO plugin v27.3 - https:\/\/yoast.com\/product\/yoast-seo-wordpress\/ -->\n<title>Av\u00eds Legal - Geociencias Barcelona (GEO3BCN)<\/title>\n<meta name=\"robots\" content=\"index, follow, max-snippet:-1, max-image-preview:large, max-video-preview:-1\" \/>\n<link rel=\"canonical\" href=\"https:\/\/sismovega.geo3bcn.csic.es\/legal-notice\/\" \/>\n<meta property=\"og:locale\" content=\"ca_ES\" \/>\n<meta property=\"og:type\" content=\"article\" \/>\n<meta property=\"og:title\" content=\"Av\u00eds Legal - Geociencias Barcelona (GEO3BCN)\" \/>\n<meta property=\"og:description\" content=\"Av\u00eds Legal Condicions generals d&#8217;\u00fas del portal www.geo3bcn.csic.es L&#8217;institut Geoci\u00e8ncies Barcelona del Consell Superior d&#8217;Investigacions Cient\u00edfiques (GEO3BCN-CSIC), us informa que l&#8217;acc\u00e9s i \u00fas de la p\u00e0gina web www.geo3bcn.csic.es i tots els subdominis i directoris inclosos sota la mateixa (en endavant, conjuntament denominats com el Portal) estan subjectes als termes que es detallen en aquest Av\u00eds [&hellip;]\" \/>\n<meta property=\"og:url\" content=\"https:\/\/sismovega.geo3bcn.csic.es\/legal-notice\/\" \/>\n<meta property=\"og:site_name\" content=\"Geociencias Barcelona (GEO3BCN)\" \/>\n<meta property=\"article:modified_time\" content=\"2026-04-07T08:32:50+00:00\" \/>\n<meta name=\"twitter:card\" content=\"summary_large_image\" \/>\n<meta name=\"twitter:label1\" content=\"Temps estimat de lectura\" \/>\n\t<meta name=\"twitter:data1\" content=\"6 minuts\" \/>\n<script type=\"application\/ld+json\" class=\"yoast-schema-graph\">{\"@context\":\"https:\\\/\\\/schema.org\",\"@graph\":[{\"@type\":\"WebPage\",\"@id\":\"https:\\\/\\\/sismovega.geo3bcn.csic.es\\\/legal-notice\\\/\",\"url\":\"https:\\\/\\\/sismovega.geo3bcn.csic.es\\\/legal-notice\\\/\",\"name\":\"Av\u00eds Legal - Geociencias Barcelona (GEO3BCN)\",\"isPartOf\":{\"@id\":\"https:\\\/\\\/sismovega.geo3bcn.csic.es\\\/#website\"},\"datePublished\":\"2026-02-13T10:56:02+00:00\",\"dateModified\":\"2026-04-07T08:32:50+00:00\",\"breadcrumb\":{\"@id\":\"https:\\\/\\\/sismovega.geo3bcn.csic.es\\\/legal-notice\\\/#breadcrumb\"},\"inLanguage\":\"ca\",\"potentialAction\":[{\"@type\":\"ReadAction\",\"target\":[\"https:\\\/\\\/sismovega.geo3bcn.csic.es\\\/legal-notice\\\/\"]}]},{\"@type\":\"BreadcrumbList\",\"@id\":\"https:\\\/\\\/sismovega.geo3bcn.csic.es\\\/legal-notice\\\/#breadcrumb\",\"itemListElement\":[{\"@type\":\"ListItem\",\"position\":1,\"name\":\"Home\",\"item\":\"https:\\\/\\\/sismovega.geo3bcn.csic.es\\\/ca\\\/\"},{\"@type\":\"ListItem\",\"position\":2,\"name\":\"Av\u00eds Legal\"}]},{\"@type\":\"WebSite\",\"@id\":\"https:\\\/\\\/sismovega.geo3bcn.csic.es\\\/#website\",\"url\":\"https:\\\/\\\/sismovega.geo3bcn.csic.es\\\/\",\"name\":\"Geociencias Barcelona (GEO3BCN)\",\"description\":\"\",\"potentialAction\":[{\"@type\":\"SearchAction\",\"target\":{\"@type\":\"EntryPoint\",\"urlTemplate\":\"https:\\\/\\\/sismovega.geo3bcn.csic.es\\\/?s={search_term_string}\"},\"query-input\":{\"@type\":\"PropertyValueSpecification\",\"valueRequired\":true,\"valueName\":\"search_term_string\"}}],\"inLanguage\":\"ca\"}]}<\/script>\n<!-- \/ Yoast SEO plugin. -->","yoast_head_json":{"title":"Av\u00eds Legal - Geociencias Barcelona (GEO3BCN)","robots":{"index":"index","follow":"follow","max-snippet":"max-snippet:-1","max-image-preview":"max-image-preview:large","max-video-preview":"max-video-preview:-1"},"canonical":"https:\/\/sismovega.geo3bcn.csic.es\/legal-notice\/","og_locale":"ca_ES","og_type":"article","og_title":"Av\u00eds Legal - Geociencias Barcelona (GEO3BCN)","og_description":"Av\u00eds Legal Condicions generals d&#8217;\u00fas del portal www.geo3bcn.csic.es L&#8217;institut Geoci\u00e8ncies Barcelona del Consell Superior d&#8217;Investigacions Cient\u00edfiques (GEO3BCN-CSIC), us informa que l&#8217;acc\u00e9s i \u00fas de la p\u00e0gina web www.geo3bcn.csic.es i tots els subdominis i directoris inclosos sota la mateixa (en endavant, conjuntament denominats com el Portal) estan subjectes als termes que es detallen en aquest Av\u00eds [&hellip;]","og_url":"https:\/\/sismovega.geo3bcn.csic.es\/legal-notice\/","og_site_name":"Geociencias Barcelona (GEO3BCN)","article_modified_time":"2026-04-07T08:32:50+00:00","twitter_card":"summary_large_image","twitter_misc":{"Temps estimat de lectura":"6 minuts"},"schema":{"@context":"https:\/\/schema.org","@graph":[{"@type":"WebPage","@id":"https:\/\/sismovega.geo3bcn.csic.es\/legal-notice\/","url":"https:\/\/sismovega.geo3bcn.csic.es\/legal-notice\/","name":"Av\u00eds Legal - Geociencias Barcelona (GEO3BCN)","isPartOf":{"@id":"https:\/\/sismovega.geo3bcn.csic.es\/#website"},"datePublished":"2026-02-13T10:56:02+00:00","dateModified":"2026-04-07T08:32:50+00:00","breadcrumb":{"@id":"https:\/\/sismovega.geo3bcn.csic.es\/legal-notice\/#breadcrumb"},"inLanguage":"ca","potentialAction":[{"@type":"ReadAction","target":["https:\/\/sismovega.geo3bcn.csic.es\/legal-notice\/"]}]},{"@type":"BreadcrumbList","@id":"https:\/\/sismovega.geo3bcn.csic.es\/legal-notice\/#breadcrumb","itemListElement":[{"@type":"ListItem","position":1,"name":"Home","item":"https:\/\/sismovega.geo3bcn.csic.es\/ca\/"},{"@type":"ListItem","position":2,"name":"Av\u00eds Legal"}]},{"@type":"WebSite","@id":"https:\/\/sismovega.geo3bcn.csic.es\/#website","url":"https:\/\/sismovega.geo3bcn.csic.es\/","name":"Geociencias Barcelona (GEO3BCN)","description":"","potentialAction":[{"@type":"SearchAction","target":{"@type":"EntryPoint","urlTemplate":"https:\/\/sismovega.geo3bcn.csic.es\/?s={search_term_string}"},"query-input":{"@type":"PropertyValueSpecification","valueRequired":true,"valueName":"search_term_string"}}],"inLanguage":"ca"}]}},"_links":{"self":[{"href":"https:\/\/sismovega.geo3bcn.csic.es\/ca\/wp-json\/wp\/v2\/pages\/1714","targetHints":{"allow":["GET"]}}],"collection":[{"href":"https:\/\/sismovega.geo3bcn.csic.es\/ca\/wp-json\/wp\/v2\/pages"}],"about":[{"href":"https:\/\/sismovega.geo3bcn.csic.es\/ca\/wp-json\/wp\/v2\/types\/page"}],"author":[{"embeddable":true,"href":"https:\/\/sismovega.geo3bcn.csic.es\/ca\/wp-json\/wp\/v2\/users\/2"}],"replies":[{"embeddable":true,"href":"https:\/\/sismovega.geo3bcn.csic.es\/ca\/wp-json\/wp\/v2\/comments?post=1714"}],"version-history":[{"count":7,"href":"https:\/\/sismovega.geo3bcn.csic.es\/ca\/wp-json\/wp\/v2\/pages\/1714\/revisions"}],"predecessor-version":[{"id":3005,"href":"https:\/\/sismovega.geo3bcn.csic.es\/ca\/wp-json\/wp\/v2\/pages\/1714\/revisions\/3005"}],"wp:attachment":[{"href":"https:\/\/sismovega.geo3bcn.csic.es\/ca\/wp-json\/wp\/v2\/media?parent=1714"}],"curies":[{"name":"wp","href":"https:\/\/api.w.org\/{rel}","templated":true}]}}