{"id":1974,"date":"2026-03-03T10:38:02","date_gmt":"2026-03-03T09:38:02","guid":{"rendered":"https:\/\/sismovega.geo3bcn.csic.es\/historical-records\/"},"modified":"2026-04-07T12:18:16","modified_gmt":"2026-04-07T10:18:16","slug":"registres-historics","status":"publish","type":"page","link":"https:\/\/sismovega.geo3bcn.csic.es\/ca\/registres-historics\/","title":{"rendered":"Registres Hist\u00f2rics"},"content":{"rendered":"\t\t<div data-elementor-type=\"wp-page\" data-elementor-id=\"1974\" class=\"elementor elementor-1974 elementor-1951\" data-elementor-post-type=\"page\">\n\t\t\t\t<div class=\"elementor-element elementor-element-2f91191 e-flex e-con-boxed e-con e-parent\" data-id=\"2f91191\" data-element_type=\"container\" data-e-type=\"container\" data-settings=\"{&quot;background_background&quot;:&quot;classic&quot;}\">\n\t\t\t\t\t<div class=\"e-con-inner\">\n\t\t\t\t<div class=\"elementor-element elementor-element-f1aca4e elementor-widget elementor-widget-heading\" data-id=\"f1aca4e\" data-element_type=\"widget\" data-e-type=\"widget\" data-widget_type=\"heading.default\">\n\t\t\t\t\t<h1 class=\"elementor-heading-title elementor-size-default\">Registres hist\u00f2rics<\/h1>\t\t\t\t<\/div>\n\t\t\t\t<div class=\"elementor-element elementor-element-abd3621 elementor-widget__width-auto elementor-widget-divider--separator-type-pattern elementor-widget-divider--view-line elementor-widget elementor-widget-divider\" data-id=\"abd3621\" data-element_type=\"widget\" data-e-type=\"widget\" data-widget_type=\"divider.default\">\n\t\t\t\t\t\t\t<div class=\"elementor-divider\" style=\"--divider-pattern-url: url(&quot;data:image\/svg+xml,%3Csvg xmlns=&#039;http:\/\/www.w3.org\/2000\/svg&#039; preserveAspectRatio=&#039;none&#039; overflow=&#039;visible&#039; height=&#039;100%&#039; viewBox=&#039;0 0 24 24&#039; fill=&#039;black&#039; stroke=&#039;none&#039;%3E%3Cpolygon points=&#039;9.4,2 24,2 14.6,21.6 0,21.6&#039;\/%3E%3C\/svg%3E&quot;);\">\n\t\t\t<span class=\"elementor-divider-separator\">\n\t\t\t\t\t\t<\/span>\n\t\t<\/div>\n\t\t\t\t\t\t<\/div>\n\t\t\t\t\t<\/div>\n\t\t\t\t<\/div>\n\t\t<div class=\"elementor-element elementor-element-4308c7b e-flex e-con-boxed e-con e-parent\" data-id=\"4308c7b\" data-element_type=\"container\" data-e-type=\"container\">\n\t\t\t\t\t<div class=\"e-con-inner\">\n\t\t\t\t<div class=\"elementor-element elementor-element-44e4d8d gallery-spacing-custom elementor-widget elementor-widget-image-gallery\" data-id=\"44e4d8d\" data-element_type=\"widget\" data-e-type=\"widget\" data-widget_type=\"image-gallery.default\">\n\t\t\t\t\t\t\t<div class=\"elementor-image-gallery\">\n\t\t\t<div id='gallery-1' class='gallery galleryid-1974 gallery-columns-3 gallery-size-medium'><figure class='gallery-item'>\n\t\t\t<div class='gallery-icon landscape'>\n\t\t\t\t<a data-elementor-open-lightbox=\"yes\" data-elementor-lightbox-slideshow=\"44e4d8d\" data-elementor-lightbox-title=\"image2\" data-e-action-hash=\"#elementor-action%3Aaction%3Dlightbox%26settings%3DeyJpZCI6MTk3NiwidXJsIjoiaHR0cHM6XC9cL3Npc21vdmVnYS5nZW8zYmNuLmNzaWMuZXNcL3dwLWNvbnRlbnRcL3VwbG9hZHNcLzIwMjZcLzAzXC9pbWFnZTIuanBnIiwic2xpZGVzaG93IjoiNDRlNGQ4ZCJ9\" href='https:\/\/sismovega.geo3bcn.csic.es\/wp-content\/uploads\/2026\/03\/image2.jpg'><img fetchpriority=\"high\" decoding=\"async\" width=\"300\" height=\"192\" src=\"https:\/\/sismovega.geo3bcn.csic.es\/wp-content\/uploads\/2026\/03\/image2-300x192.jpg\" class=\"attachment-medium size-medium\" alt=\"\" srcset=\"https:\/\/sismovega.geo3bcn.csic.es\/wp-content\/uploads\/2026\/03\/image2-300x192.jpg 300w, https:\/\/sismovega.geo3bcn.csic.es\/wp-content\/uploads\/2026\/03\/image2-768x492.jpg 768w, https:\/\/sismovega.geo3bcn.csic.es\/wp-content\/uploads\/2026\/03\/image2.jpg 1000w\" sizes=\"(max-width: 300px) 100vw, 300px\" \/><\/a>\n\t\t\t<\/div><\/figure><figure class='gallery-item'>\n\t\t\t<div class='gallery-icon landscape'>\n\t\t\t\t<a data-elementor-open-lightbox=\"yes\" data-elementor-lightbox-slideshow=\"44e4d8d\" data-elementor-lightbox-title=\"image1 (1)\" data-e-action-hash=\"#elementor-action%3Aaction%3Dlightbox%26settings%3DeyJpZCI6MTk3NSwidXJsIjoiaHR0cHM6XC9cL3Npc21vdmVnYS5nZW8zYmNuLmNzaWMuZXNcL3dwLWNvbnRlbnRcL3VwbG9hZHNcLzIwMjZcLzAzXC9pbWFnZTEtMS0xLmpwZyIsInNsaWRlc2hvdyI6IjQ0ZTRkOGQifQ%3D%3D\" href='https:\/\/sismovega.geo3bcn.csic.es\/wp-content\/uploads\/2026\/03\/image1-1-1.jpg'><img decoding=\"async\" width=\"300\" height=\"221\" src=\"https:\/\/sismovega.geo3bcn.csic.es\/wp-content\/uploads\/2026\/03\/image1-1-1-300x221.jpg\" class=\"attachment-medium size-medium\" alt=\"\" srcset=\"https:\/\/sismovega.geo3bcn.csic.es\/wp-content\/uploads\/2026\/03\/image1-1-1-300x221.jpg 300w, https:\/\/sismovega.geo3bcn.csic.es\/wp-content\/uploads\/2026\/03\/image1-1-1-768x566.jpg 768w, https:\/\/sismovega.geo3bcn.csic.es\/wp-content\/uploads\/2026\/03\/image1-1-1.jpg 1000w\" sizes=\"(max-width: 300px) 100vw, 300px\" \/><\/a>\n\t\t\t<\/div><\/figure><figure class='gallery-item'>\n\t\t\t<div class='gallery-icon landscape'>\n\t\t\t\t<a data-elementor-open-lightbox=\"yes\" data-elementor-lightbox-slideshow=\"44e4d8d\" data-elementor-lightbox-title=\"image4\" data-e-action-hash=\"#elementor-action%3Aaction%3Dlightbox%26settings%3DeyJpZCI6MTk3NywidXJsIjoiaHR0cHM6XC9cL3Npc21vdmVnYS5nZW8zYmNuLmNzaWMuZXNcL3dwLWNvbnRlbnRcL3VwbG9hZHNcLzIwMjZcLzAzXC9pbWFnZTQuanBnIiwic2xpZGVzaG93IjoiNDRlNGQ4ZCJ9\" href='https:\/\/sismovega.geo3bcn.csic.es\/wp-content\/uploads\/2026\/03\/image4.jpg'><img decoding=\"async\" width=\"300\" height=\"188\" src=\"https:\/\/sismovega.geo3bcn.csic.es\/wp-content\/uploads\/2026\/03\/image4-300x188.jpg\" class=\"attachment-medium size-medium\" alt=\"\" srcset=\"https:\/\/sismovega.geo3bcn.csic.es\/wp-content\/uploads\/2026\/03\/image4-300x188.jpg 300w, https:\/\/sismovega.geo3bcn.csic.es\/wp-content\/uploads\/2026\/03\/image4-768x482.jpg 768w, https:\/\/sismovega.geo3bcn.csic.es\/wp-content\/uploads\/2026\/03\/image4.jpg 1000w\" sizes=\"(max-width: 300px) 100vw, 300px\" \/><\/a>\n\t\t\t<\/div><\/figure><figure class='gallery-item'>\n\t\t\t<div class='gallery-icon landscape'>\n\t\t\t\t<a data-elementor-open-lightbox=\"yes\" data-elementor-lightbox-slideshow=\"44e4d8d\" data-elementor-lightbox-title=\"image5\" data-e-action-hash=\"#elementor-action%3Aaction%3Dlightbox%26settings%3DeyJpZCI6MTk3OCwidXJsIjoiaHR0cHM6XC9cL3Npc21vdmVnYS5nZW8zYmNuLmNzaWMuZXNcL3dwLWNvbnRlbnRcL3VwbG9hZHNcLzIwMjZcLzAzXC9pbWFnZTUuanBnIiwic2xpZGVzaG93IjoiNDRlNGQ4ZCJ9\" href='https:\/\/sismovega.geo3bcn.csic.es\/wp-content\/uploads\/2026\/03\/image5.jpg'><img loading=\"lazy\" decoding=\"async\" width=\"300\" height=\"229\" src=\"https:\/\/sismovega.geo3bcn.csic.es\/wp-content\/uploads\/2026\/03\/image5-300x229.jpg\" class=\"attachment-medium size-medium\" alt=\"\" srcset=\"https:\/\/sismovega.geo3bcn.csic.es\/wp-content\/uploads\/2026\/03\/image5-300x229.jpg 300w, https:\/\/sismovega.geo3bcn.csic.es\/wp-content\/uploads\/2026\/03\/image5-768x586.jpg 768w, https:\/\/sismovega.geo3bcn.csic.es\/wp-content\/uploads\/2026\/03\/image5.jpg 1000w\" sizes=\"(max-width: 300px) 100vw, 300px\" \/><\/a>\n\t\t\t<\/div><\/figure><figure class='gallery-item'>\n\t\t\t<div class='gallery-icon portrait'>\n\t\t\t\t<a data-elementor-open-lightbox=\"yes\" data-elementor-lightbox-slideshow=\"44e4d8d\" data-elementor-lightbox-title=\"image3 (1)\" data-e-action-hash=\"#elementor-action%3Aaction%3Dlightbox%26settings%3DeyJpZCI6MTk3OSwidXJsIjoiaHR0cHM6XC9cL3Npc21vdmVnYS5nZW8zYmNuLmNzaWMuZXNcL3dwLWNvbnRlbnRcL3VwbG9hZHNcLzIwMjZcLzAzXC9pbWFnZTMtMS5qcGciLCJzbGlkZXNob3ciOiI0NGU0ZDhkIn0%3D\" href='https:\/\/sismovega.geo3bcn.csic.es\/wp-content\/uploads\/2026\/03\/image3-1.jpg'><img loading=\"lazy\" decoding=\"async\" width=\"179\" height=\"300\" src=\"https:\/\/sismovega.geo3bcn.csic.es\/wp-content\/uploads\/2026\/03\/image3-1-179x300.jpg\" class=\"attachment-medium size-medium\" alt=\"\" srcset=\"https:\/\/sismovega.geo3bcn.csic.es\/wp-content\/uploads\/2026\/03\/image3-1-179x300.jpg 179w, https:\/\/sismovega.geo3bcn.csic.es\/wp-content\/uploads\/2026\/03\/image3-1-612x1024.jpg 612w, https:\/\/sismovega.geo3bcn.csic.es\/wp-content\/uploads\/2026\/03\/image3-1-768x1284.jpg 768w, https:\/\/sismovega.geo3bcn.csic.es\/wp-content\/uploads\/2026\/03\/image3-1-919x1536.jpg 919w, https:\/\/sismovega.geo3bcn.csic.es\/wp-content\/uploads\/2026\/03\/image3-1.jpg 1000w\" sizes=\"(max-width: 179px) 100vw, 179px\" \/><\/a>\n\t\t\t<\/div><\/figure><figure class='gallery-item'>\n\t\t\t<div class='gallery-icon portrait'>\n\t\t\t\t<a data-elementor-open-lightbox=\"yes\" data-elementor-lightbox-slideshow=\"44e4d8d\" data-elementor-lightbox-title=\"slide1-6\" data-e-action-hash=\"#elementor-action%3Aaction%3Dlightbox%26settings%3DeyJpZCI6MTYxMSwidXJsIjoiaHR0cHM6XC9cL3Npc21vdmVnYS5nZW8zYmNuLmNzaWMuZXNcL3dwLWNvbnRlbnRcL3VwbG9hZHNcLzIwMjZcLzAyXC9zbGlkZTEtNi5wbmciLCJzbGlkZXNob3ciOiI0NGU0ZDhkIn0%3D\" href='https:\/\/sismovega.geo3bcn.csic.es\/wp-content\/uploads\/2026\/02\/slide1-6.png'><img loading=\"lazy\" decoding=\"async\" width=\"242\" height=\"300\" src=\"https:\/\/sismovega.geo3bcn.csic.es\/wp-content\/uploads\/2026\/02\/slide1-6-242x300.png\" class=\"attachment-medium size-medium\" alt=\"\" srcset=\"https:\/\/sismovega.geo3bcn.csic.es\/wp-content\/uploads\/2026\/02\/slide1-6-242x300.png 242w, https:\/\/sismovega.geo3bcn.csic.es\/wp-content\/uploads\/2026\/02\/slide1-6.png 646w\" sizes=\"(max-width: 242px) 100vw, 242px\" \/><\/a>\n\t\t\t<\/div><\/figure>\n\t\t<\/div>\n\t\t<\/div>\n\t\t\t\t\t\t<\/div>\n\t\t\t\t<div class=\"elementor-element elementor-element-3443d43 elementor-widget elementor-widget-text-editor\" data-id=\"3443d43\" data-element_type=\"widget\" data-e-type=\"widget\" data-widget_type=\"text-editor.default\">\n\t\t\t\t\t\t\t\t\t<p><em><span class=\"notion-enable-hover\" data-token-index=\"0\">Sources: Museum of the Earthquake archive, Almorad\u00ed; Berna\u0301 Vidal, I. (2021) Rojales\u202f: memoria de su gobierno municipal desde 1773 hasta la actualidad, Ayuntamiento de Rojales; Biblioteca Virtual de Patrimonio Bibliogr\u00e1fico; National Geographic Institute, Spain.<\/span><\/em><\/p>\t\t\t\t\t\t\t\t<\/div>\n\t\t\t\t\t<\/div>\n\t\t\t\t<\/div>\n\t\t\t\t<\/div>\n\t\t","protected":false},"excerpt":{"rendered":"<p>Registres hist\u00f2rics Sources: Museum of the Earthquake archive, Almorad\u00ed; Berna\u0301 Vidal, I. (2021) Rojales\u202f: memoria de su gobierno municipal desde 1773 hasta la actualidad, Ayuntamiento de Rojales; Biblioteca Virtual de Patrimonio Bibliogr\u00e1fico; National Geographic Institute, Spain.<\/p>\n","protected":false},"author":2,"featured_media":0,"parent":0,"menu_order":0,"comment_status":"closed","ping_status":"closed","template":"elementor_header_footer","meta":{"_acf_changed":false,"footnotes":""},"class_list":["post-1974","page","type-page","status-publish","hentry"],"acf":[],"yoast_head":"<!-- This site is optimized with the Yoast SEO plugin v27.3 - https:\/\/yoast.com\/product\/yoast-seo-wordpress\/ -->\n<title>Registres Hist\u00f2rics | SISMOVEGA<\/title>\n<meta name=\"description\" content=\"Consulta la cronologia de SISMOVEGA: des de la restauraci\u00f3 del terreny el 2024 fins a les fites cient\u00edfiques actuals a la Vega Baja. Hist\u00f2ria i dades d&#039;un projecte pioner.\" \/>\n<meta name=\"robots\" content=\"index, follow, max-snippet:-1, max-image-preview:large, max-video-preview:-1\" \/>\n<link rel=\"canonical\" href=\"https:\/\/sismovega.geo3bcn.csic.es\/ca\/registres-historics\/\" \/>\n<meta property=\"og:locale\" content=\"ca_ES\" \/>\n<meta property=\"og:type\" content=\"article\" \/>\n<meta property=\"og:title\" content=\"Registres Hist\u00f2rics | SISMOVEGA\" \/>\n<meta property=\"og:description\" content=\"Consulta la cronologia de SISMOVEGA: des de la restauraci\u00f3 del terreny el 2024 fins a les fites cient\u00edfiques actuals a la Vega Baja. Hist\u00f2ria i dades d&#039;un projecte pioner.\" \/>\n<meta property=\"og:url\" content=\"https:\/\/sismovega.geo3bcn.csic.es\/ca\/registres-historics\/\" \/>\n<meta property=\"og:site_name\" content=\"Geociencias Barcelona (GEO3BCN)\" \/>\n<meta property=\"article:modified_time\" content=\"2026-04-07T10:18:16+00:00\" \/>\n<meta property=\"og:image\" content=\"https:\/\/sismovega.geo3bcn.csic.es\/wp-content\/uploads\/2026\/03\/image2-300x192.jpg\" \/>\n<meta name=\"twitter:card\" content=\"summary_large_image\" \/>\n<meta name=\"twitter:label1\" content=\"Temps estimat de lectura\" \/>\n\t<meta name=\"twitter:data1\" content=\"1 minut\" \/>\n<script type=\"application\/ld+json\" class=\"yoast-schema-graph\">{\"@context\":\"https:\\\/\\\/schema.org\",\"@graph\":[{\"@type\":\"WebPage\",\"@id\":\"https:\\\/\\\/sismovega.geo3bcn.csic.es\\\/ca\\\/registres-historics\\\/\",\"url\":\"https:\\\/\\\/sismovega.geo3bcn.csic.es\\\/ca\\\/registres-historics\\\/\",\"name\":\"Registres Hist\u00f2rics | SISMOVEGA\",\"isPartOf\":{\"@id\":\"https:\\\/\\\/sismovega.geo3bcn.csic.es\\\/#website\"},\"primaryImageOfPage\":{\"@id\":\"https:\\\/\\\/sismovega.geo3bcn.csic.es\\\/ca\\\/registres-historics\\\/#primaryimage\"},\"image\":{\"@id\":\"https:\\\/\\\/sismovega.geo3bcn.csic.es\\\/ca\\\/registres-historics\\\/#primaryimage\"},\"thumbnailUrl\":\"https:\\\/\\\/sismovega.geo3bcn.csic.es\\\/wp-content\\\/uploads\\\/2026\\\/03\\\/image2-300x192.jpg\",\"datePublished\":\"2026-03-03T09:38:02+00:00\",\"dateModified\":\"2026-04-07T10:18:16+00:00\",\"description\":\"Consulta la cronologia de SISMOVEGA: des de la restauraci\u00f3 del terreny el 2024 fins a les fites cient\u00edfiques actuals a la Vega Baja. Hist\u00f2ria i dades d'un projecte pioner.\",\"breadcrumb\":{\"@id\":\"https:\\\/\\\/sismovega.geo3bcn.csic.es\\\/ca\\\/registres-historics\\\/#breadcrumb\"},\"inLanguage\":\"ca\",\"potentialAction\":[{\"@type\":\"ReadAction\",\"target\":[\"https:\\\/\\\/sismovega.geo3bcn.csic.es\\\/ca\\\/registres-historics\\\/\"]}]},{\"@type\":\"ImageObject\",\"inLanguage\":\"ca\",\"@id\":\"https:\\\/\\\/sismovega.geo3bcn.csic.es\\\/ca\\\/registres-historics\\\/#primaryimage\",\"url\":\"https:\\\/\\\/sismovega.geo3bcn.csic.es\\\/wp-content\\\/uploads\\\/2026\\\/03\\\/image2-300x192.jpg\",\"contentUrl\":\"https:\\\/\\\/sismovega.geo3bcn.csic.es\\\/wp-content\\\/uploads\\\/2026\\\/03\\\/image2-300x192.jpg\"},{\"@type\":\"BreadcrumbList\",\"@id\":\"https:\\\/\\\/sismovega.geo3bcn.csic.es\\\/ca\\\/registres-historics\\\/#breadcrumb\",\"itemListElement\":[{\"@type\":\"ListItem\",\"position\":1,\"name\":\"Home\",\"item\":\"https:\\\/\\\/sismovega.geo3bcn.csic.es\\\/ca\\\/\"},{\"@type\":\"ListItem\",\"position\":2,\"name\":\"Registres Hist\u00f2rics\"}]},{\"@type\":\"WebSite\",\"@id\":\"https:\\\/\\\/sismovega.geo3bcn.csic.es\\\/#website\",\"url\":\"https:\\\/\\\/sismovega.geo3bcn.csic.es\\\/\",\"name\":\"Geociencias Barcelona (GEO3BCN)\",\"description\":\"\",\"potentialAction\":[{\"@type\":\"SearchAction\",\"target\":{\"@type\":\"EntryPoint\",\"urlTemplate\":\"https:\\\/\\\/sismovega.geo3bcn.csic.es\\\/?s={search_term_string}\"},\"query-input\":{\"@type\":\"PropertyValueSpecification\",\"valueRequired\":true,\"valueName\":\"search_term_string\"}}],\"inLanguage\":\"ca\"}]}<\/script>\n<!-- \/ Yoast SEO plugin. -->","yoast_head_json":{"title":"Registres Hist\u00f2rics | SISMOVEGA","description":"Consulta la cronologia de SISMOVEGA: des de la restauraci\u00f3 del terreny el 2024 fins a les fites cient\u00edfiques actuals a la Vega Baja. Hist\u00f2ria i dades d'un projecte pioner.","robots":{"index":"index","follow":"follow","max-snippet":"max-snippet:-1","max-image-preview":"max-image-preview:large","max-video-preview":"max-video-preview:-1"},"canonical":"https:\/\/sismovega.geo3bcn.csic.es\/ca\/registres-historics\/","og_locale":"ca_ES","og_type":"article","og_title":"Registres Hist\u00f2rics | SISMOVEGA","og_description":"Consulta la cronologia de SISMOVEGA: des de la restauraci\u00f3 del terreny el 2024 fins a les fites cient\u00edfiques actuals a la Vega Baja. Hist\u00f2ria i dades d'un projecte pioner.","og_url":"https:\/\/sismovega.geo3bcn.csic.es\/ca\/registres-historics\/","og_site_name":"Geociencias Barcelona (GEO3BCN)","article_modified_time":"2026-04-07T10:18:16+00:00","og_image":[{"url":"https:\/\/sismovega.geo3bcn.csic.es\/wp-content\/uploads\/2026\/03\/image2-300x192.jpg","type":"","width":"","height":""}],"twitter_card":"summary_large_image","twitter_misc":{"Temps estimat de lectura":"1 minut"},"schema":{"@context":"https:\/\/schema.org","@graph":[{"@type":"WebPage","@id":"https:\/\/sismovega.geo3bcn.csic.es\/ca\/registres-historics\/","url":"https:\/\/sismovega.geo3bcn.csic.es\/ca\/registres-historics\/","name":"Registres Hist\u00f2rics | SISMOVEGA","isPartOf":{"@id":"https:\/\/sismovega.geo3bcn.csic.es\/#website"},"primaryImageOfPage":{"@id":"https:\/\/sismovega.geo3bcn.csic.es\/ca\/registres-historics\/#primaryimage"},"image":{"@id":"https:\/\/sismovega.geo3bcn.csic.es\/ca\/registres-historics\/#primaryimage"},"thumbnailUrl":"https:\/\/sismovega.geo3bcn.csic.es\/wp-content\/uploads\/2026\/03\/image2-300x192.jpg","datePublished":"2026-03-03T09:38:02+00:00","dateModified":"2026-04-07T10:18:16+00:00","description":"Consulta la cronologia de SISMOVEGA: des de la restauraci\u00f3 del terreny el 2024 fins a les fites cient\u00edfiques actuals a la Vega Baja. Hist\u00f2ria i dades d'un projecte pioner.","breadcrumb":{"@id":"https:\/\/sismovega.geo3bcn.csic.es\/ca\/registres-historics\/#breadcrumb"},"inLanguage":"ca","potentialAction":[{"@type":"ReadAction","target":["https:\/\/sismovega.geo3bcn.csic.es\/ca\/registres-historics\/"]}]},{"@type":"ImageObject","inLanguage":"ca","@id":"https:\/\/sismovega.geo3bcn.csic.es\/ca\/registres-historics\/#primaryimage","url":"https:\/\/sismovega.geo3bcn.csic.es\/wp-content\/uploads\/2026\/03\/image2-300x192.jpg","contentUrl":"https:\/\/sismovega.geo3bcn.csic.es\/wp-content\/uploads\/2026\/03\/image2-300x192.jpg"},{"@type":"BreadcrumbList","@id":"https:\/\/sismovega.geo3bcn.csic.es\/ca\/registres-historics\/#breadcrumb","itemListElement":[{"@type":"ListItem","position":1,"name":"Home","item":"https:\/\/sismovega.geo3bcn.csic.es\/ca\/"},{"@type":"ListItem","position":2,"name":"Registres Hist\u00f2rics"}]},{"@type":"WebSite","@id":"https:\/\/sismovega.geo3bcn.csic.es\/#website","url":"https:\/\/sismovega.geo3bcn.csic.es\/","name":"Geociencias Barcelona (GEO3BCN)","description":"","potentialAction":[{"@type":"SearchAction","target":{"@type":"EntryPoint","urlTemplate":"https:\/\/sismovega.geo3bcn.csic.es\/?s={search_term_string}"},"query-input":{"@type":"PropertyValueSpecification","valueRequired":true,"valueName":"search_term_string"}}],"inLanguage":"ca"}]}},"_links":{"self":[{"href":"https:\/\/sismovega.geo3bcn.csic.es\/ca\/wp-json\/wp\/v2\/pages\/1974","targetHints":{"allow":["GET"]}}],"collection":[{"href":"https:\/\/sismovega.geo3bcn.csic.es\/ca\/wp-json\/wp\/v2\/pages"}],"about":[{"href":"https:\/\/sismovega.geo3bcn.csic.es\/ca\/wp-json\/wp\/v2\/types\/page"}],"author":[{"embeddable":true,"href":"https:\/\/sismovega.geo3bcn.csic.es\/ca\/wp-json\/wp\/v2\/users\/2"}],"replies":[{"embeddable":true,"href":"https:\/\/sismovega.geo3bcn.csic.es\/ca\/wp-json\/wp\/v2\/comments?post=1974"}],"version-history":[{"count":22,"href":"https:\/\/sismovega.geo3bcn.csic.es\/ca\/wp-json\/wp\/v2\/pages\/1974\/revisions"}],"predecessor-version":[{"id":3088,"href":"https:\/\/sismovega.geo3bcn.csic.es\/ca\/wp-json\/wp\/v2\/pages\/1974\/revisions\/3088"}],"wp:attachment":[{"href":"https:\/\/sismovega.geo3bcn.csic.es\/ca\/wp-json\/wp\/v2\/media?parent=1974"}],"curies":[{"name":"wp","href":"https:\/\/api.w.org\/{rel}","templated":true}]}}