{"id":1230,"date":"2026-01-28T12:47:55","date_gmt":"2026-01-28T11:47:55","guid":{"rendered":"https:\/\/sismovega.geo3bcn.csic.es\/outreach\/"},"modified":"2026-04-07T11:17:01","modified_gmt":"2026-04-07T09:17:01","slug":"divulgacion","status":"publish","type":"page","link":"https:\/\/sismovega.geo3bcn.csic.es\/es\/divulgacion\/","title":{"rendered":"Divulgaci\u00f3n"},"content":{"rendered":"\t\t<div data-elementor-type=\"wp-page\" data-elementor-id=\"1230\" class=\"elementor elementor-1230 elementor-1046\" data-elementor-post-type=\"page\">\n\t\t\t\t<div class=\"elementor-element elementor-element-8fafac0 e-flex e-con-boxed e-con e-parent\" data-id=\"8fafac0\" data-element_type=\"container\" data-e-type=\"container\" data-settings=\"{&quot;background_background&quot;:&quot;classic&quot;}\">\n\t\t\t\t\t<div class=\"e-con-inner\">\n\t\t\t\t<div class=\"elementor-element elementor-element-9794bae elementor-widget elementor-widget-heading\" data-id=\"9794bae\" data-element_type=\"widget\" data-e-type=\"widget\" data-widget_type=\"heading.default\">\n\t\t\t\t\t<h1 class=\"elementor-heading-title elementor-size-default\">Divulgaci\u00f3n<\/h1>\t\t\t\t<\/div>\n\t\t\t\t<div class=\"elementor-element elementor-element-dbe5d12 elementor-widget__width-auto elementor-widget-divider--separator-type-pattern elementor-widget-divider--view-line elementor-widget elementor-widget-divider\" data-id=\"dbe5d12\" data-element_type=\"widget\" data-e-type=\"widget\" data-widget_type=\"divider.default\">\n\t\t\t\t\t\t\t<div class=\"elementor-divider\" style=\"--divider-pattern-url: url(&quot;data:image\/svg+xml,%3Csvg xmlns=&#039;http:\/\/www.w3.org\/2000\/svg&#039; preserveAspectRatio=&#039;none&#039; overflow=&#039;visible&#039; height=&#039;100%&#039; viewBox=&#039;0 0 24 24&#039; fill=&#039;black&#039; stroke=&#039;none&#039;%3E%3Cpolygon points=&#039;9.4,2 24,2 14.6,21.6 0,21.6&#039;\/%3E%3C\/svg%3E&quot;);\">\n\t\t\t<span class=\"elementor-divider-separator\">\n\t\t\t\t\t\t<\/span>\n\t\t<\/div>\n\t\t\t\t\t\t<\/div>\n\t\t\t\t\t<\/div>\n\t\t\t\t<\/div>\n\t\t<div class=\"elementor-element elementor-element-0cd0ae8 e-flex e-con-boxed e-con e-parent\" data-id=\"0cd0ae8\" data-element_type=\"container\" data-e-type=\"container\">\n\t\t\t\t\t<div class=\"e-con-inner\">\n\t\t<div class=\"elementor-element elementor-element-132ed85 e-con-full e-flex e-con e-child\" data-id=\"132ed85\" data-element_type=\"container\" data-e-type=\"container\">\n\t\t\t\t<div class=\"elementor-element elementor-element-4944801 elementor-widget elementor-widget-text-editor\" data-id=\"4944801\" data-element_type=\"widget\" data-e-type=\"widget\" data-widget_type=\"text-editor.default\">\n\t\t\t\t\t\t\t\t\t<ul><li><a href=\"https:\/\/www.informacion.es\/elche\/2026\/02\/28\/proyecto-pionero-sur-alicante-terrmotos-cable-optico-127369751.html\">\u00abUn proyecto pionero estudiar\u00e1 el peligro de los terremotos con fibra \u00f3ptica y tecnolog\u00eda l\u00e1ser\u00bb<\/a><\/li><\/ul>\t\t\t\t\t\t\t\t<\/div>\n\t\t\t\t<div class=\"elementor-element elementor-element-deae348 elementor-mobile-align-center elementor-widget elementor-widget-button\" data-id=\"deae348\" data-element_type=\"widget\" data-e-type=\"widget\" data-widget_type=\"button.default\">\n\t\t\t\t\t\t\t\t\t\t<a class=\"elementor-button elementor-button-link elementor-size-sm\" href=\"\/wp-content\/uploads\/2026\/03\/80041870-5409-4ea3-aae3-7b4155abfe46.pdf\">\n\t\t\t\t\t\t<span class=\"elementor-button-content-wrapper\">\n\t\t\t\t\t\t<span class=\"elementor-button-icon\">\n\t\t\t\t<i aria-hidden=\"true\" class=\"icon icon-download\"><\/i>\t\t\t<\/span>\n\t\t\t\t\t\t\t\t\t<span class=\"elementor-button-text\">01 de Marzo de 2026. Descargar<\/span>\n\t\t\t\t\t<\/span>\n\t\t\t\t\t<\/a>\n\t\t\t\t\t\t\t\t<\/div>\n\t\t\t\t<div class=\"elementor-element elementor-element-2936984 elementor-widget elementor-widget-text-editor\" data-id=\"2936984\" data-element_type=\"widget\" data-e-type=\"widget\" data-widget_type=\"text-editor.default\">\n\t\t\t\t\t\t\t\t\t<ul><li><a href=\"https:\/\/www.csic.es\/es\/actualidad-del-csic\/el-csic-lidera-un-proyecto-para-detectar-senales-precursoras-de-terremotos-traves-de-fibra-optica-y-tecnologia-laser\">\u00abEl CSIC lidera un proyecto para detectar se\u00f1ales precursoras de terremotos a trav\u00e9s de fibra \u00f3ptica y tecnolog\u00eda l\u00e1ser &#8211; La iniciativa Sismovega, encabezada por Geociencias Barcelona (GEO3BCN-CSIC), se desarrollar\u00e1 en la comarca de la Vega Baja del Segura (Alicante)\u00bb<\/a>, CSIC nota de prensa, 02 de Marzo del 2026<\/li><\/ul>\t\t\t\t\t\t\t\t<\/div>\n\t\t\t\t<\/div>\n\t\t\t\t\t<\/div>\n\t\t\t\t<\/div>\n\t\t\t\t<\/div>\n\t\t","protected":false},"excerpt":{"rendered":"<p>Divulgaci\u00f3n \u00abUn proyecto pionero estudiar\u00e1 el peligro de los terremotos con fibra \u00f3ptica y tecnolog\u00eda l\u00e1ser\u00bb 01 de Marzo de 2026. Descargar \u00abEl CSIC lidera un proyecto para detectar se\u00f1ales precursoras de terremotos a trav\u00e9s de fibra \u00f3ptica y tecnolog\u00eda l\u00e1ser &#8211; La iniciativa Sismovega, encabezada por Geociencias Barcelona (GEO3BCN-CSIC), se desarrollar\u00e1 en la comarca [&hellip;]<\/p>\n","protected":false},"author":2,"featured_media":0,"parent":0,"menu_order":0,"comment_status":"closed","ping_status":"closed","template":"elementor_header_footer","meta":{"_acf_changed":false,"footnotes":""},"class_list":["post-1230","page","type-page","status-publish","hentry"],"acf":[],"yoast_head":"<!-- This site is optimized with the Yoast SEO plugin v27.3 - https:\/\/yoast.com\/product\/yoast-seo-wordpress\/ -->\n<title>Fibra \u00f3ptica para estudiar terremotos | Proyecto SISMOVEGA<\/title>\n<meta name=\"description\" content=\"El CSIC lidera SISMOVEGA: un proyecto pionero en la Vega Baja que utiliza tecnolog\u00eda l\u00e1ser y fibra \u00f3ptica para detectar se\u00f1ales precursoras de terremotos.\" \/>\n<meta name=\"robots\" content=\"index, follow, max-snippet:-1, max-image-preview:large, max-video-preview:-1\" \/>\n<link rel=\"canonical\" href=\"https:\/\/sismovega.geo3bcn.csic.es\/es\/divulgacion\/\" \/>\n<meta property=\"og:locale\" content=\"es_ES\" \/>\n<meta property=\"og:type\" content=\"article\" \/>\n<meta property=\"og:title\" content=\"Fibra \u00f3ptica para estudiar terremotos | Proyecto SISMOVEGA\" \/>\n<meta property=\"og:description\" content=\"El CSIC lidera SISMOVEGA: un proyecto pionero en la Vega Baja que utiliza tecnolog\u00eda l\u00e1ser y fibra \u00f3ptica para detectar se\u00f1ales precursoras de terremotos.\" \/>\n<meta property=\"og:url\" content=\"https:\/\/sismovega.geo3bcn.csic.es\/es\/divulgacion\/\" \/>\n<meta property=\"og:site_name\" content=\"Geociencias Barcelona (GEO3BCN)\" \/>\n<meta property=\"article:modified_time\" content=\"2026-04-07T09:17:01+00:00\" \/>\n<meta name=\"twitter:card\" content=\"summary_large_image\" \/>\n<meta name=\"twitter:label1\" content=\"Tiempo de lectura\" \/>\n\t<meta name=\"twitter:data1\" content=\"1 minuto\" \/>\n<script type=\"application\/ld+json\" class=\"yoast-schema-graph\">{\"@context\":\"https:\\\/\\\/schema.org\",\"@graph\":[{\"@type\":\"WebPage\",\"@id\":\"https:\\\/\\\/sismovega.geo3bcn.csic.es\\\/es\\\/divulgacion\\\/\",\"url\":\"https:\\\/\\\/sismovega.geo3bcn.csic.es\\\/es\\\/divulgacion\\\/\",\"name\":\"Fibra \u00f3ptica para estudiar terremotos | Proyecto SISMOVEGA\",\"isPartOf\":{\"@id\":\"https:\\\/\\\/sismovega.geo3bcn.csic.es\\\/#website\"},\"datePublished\":\"2026-01-28T11:47:55+00:00\",\"dateModified\":\"2026-04-07T09:17:01+00:00\",\"description\":\"El CSIC lidera SISMOVEGA: un proyecto pionero en la Vega Baja que utiliza tecnolog\u00eda l\u00e1ser y fibra \u00f3ptica para detectar se\u00f1ales precursoras de terremotos.\",\"breadcrumb\":{\"@id\":\"https:\\\/\\\/sismovega.geo3bcn.csic.es\\\/es\\\/divulgacion\\\/#breadcrumb\"},\"inLanguage\":\"es\",\"potentialAction\":[{\"@type\":\"ReadAction\",\"target\":[\"https:\\\/\\\/sismovega.geo3bcn.csic.es\\\/es\\\/divulgacion\\\/\"]}]},{\"@type\":\"BreadcrumbList\",\"@id\":\"https:\\\/\\\/sismovega.geo3bcn.csic.es\\\/es\\\/divulgacion\\\/#breadcrumb\",\"itemListElement\":[{\"@type\":\"ListItem\",\"position\":1,\"name\":\"Home\",\"item\":\"https:\\\/\\\/sismovega.geo3bcn.csic.es\\\/es\\\/\"},{\"@type\":\"ListItem\",\"position\":2,\"name\":\"Divulgaci\u00f3n\"}]},{\"@type\":\"WebSite\",\"@id\":\"https:\\\/\\\/sismovega.geo3bcn.csic.es\\\/#website\",\"url\":\"https:\\\/\\\/sismovega.geo3bcn.csic.es\\\/\",\"name\":\"Geociencias Barcelona (GEO3BCN)\",\"description\":\"\",\"potentialAction\":[{\"@type\":\"SearchAction\",\"target\":{\"@type\":\"EntryPoint\",\"urlTemplate\":\"https:\\\/\\\/sismovega.geo3bcn.csic.es\\\/?s={search_term_string}\"},\"query-input\":{\"@type\":\"PropertyValueSpecification\",\"valueRequired\":true,\"valueName\":\"search_term_string\"}}],\"inLanguage\":\"es\"}]}<\/script>\n<!-- \/ Yoast SEO plugin. -->","yoast_head_json":{"title":"Fibra \u00f3ptica para estudiar terremotos | Proyecto SISMOVEGA","description":"El CSIC lidera SISMOVEGA: un proyecto pionero en la Vega Baja que utiliza tecnolog\u00eda l\u00e1ser y fibra \u00f3ptica para detectar se\u00f1ales precursoras de terremotos.","robots":{"index":"index","follow":"follow","max-snippet":"max-snippet:-1","max-image-preview":"max-image-preview:large","max-video-preview":"max-video-preview:-1"},"canonical":"https:\/\/sismovega.geo3bcn.csic.es\/es\/divulgacion\/","og_locale":"es_ES","og_type":"article","og_title":"Fibra \u00f3ptica para estudiar terremotos | Proyecto SISMOVEGA","og_description":"El CSIC lidera SISMOVEGA: un proyecto pionero en la Vega Baja que utiliza tecnolog\u00eda l\u00e1ser y fibra \u00f3ptica para detectar se\u00f1ales precursoras de terremotos.","og_url":"https:\/\/sismovega.geo3bcn.csic.es\/es\/divulgacion\/","og_site_name":"Geociencias Barcelona (GEO3BCN)","article_modified_time":"2026-04-07T09:17:01+00:00","twitter_card":"summary_large_image","twitter_misc":{"Tiempo de lectura":"1 minuto"},"schema":{"@context":"https:\/\/schema.org","@graph":[{"@type":"WebPage","@id":"https:\/\/sismovega.geo3bcn.csic.es\/es\/divulgacion\/","url":"https:\/\/sismovega.geo3bcn.csic.es\/es\/divulgacion\/","name":"Fibra \u00f3ptica para estudiar terremotos | Proyecto SISMOVEGA","isPartOf":{"@id":"https:\/\/sismovega.geo3bcn.csic.es\/#website"},"datePublished":"2026-01-28T11:47:55+00:00","dateModified":"2026-04-07T09:17:01+00:00","description":"El CSIC lidera SISMOVEGA: un proyecto pionero en la Vega Baja que utiliza tecnolog\u00eda l\u00e1ser y fibra \u00f3ptica para detectar se\u00f1ales precursoras de terremotos.","breadcrumb":{"@id":"https:\/\/sismovega.geo3bcn.csic.es\/es\/divulgacion\/#breadcrumb"},"inLanguage":"es","potentialAction":[{"@type":"ReadAction","target":["https:\/\/sismovega.geo3bcn.csic.es\/es\/divulgacion\/"]}]},{"@type":"BreadcrumbList","@id":"https:\/\/sismovega.geo3bcn.csic.es\/es\/divulgacion\/#breadcrumb","itemListElement":[{"@type":"ListItem","position":1,"name":"Home","item":"https:\/\/sismovega.geo3bcn.csic.es\/es\/"},{"@type":"ListItem","position":2,"name":"Divulgaci\u00f3n"}]},{"@type":"WebSite","@id":"https:\/\/sismovega.geo3bcn.csic.es\/#website","url":"https:\/\/sismovega.geo3bcn.csic.es\/","name":"Geociencias Barcelona (GEO3BCN)","description":"","potentialAction":[{"@type":"SearchAction","target":{"@type":"EntryPoint","urlTemplate":"https:\/\/sismovega.geo3bcn.csic.es\/?s={search_term_string}"},"query-input":{"@type":"PropertyValueSpecification","valueRequired":true,"valueName":"search_term_string"}}],"inLanguage":"es"}]}},"_links":{"self":[{"href":"https:\/\/sismovega.geo3bcn.csic.es\/es\/wp-json\/wp\/v2\/pages\/1230","targetHints":{"allow":["GET"]}}],"collection":[{"href":"https:\/\/sismovega.geo3bcn.csic.es\/es\/wp-json\/wp\/v2\/pages"}],"about":[{"href":"https:\/\/sismovega.geo3bcn.csic.es\/es\/wp-json\/wp\/v2\/types\/page"}],"author":[{"embeddable":true,"href":"https:\/\/sismovega.geo3bcn.csic.es\/es\/wp-json\/wp\/v2\/users\/2"}],"replies":[{"embeddable":true,"href":"https:\/\/sismovega.geo3bcn.csic.es\/es\/wp-json\/wp\/v2\/comments?post=1230"}],"version-history":[{"count":65,"href":"https:\/\/sismovega.geo3bcn.csic.es\/es\/wp-json\/wp\/v2\/pages\/1230\/revisions"}],"predecessor-version":[{"id":3067,"href":"https:\/\/sismovega.geo3bcn.csic.es\/es\/wp-json\/wp\/v2\/pages\/1230\/revisions\/3067"}],"wp:attachment":[{"href":"https:\/\/sismovega.geo3bcn.csic.es\/es\/wp-json\/wp\/v2\/media?parent=1230"}],"curies":[{"name":"wp","href":"https:\/\/api.w.org\/{rel}","templated":true}]}}