{"id":1260,"date":"2025-12-12T11:29:38","date_gmt":"2025-12-12T10:29:38","guid":{"rendered":"https:\/\/sismovega.geo3bcn.csic.es\/sponsors\/"},"modified":"2026-04-07T11:26:59","modified_gmt":"2026-04-07T09:26:59","slug":"patrocinadores","status":"publish","type":"page","link":"https:\/\/sismovega.geo3bcn.csic.es\/es\/patrocinadores\/","title":{"rendered":"Patrocinadores"},"content":{"rendered":"\t\t<div data-elementor-type=\"wp-page\" data-elementor-id=\"1260\" class=\"elementor elementor-1260 elementor-608\" data-elementor-post-type=\"page\">\n\t\t\t\t<div class=\"elementor-element elementor-element-1231699 e-flex e-con-boxed e-con e-parent\" data-id=\"1231699\" data-element_type=\"container\" data-e-type=\"container\" data-settings=\"{&quot;background_background&quot;:&quot;classic&quot;}\">\n\t\t\t\t\t<div class=\"e-con-inner\">\n\t\t\t\t<div class=\"elementor-element elementor-element-269455b elementor-widget elementor-widget-heading\" data-id=\"269455b\" data-element_type=\"widget\" data-e-type=\"widget\" data-widget_type=\"heading.default\">\n\t\t\t\t\t<h1 class=\"elementor-heading-title elementor-size-default\">Patrocinadores<\/h1>\t\t\t\t<\/div>\n\t\t\t\t<div class=\"elementor-element elementor-element-b70bd2a elementor-widget__width-auto elementor-widget-divider--separator-type-pattern elementor-widget-divider--view-line elementor-widget elementor-widget-divider\" data-id=\"b70bd2a\" data-element_type=\"widget\" data-e-type=\"widget\" data-widget_type=\"divider.default\">\n\t\t\t\t\t\t\t<div class=\"elementor-divider\" style=\"--divider-pattern-url: url(&quot;data:image\/svg+xml,%3Csvg xmlns=&#039;http:\/\/www.w3.org\/2000\/svg&#039; preserveAspectRatio=&#039;none&#039; overflow=&#039;visible&#039; height=&#039;100%&#039; viewBox=&#039;0 0 24 24&#039; fill=&#039;black&#039; stroke=&#039;none&#039;%3E%3Cpolygon points=&#039;9.4,2 24,2 14.6,21.6 0,21.6&#039;\/%3E%3C\/svg%3E&quot;);\">\n\t\t\t<span class=\"elementor-divider-separator\">\n\t\t\t\t\t\t<\/span>\n\t\t<\/div>\n\t\t\t\t\t\t<\/div>\n\t\t\t\t\t<\/div>\n\t\t\t\t<\/div>\n\t\t<div class=\"elementor-element elementor-element-4d3f497 e-flex e-con-boxed e-con e-parent\" data-id=\"4d3f497\" data-element_type=\"container\" data-e-type=\"container\">\n\t\t\t\t\t<div class=\"e-con-inner\">\n\t\t<div class=\"elementor-element elementor-element-f58e787 e-con-full e-flex e-con e-child\" data-id=\"f58e787\" data-element_type=\"container\" data-e-type=\"container\">\n\t\t\t\t<div class=\"elementor-element elementor-element-1c65d96 elementor-widget elementor-widget-text-editor\" data-id=\"1c65d96\" data-element_type=\"widget\" data-e-type=\"widget\" data-widget_type=\"text-editor.default\">\n\t\t\t\t\t\t\t\t\t<p>El proyecto SISMOVEGA est\u00e1 subvencionado a trav\u00e9s del programa Ram\u00f3n y Cajal (RYC2023-043480-I) y la Ayuda de Excelencia RyC-MaX (20253MAX006), financiados por el Ministerio de Ciencia, Innovaci\u00f3n y Universidades (MICIU), la Agencia Estatal de Investigaci\u00f3n (AEI), el Fondo Social Europeo Plus (FSE+) y el Consejo Superior de Investigaciones Cient\u00edficas (CSIC). Estos programas apoyan a investigadores destacados en la consolidaci\u00f3n de l\u00edneas de investigaci\u00f3n de alto impacto con una fuerte proyecci\u00f3n internacional.<\/p>\t\t\t\t\t\t\t\t<\/div>\n\t\t\t\t<div class=\"elementor-element elementor-element-1a1fa31 elementor-widget elementor-widget-text-editor\" data-id=\"1a1fa31\" data-element_type=\"widget\" data-e-type=\"widget\" data-widget_type=\"text-editor.default\">\n\t\t\t\t\t\t\t\t\t<p>Apoyo adicional para el proyecto y sus actividades de divulgaci\u00f3n es proporcionado por el instituto de investigaci\u00f3n Geociencias Barcelona (GEO3BCN\u2013CSIC), el cual ofrece el marco institucional, la infraestructura y el entorno colaborativo que hacen posible SISMOVEGA.<\/p>\t\t\t\t\t\t\t\t<\/div>\n\t\t\t\t<div class=\"elementor-element elementor-element-6f05e67 elementor-widget elementor-widget-text-editor\" data-id=\"6f05e67\" data-element_type=\"widget\" data-e-type=\"widget\" data-widget_type=\"text-editor.default\">\n\t\t\t\t\t\t\t\t\t<p data-path-to-node=\"0\">SISMOVEGA cuenta adem\u00e1s con el apoyo de la colaboraci\u00f3n con socios del sector privado comprometidos con la innovaci\u00f3n y el desarrollo territorial. Elanta, Avatel y Vega Fibra proporcionan soporte t\u00e9cnico e infraestructura de telecomunicaciones y fibra \u00f3ptica, esenciales para el experimento DAS y para la transmisi\u00f3n de datos en toda la comarca de la Vega Baja del Segura. Su participaci\u00f3n facilita el despliegue de tecnolog\u00edas avanzadas en condiciones reales y refleja un compromiso compartido con la ciencia, la resiliencia y el desarrollo regional.<\/p>\t\t\t\t\t\t\t\t<\/div>\n\t\t\t\t<\/div>\n\t\t\t\t\t<\/div>\n\t\t\t\t<\/div>\n\t\t<div class=\"elementor-element elementor-element-814a8f4 e-flex e-con-boxed e-con e-parent\" data-id=\"814a8f4\" data-element_type=\"container\" data-e-type=\"container\">\n\t\t\t\t\t<div class=\"e-con-inner\">\n\t\t\t\t<div class=\"elementor-element elementor-element-8c78a53 elementor-widget elementor-widget-image-carousel\" data-id=\"8c78a53\" data-element_type=\"widget\" data-e-type=\"widget\" data-settings=\"{&quot;slides_to_show&quot;:&quot;3&quot;,&quot;navigation&quot;:&quot;none&quot;,&quot;lazyload&quot;:&quot;yes&quot;,&quot;autoplay_speed&quot;:0,&quot;speed&quot;:9000,&quot;image_spacing_custom&quot;:{&quot;unit&quot;:&quot;px&quot;,&quot;size&quot;:100,&quot;sizes&quot;:[]},&quot;slides_to_scroll_mobile&quot;:&quot;1&quot;,&quot;autoplay&quot;:&quot;yes&quot;,&quot;pause_on_hover&quot;:&quot;yes&quot;,&quot;pause_on_interaction&quot;:&quot;yes&quot;,&quot;infinite&quot;:&quot;yes&quot;,&quot;image_spacing_custom_widescreen&quot;:{&quot;unit&quot;:&quot;px&quot;,&quot;size&quot;:&quot;&quot;,&quot;sizes&quot;:[]},&quot;image_spacing_custom_tablet&quot;:{&quot;unit&quot;:&quot;px&quot;,&quot;size&quot;:&quot;&quot;,&quot;sizes&quot;:[]},&quot;image_spacing_custom_mobile&quot;:{&quot;unit&quot;:&quot;px&quot;,&quot;size&quot;:&quot;&quot;,&quot;sizes&quot;:[]}}\" data-widget_type=\"image-carousel.default\">\n\t\t\t\t\t\t\t<div class=\"elementor-image-carousel-wrapper swiper\" role=\"region\" aria-roledescription=\"carousel\" aria-label=\"Image Carousel\" dir=\"ltr\">\n\t\t\t<div class=\"elementor-image-carousel swiper-wrapper\" aria-live=\"off\">\n\t\t\t\t\t\t\t\t<div class=\"swiper-slide\" role=\"group\" aria-roledescription=\"slide\" aria-label=\"1 de 6\"><figure class=\"swiper-slide-inner\"><img class=\"swiper-slide-image swiper-lazy\" data-src=\"https:\/\/sismovega.geo3bcn.csic.es\/wp-content\/uploads\/2026\/01\/1.jpg\" alt=\"1\" \/><div class=\"swiper-lazy-preloader\"><\/div><\/figure><\/div><div class=\"swiper-slide\" role=\"group\" aria-roledescription=\"slide\" aria-label=\"2 de 6\"><figure class=\"swiper-slide-inner\"><img class=\"swiper-slide-image swiper-lazy\" data-src=\"https:\/\/sismovega.geo3bcn.csic.es\/wp-content\/uploads\/2026\/01\/2-scaled.jpg\" alt=\"2\" \/><div class=\"swiper-lazy-preloader\"><\/div><\/figure><\/div><div class=\"swiper-slide\" role=\"group\" aria-roledescription=\"slide\" aria-label=\"3 de 6\"><figure class=\"swiper-slide-inner\"><img class=\"swiper-slide-image swiper-lazy\" data-src=\"https:\/\/sismovega.geo3bcn.csic.es\/wp-content\/uploads\/2026\/01\/3.jpg\" alt=\"3\" \/><div class=\"swiper-lazy-preloader\"><\/div><\/figure><\/div><div class=\"swiper-slide\" role=\"group\" aria-roledescription=\"slide\" aria-label=\"4 de 6\"><figure class=\"swiper-slide-inner\"><img class=\"swiper-slide-image swiper-lazy\" data-src=\"https:\/\/sismovega.geo3bcn.csic.es\/wp-content\/uploads\/2026\/01\/4.jpg\" alt=\"4\" \/><div class=\"swiper-lazy-preloader\"><\/div><\/figure><\/div><div class=\"swiper-slide\" role=\"group\" aria-roledescription=\"slide\" aria-label=\"5 de 6\"><figure class=\"swiper-slide-inner\"><img class=\"swiper-slide-image swiper-lazy\" data-src=\"https:\/\/sismovega.geo3bcn.csic.es\/wp-content\/uploads\/2026\/01\/5.jpg\" alt=\"5\" \/><div class=\"swiper-lazy-preloader\"><\/div><\/figure><\/div><div class=\"swiper-slide\" role=\"group\" aria-roledescription=\"slide\" aria-label=\"6 de 6\"><figure class=\"swiper-slide-inner\"><img class=\"swiper-slide-image swiper-lazy\" data-src=\"https:\/\/sismovega.geo3bcn.csic.es\/wp-content\/uploads\/2026\/03\/6.jpg\" alt=\"6\" \/><div class=\"swiper-lazy-preloader\"><\/div><\/figure><\/div>\t\t\t<\/div>\n\t\t\t\t\t\t\t\n\t\t\t\t\t\t\t\t\t<\/div>\n\t\t\t\t\t\t<\/div>\n\t\t\t\t\t<\/div>\n\t\t\t\t<\/div>\n\t\t\t\t<\/div>\n\t\t","protected":false},"excerpt":{"rendered":"<p>Patrocinadores El proyecto SISMOVEGA est\u00e1 subvencionado a trav\u00e9s del programa Ram\u00f3n y Cajal (RYC2023-043480-I) y la Ayuda de Excelencia RyC-MaX (20253MAX006), financiados por el Ministerio de Ciencia, Innovaci\u00f3n y Universidades (MICIU), la Agencia Estatal de Investigaci\u00f3n (AEI), el Fondo Social Europeo Plus (FSE+) y el Consejo Superior de Investigaciones Cient\u00edficas (CSIC). Estos programas apoyan a [&hellip;]<\/p>\n","protected":false},"author":1,"featured_media":0,"parent":0,"menu_order":0,"comment_status":"closed","ping_status":"closed","template":"elementor_header_footer","meta":{"_acf_changed":false,"footnotes":""},"class_list":["post-1260","page","type-page","status-publish","hentry"],"acf":[],"yoast_head":"<!-- This site is optimized with the Yoast SEO plugin v27.3 - https:\/\/yoast.com\/product\/yoast-seo-wordpress\/ -->\n<title>Patrocinadores | SISMOVEGA<\/title>\n<meta name=\"description\" content=\"Conozca a las organizaciones que apoyan a SISMOVEGA. Nuestros patrocinadores impulsan la innovaci\u00f3n y la seguridad comunitaria en la regi\u00f3n.\" \/>\n<meta name=\"robots\" content=\"index, follow, max-snippet:-1, max-image-preview:large, max-video-preview:-1\" \/>\n<link rel=\"canonical\" href=\"https:\/\/sismovega.geo3bcn.csic.es\/es\/patrocinadores\/\" \/>\n<meta property=\"og:locale\" content=\"es_ES\" \/>\n<meta property=\"og:type\" content=\"article\" \/>\n<meta property=\"og:title\" content=\"Patrocinadores | SISMOVEGA\" \/>\n<meta property=\"og:description\" content=\"Conozca a las organizaciones que apoyan a SISMOVEGA. Nuestros patrocinadores impulsan la innovaci\u00f3n y la seguridad comunitaria en la regi\u00f3n.\" \/>\n<meta property=\"og:url\" content=\"https:\/\/sismovega.geo3bcn.csic.es\/es\/patrocinadores\/\" \/>\n<meta property=\"og:site_name\" content=\"Geociencias Barcelona (GEO3BCN)\" \/>\n<meta property=\"article:modified_time\" content=\"2026-04-07T09:26:59+00:00\" \/>\n<meta property=\"og:image\" content=\"https:\/\/sismovega.geo3bcn.csic.es\/wp-content\/uploads\/2026\/01\/1.jpg\" \/>\n<meta name=\"twitter:card\" content=\"summary_large_image\" \/>\n<meta name=\"twitter:label1\" content=\"Tiempo de lectura\" \/>\n\t<meta name=\"twitter:data1\" content=\"3 minutos\" \/>\n<script type=\"application\/ld+json\" class=\"yoast-schema-graph\">{\"@context\":\"https:\\\/\\\/schema.org\",\"@graph\":[{\"@type\":\"WebPage\",\"@id\":\"https:\\\/\\\/sismovega.geo3bcn.csic.es\\\/es\\\/patrocinadores\\\/\",\"url\":\"https:\\\/\\\/sismovega.geo3bcn.csic.es\\\/es\\\/patrocinadores\\\/\",\"name\":\"Patrocinadores | SISMOVEGA\",\"isPartOf\":{\"@id\":\"https:\\\/\\\/sismovega.geo3bcn.csic.es\\\/#website\"},\"primaryImageOfPage\":{\"@id\":\"https:\\\/\\\/sismovega.geo3bcn.csic.es\\\/es\\\/patrocinadores\\\/#primaryimage\"},\"image\":{\"@id\":\"https:\\\/\\\/sismovega.geo3bcn.csic.es\\\/es\\\/patrocinadores\\\/#primaryimage\"},\"thumbnailUrl\":\"https:\\\/\\\/sismovega.geo3bcn.csic.es\\\/wp-content\\\/uploads\\\/2026\\\/01\\\/1.jpg\",\"datePublished\":\"2025-12-12T10:29:38+00:00\",\"dateModified\":\"2026-04-07T09:26:59+00:00\",\"description\":\"Conozca a las organizaciones que apoyan a SISMOVEGA. Nuestros patrocinadores impulsan la innovaci\u00f3n y la seguridad comunitaria en la regi\u00f3n.\",\"breadcrumb\":{\"@id\":\"https:\\\/\\\/sismovega.geo3bcn.csic.es\\\/es\\\/patrocinadores\\\/#breadcrumb\"},\"inLanguage\":\"es\",\"potentialAction\":[{\"@type\":\"ReadAction\",\"target\":[\"https:\\\/\\\/sismovega.geo3bcn.csic.es\\\/es\\\/patrocinadores\\\/\"]}]},{\"@type\":\"ImageObject\",\"inLanguage\":\"es\",\"@id\":\"https:\\\/\\\/sismovega.geo3bcn.csic.es\\\/es\\\/patrocinadores\\\/#primaryimage\",\"url\":\"https:\\\/\\\/sismovega.geo3bcn.csic.es\\\/wp-content\\\/uploads\\\/2026\\\/01\\\/1.jpg\",\"contentUrl\":\"https:\\\/\\\/sismovega.geo3bcn.csic.es\\\/wp-content\\\/uploads\\\/2026\\\/01\\\/1.jpg\"},{\"@type\":\"BreadcrumbList\",\"@id\":\"https:\\\/\\\/sismovega.geo3bcn.csic.es\\\/es\\\/patrocinadores\\\/#breadcrumb\",\"itemListElement\":[{\"@type\":\"ListItem\",\"position\":1,\"name\":\"Home\",\"item\":\"https:\\\/\\\/sismovega.geo3bcn.csic.es\\\/es\\\/\"},{\"@type\":\"ListItem\",\"position\":2,\"name\":\"Patrocinadores\"}]},{\"@type\":\"WebSite\",\"@id\":\"https:\\\/\\\/sismovega.geo3bcn.csic.es\\\/#website\",\"url\":\"https:\\\/\\\/sismovega.geo3bcn.csic.es\\\/\",\"name\":\"Geociencias Barcelona (GEO3BCN)\",\"description\":\"\",\"potentialAction\":[{\"@type\":\"SearchAction\",\"target\":{\"@type\":\"EntryPoint\",\"urlTemplate\":\"https:\\\/\\\/sismovega.geo3bcn.csic.es\\\/?s={search_term_string}\"},\"query-input\":{\"@type\":\"PropertyValueSpecification\",\"valueRequired\":true,\"valueName\":\"search_term_string\"}}],\"inLanguage\":\"es\"}]}<\/script>\n<!-- \/ Yoast SEO plugin. -->","yoast_head_json":{"title":"Patrocinadores | SISMOVEGA","description":"Conozca a las organizaciones que apoyan a SISMOVEGA. Nuestros patrocinadores impulsan la innovaci\u00f3n y la seguridad comunitaria en la regi\u00f3n.","robots":{"index":"index","follow":"follow","max-snippet":"max-snippet:-1","max-image-preview":"max-image-preview:large","max-video-preview":"max-video-preview:-1"},"canonical":"https:\/\/sismovega.geo3bcn.csic.es\/es\/patrocinadores\/","og_locale":"es_ES","og_type":"article","og_title":"Patrocinadores | SISMOVEGA","og_description":"Conozca a las organizaciones que apoyan a SISMOVEGA. Nuestros patrocinadores impulsan la innovaci\u00f3n y la seguridad comunitaria en la regi\u00f3n.","og_url":"https:\/\/sismovega.geo3bcn.csic.es\/es\/patrocinadores\/","og_site_name":"Geociencias Barcelona (GEO3BCN)","article_modified_time":"2026-04-07T09:26:59+00:00","og_image":[{"url":"https:\/\/sismovega.geo3bcn.csic.es\/wp-content\/uploads\/2026\/01\/1.jpg","type":"","width":"","height":""}],"twitter_card":"summary_large_image","twitter_misc":{"Tiempo de lectura":"3 minutos"},"schema":{"@context":"https:\/\/schema.org","@graph":[{"@type":"WebPage","@id":"https:\/\/sismovega.geo3bcn.csic.es\/es\/patrocinadores\/","url":"https:\/\/sismovega.geo3bcn.csic.es\/es\/patrocinadores\/","name":"Patrocinadores | SISMOVEGA","isPartOf":{"@id":"https:\/\/sismovega.geo3bcn.csic.es\/#website"},"primaryImageOfPage":{"@id":"https:\/\/sismovega.geo3bcn.csic.es\/es\/patrocinadores\/#primaryimage"},"image":{"@id":"https:\/\/sismovega.geo3bcn.csic.es\/es\/patrocinadores\/#primaryimage"},"thumbnailUrl":"https:\/\/sismovega.geo3bcn.csic.es\/wp-content\/uploads\/2026\/01\/1.jpg","datePublished":"2025-12-12T10:29:38+00:00","dateModified":"2026-04-07T09:26:59+00:00","description":"Conozca a las organizaciones que apoyan a SISMOVEGA. Nuestros patrocinadores impulsan la innovaci\u00f3n y la seguridad comunitaria en la regi\u00f3n.","breadcrumb":{"@id":"https:\/\/sismovega.geo3bcn.csic.es\/es\/patrocinadores\/#breadcrumb"},"inLanguage":"es","potentialAction":[{"@type":"ReadAction","target":["https:\/\/sismovega.geo3bcn.csic.es\/es\/patrocinadores\/"]}]},{"@type":"ImageObject","inLanguage":"es","@id":"https:\/\/sismovega.geo3bcn.csic.es\/es\/patrocinadores\/#primaryimage","url":"https:\/\/sismovega.geo3bcn.csic.es\/wp-content\/uploads\/2026\/01\/1.jpg","contentUrl":"https:\/\/sismovega.geo3bcn.csic.es\/wp-content\/uploads\/2026\/01\/1.jpg"},{"@type":"BreadcrumbList","@id":"https:\/\/sismovega.geo3bcn.csic.es\/es\/patrocinadores\/#breadcrumb","itemListElement":[{"@type":"ListItem","position":1,"name":"Home","item":"https:\/\/sismovega.geo3bcn.csic.es\/es\/"},{"@type":"ListItem","position":2,"name":"Patrocinadores"}]},{"@type":"WebSite","@id":"https:\/\/sismovega.geo3bcn.csic.es\/#website","url":"https:\/\/sismovega.geo3bcn.csic.es\/","name":"Geociencias Barcelona (GEO3BCN)","description":"","potentialAction":[{"@type":"SearchAction","target":{"@type":"EntryPoint","urlTemplate":"https:\/\/sismovega.geo3bcn.csic.es\/?s={search_term_string}"},"query-input":{"@type":"PropertyValueSpecification","valueRequired":true,"valueName":"search_term_string"}}],"inLanguage":"es"}]}},"_links":{"self":[{"href":"https:\/\/sismovega.geo3bcn.csic.es\/es\/wp-json\/wp\/v2\/pages\/1260","targetHints":{"allow":["GET"]}}],"collection":[{"href":"https:\/\/sismovega.geo3bcn.csic.es\/es\/wp-json\/wp\/v2\/pages"}],"about":[{"href":"https:\/\/sismovega.geo3bcn.csic.es\/es\/wp-json\/wp\/v2\/types\/page"}],"author":[{"embeddable":true,"href":"https:\/\/sismovega.geo3bcn.csic.es\/es\/wp-json\/wp\/v2\/users\/1"}],"replies":[{"embeddable":true,"href":"https:\/\/sismovega.geo3bcn.csic.es\/es\/wp-json\/wp\/v2\/comments?post=1260"}],"version-history":[{"count":49,"href":"https:\/\/sismovega.geo3bcn.csic.es\/es\/wp-json\/wp\/v2\/pages\/1260\/revisions"}],"predecessor-version":[{"id":2958,"href":"https:\/\/sismovega.geo3bcn.csic.es\/es\/wp-json\/wp\/v2\/pages\/1260\/revisions\/2958"}],"wp:attachment":[{"href":"https:\/\/sismovega.geo3bcn.csic.es\/es\/wp-json\/wp\/v2\/media?parent=1260"}],"curies":[{"name":"wp","href":"https:\/\/api.w.org\/{rel}","templated":true}]}}