{"id":1287,"date":"2025-12-12T10:51:35","date_gmt":"2025-12-12T09:51:35","guid":{"rendered":"https:\/\/sismovega.geo3bcn.csic.es\/equipment\/"},"modified":"2026-04-07T11:10:00","modified_gmt":"2026-04-07T09:10:00","slug":"equipamiento","status":"publish","type":"page","link":"https:\/\/sismovega.geo3bcn.csic.es\/es\/equipamiento\/","title":{"rendered":"Equipamiento"},"content":{"rendered":"\t\t<div data-elementor-type=\"wp-page\" data-elementor-id=\"1287\" class=\"elementor elementor-1287 elementor-549\" data-elementor-post-type=\"page\">\n\t\t\t\t<div class=\"elementor-element elementor-element-1231699 e-flex e-con-boxed e-con e-parent\" data-id=\"1231699\" data-element_type=\"container\" data-e-type=\"container\" data-settings=\"{&quot;background_background&quot;:&quot;classic&quot;}\">\n\t\t\t\t\t<div class=\"e-con-inner\">\n\t\t\t\t<div class=\"elementor-element elementor-element-269455b elementor-widget elementor-widget-heading\" data-id=\"269455b\" data-element_type=\"widget\" data-e-type=\"widget\" data-widget_type=\"heading.default\">\n\t\t\t\t\t<h1 class=\"elementor-heading-title elementor-size-default\">Equipamiento<\/h1>\t\t\t\t<\/div>\n\t\t\t\t<div class=\"elementor-element elementor-element-a8c59c2 elementor-widget__width-auto elementor-widget-divider--separator-type-pattern elementor-widget-divider--view-line elementor-widget elementor-widget-divider\" data-id=\"a8c59c2\" data-element_type=\"widget\" data-e-type=\"widget\" data-widget_type=\"divider.default\">\n\t\t\t\t\t\t\t<div class=\"elementor-divider\" style=\"--divider-pattern-url: url(&quot;data:image\/svg+xml,%3Csvg xmlns=&#039;http:\/\/www.w3.org\/2000\/svg&#039; preserveAspectRatio=&#039;none&#039; overflow=&#039;visible&#039; height=&#039;100%&#039; viewBox=&#039;0 0 24 24&#039; fill=&#039;black&#039; stroke=&#039;none&#039;%3E%3Cpolygon points=&#039;9.4,2 24,2 14.6,21.6 0,21.6&#039;\/%3E%3C\/svg%3E&quot;);\">\n\t\t\t<span class=\"elementor-divider-separator\">\n\t\t\t\t\t\t<\/span>\n\t\t<\/div>\n\t\t\t\t\t\t<\/div>\n\t\t\t\t\t<\/div>\n\t\t\t\t<\/div>\n\t\t<div class=\"elementor-element elementor-element-4d3f497 e-flex e-con-boxed e-con e-parent\" data-id=\"4d3f497\" data-element_type=\"container\" data-e-type=\"container\">\n\t\t\t\t\t<div class=\"e-con-inner\">\n\t\t<div class=\"elementor-element elementor-element-f58e787 e-con-full e-flex e-con e-child\" data-id=\"f58e787\" data-element_type=\"container\" data-e-type=\"container\">\n\t\t\t\t<div class=\"elementor-element elementor-element-df82880 elementor-widget elementor-widget-heading\" data-id=\"df82880\" data-element_type=\"widget\" data-e-type=\"widget\" data-widget_type=\"heading.default\">\n\t\t\t\t\t<h3 class=\"elementor-heading-title elementor-size-default\">Detecci\u00f3n Ac\u00fastica Distribuida (DAS)<\/h3>\t\t\t\t<\/div>\n\t\t\t\t<div class=\"elementor-element elementor-element-1c65d96 elementor-widget elementor-widget-text-editor\" data-id=\"1c65d96\" data-element_type=\"widget\" data-e-type=\"widget\" data-widget_type=\"text-editor.default\">\n\t\t\t\t\t\t\t\t\t<p>El proyecto SISMOVEGA utiliza la Detecci\u00f3n Ac\u00fastica Distribuida (DAS) como su tecnolog\u00eda principal para detectar y analizar la actividad s\u00edsmica, un enfoque de vanguardia que est\u00e1 transformando la manera en que los cient\u00edficos observan y comprenden los procesos din\u00e1micos de la Tierra.<\/p>\t\t\t\t\t\t\t\t<\/div>\n\t\t\t\t<div class=\"elementor-element elementor-element-287a4f0 elementor-widget elementor-widget-text-editor\" data-id=\"287a4f0\" data-element_type=\"widget\" data-e-type=\"widget\" data-widget_type=\"text-editor.default\">\n\t\t\t\t\t\t\t\t\t<p data-path-to-node=\"0\">Los sistemas DAS utilizan cables de fibra \u00f3ptica est\u00e1ndar, ya sean de nueva instalaci\u00f3n o reutilizados de infraestructuras de telecomunicaciones existentes, y los convierten en densas matrices de sensores s\u00edsmicos. Una unidad interrogadora DAS env\u00eda pulsos cortos de luz l\u00e1ser a trav\u00e9s de la fibra; a medida que la luz viaja, una peque\u00f1a fracci\u00f3n es retrodispersada por imperfecciones microsc\u00f3picas en el vidrio.<\/p>\t\t\t\t\t\t\t\t<\/div>\n\t\t\t\t<div class=\"elementor-element elementor-element-a60afb1 elementor-widget elementor-widget-text-editor\" data-id=\"a60afb1\" data-element_type=\"widget\" data-e-type=\"widget\" data-widget_type=\"text-editor.default\">\n\t\t\t\t\t\t\t\t\t<div class=\"container\"><div id=\"model-response-message-contentr_b1b030cf156b9bf0\" class=\"markdown markdown-main-panel stronger enable-updated-hr-color\" dir=\"ltr\" aria-live=\"polite\" aria-busy=\"false\"><p data-path-to-node=\"0\">Cuando el suelo se mueve, la fibra se estira o se comprime, alterando la fase de la luz retrodispersada. Al medir continuamente estos min\u00fasculos cambios de fase en intervalos de apenas unos pocos metros, el sistema puede detectar vibraciones a lo largo de toda la extensi\u00f3n del cable, creando eficazmente miles de sensores a partir de un solo hilo de fibra.<\/p><\/div><\/div>\t\t\t\t\t\t\t\t<\/div>\n\t\t\t\t<\/div>\n\t\t<div class=\"elementor-element elementor-element-ffc158e e-con-full e-flex e-con e-child\" data-id=\"ffc158e\" data-element_type=\"container\" data-e-type=\"container\">\n\t\t\t\t<div class=\"elementor-element elementor-element-edf888b elementor-widget elementor-widget-image\" data-id=\"edf888b\" data-element_type=\"widget\" data-e-type=\"widget\" data-widget_type=\"image.default\">\n\t\t\t\t\t\t\t\t\t\t\t\t\t\t\t<img fetchpriority=\"high\" decoding=\"async\" width=\"800\" height=\"534\" src=\"https:\/\/sismovega.geo3bcn.csic.es\/wp-content\/uploads\/2025\/12\/DAS_cartoon-1024x683.jpg\" class=\"attachment-large size-large wp-image-1288\" alt=\"\" srcset=\"https:\/\/sismovega.geo3bcn.csic.es\/wp-content\/uploads\/2025\/12\/DAS_cartoon-1024x683.jpg 1024w, https:\/\/sismovega.geo3bcn.csic.es\/wp-content\/uploads\/2025\/12\/DAS_cartoon-300x200.jpg 300w, https:\/\/sismovega.geo3bcn.csic.es\/wp-content\/uploads\/2025\/12\/DAS_cartoon-768x512.jpg 768w, https:\/\/sismovega.geo3bcn.csic.es\/wp-content\/uploads\/2025\/12\/DAS_cartoon.jpg 1200w\" sizes=\"(max-width: 800px) 100vw, 800px\" \/>\t\t\t\t\t\t\t\t\t\t\t\t\t\t\t<\/div>\n\t\t\t\t<\/div>\n\t\t\t\t\t<\/div>\n\t\t\t\t<\/div>\n\t\t<div class=\"elementor-element elementor-element-c7bd6f9 e-flex e-con-boxed e-con e-parent\" data-id=\"c7bd6f9\" data-element_type=\"container\" data-e-type=\"container\">\n\t\t\t\t\t<div class=\"e-con-inner\">\n\t\t\t\t<div class=\"elementor-element elementor-element-4c6af45 e-n-tabs-none elementor-widget-mobile__width-inherit elementor-widget elementor-widget-n-tabs\" data-id=\"4c6af45\" data-element_type=\"widget\" data-e-type=\"widget\" data-settings=\"{&quot;tabs_justify_horizontal_mobile&quot;:&quot;stretch&quot;,&quot;horizontal_scroll_mobile&quot;:&quot;disable&quot;,&quot;horizontal_scroll&quot;:&quot;disable&quot;}\" data-widget_type=\"nested-tabs.default\">\n\t\t\t\t\t\t\t<div class=\"e-n-tabs\" data-widget-number=\"80129861\" aria-label=\"Pesta\u00f1as. Abre elementos con Intro o Espacio, ci\u00e9rralos con Escape y navega con las fechas.\">\n\t\t\t<div class=\"e-n-tabs-heading\" role=\"tablist\">\n\t\t\t\t\t<button id=\"e-n-tab-title-801298611\" data-tab-title-id=\"e-n-tab-title-801298611\" class=\"e-n-tab-title\" aria-selected=\"true\" data-tab-index=\"1\" role=\"tab\" tabindex=\"0\" aria-controls=\"e-n-tab-content-801298611\" style=\"--n-tabs-title-order: 1;\">\n\t\t\t\t\t\t<span class=\"e-n-tab-title-text\">\n\t\t\t\tCAMPO: El centro de monitoreo\t\t\t<\/span>\n\t\t<\/button>\n\t\t\t\t<button id=\"e-n-tab-title-801298612\" data-tab-title-id=\"e-n-tab-title-801298612\" class=\"e-n-tab-title\" aria-selected=\"false\" data-tab-index=\"2\" role=\"tab\" tabindex=\"-1\" aria-controls=\"e-n-tab-content-801298612\" style=\"--n-tabs-title-order: 2;\">\n\t\t\t\t\t\t<span class=\"e-n-tab-title-text\">\n\t\t\t\tSistema de monitoreo h\u00edbrido\t\t\t<\/span>\n\t\t<\/button>\n\t\t\t\t<button id=\"e-n-tab-title-801298613\" data-tab-title-id=\"e-n-tab-title-801298613\" class=\"e-n-tab-title\" aria-selected=\"false\" data-tab-index=\"3\" role=\"tab\" tabindex=\"-1\" aria-controls=\"e-n-tab-content-801298613\" style=\"--n-tabs-title-order: 3;\">\n\t\t\t\t\t\t<span class=\"e-n-tab-title-text\">\n\t\t\t\tUn banco de pruebas tecnol\u00f3gico\t\t\t<\/span>\n\t\t<\/button>\n\t\t\t\t\t<\/div>\n\t\t\t<div class=\"e-n-tabs-content\">\n\t\t\t\t<div id=\"e-n-tab-content-801298611\" role=\"tabpanel\" aria-labelledby=\"e-n-tab-title-801298611\" data-tab-index=\"1\" style=\"--n-tabs-title-order: 1;\" class=\"e-active elementor-element elementor-element-9fba7c6 e-con-full e-flex e-con e-child\" data-id=\"9fba7c6\" data-element_type=\"container\" data-e-type=\"container\">\n\t\t<div class=\"elementor-element elementor-element-b951f25 e-flex e-con-boxed e-con e-child\" data-id=\"b951f25\" data-element_type=\"container\" data-e-type=\"container\">\n\t\t\t\t\t<div class=\"e-con-inner\">\n\t\t\t\t<div class=\"elementor-element elementor-element-e9ce064 elementor-widget-mobile__width-inherit elementor-widget elementor-widget-text-editor\" data-id=\"e9ce064\" data-element_type=\"widget\" data-e-type=\"widget\" data-widget_type=\"text-editor.default\">\n\t\t\t\t\t\t\t\t\t<p data-path-to-node=\"0\">Dentro de SISMOVEGA, la tecnolog\u00eda de <b data-path-to-node=\"0\" data-index-in-node=\"38\">Detecci\u00f3n Ac\u00fastica Distribuida (DAS)<\/b> se instalar\u00e1 en el recientemente establecido <b data-path-to-node=\"0\" data-index-in-node=\"120\">Centro para el An\u00e1lisis y Monitorizaci\u00f3n de procesos s\u00edsmicos con fibra \u00d3ptica (CAMPO)<\/b>. Desde este centro, se desplegar\u00e1n cables de fibra \u00f3ptica por toda la regi\u00f3n de la Vega Baja del Segura para registrar ondas s\u00edsmicas, deformaci\u00f3n del terreno y ruido ambiental con una resoluci\u00f3n espacial y temporal excepcional. Los datos resultantes abrir\u00e1n nuevas v\u00edas para investigar la evoluci\u00f3n de la tensi\u00f3n cortical y las interacciones de fallas asociadas con la actividad s\u00edsmica tanto natural como inducida por el hombre.<\/p>\t\t\t\t\t\t\t\t<\/div>\n\t\t\t\t\t<\/div>\n\t\t\t\t<\/div>\n\t\t\t\t<\/div>\n\t\t<div id=\"e-n-tab-content-801298612\" role=\"tabpanel\" aria-labelledby=\"e-n-tab-title-801298612\" data-tab-index=\"2\" style=\"--n-tabs-title-order: 2;\" class=\" elementor-element elementor-element-eb11a90 e-con-full e-flex e-con e-child\" data-id=\"eb11a90\" data-element_type=\"container\" data-e-type=\"container\">\n\t\t<div class=\"elementor-element elementor-element-a083ee6 e-flex e-con-boxed e-con e-child\" data-id=\"a083ee6\" data-element_type=\"container\" data-e-type=\"container\">\n\t\t\t\t\t<div class=\"e-con-inner\">\n\t\t\t\t<div class=\"elementor-element elementor-element-ea93c9e elementor-widget elementor-widget-text-editor\" data-id=\"ea93c9e\" data-element_type=\"widget\" data-e-type=\"widget\" data-widget_type=\"text-editor.default\">\n\t\t\t\t\t\t\t\t\t<div class=\"container\"><div id=\"model-response-message-contentr_0715aa935414c3d0\" class=\"markdown markdown-main-panel stronger enable-updated-hr-color\" dir=\"ltr\" aria-live=\"polite\" aria-busy=\"false\"><p data-path-to-node=\"0\">La red DAS complementar\u00e1 los instrumentos s\u00edsmicos existentes, creando un sistema h\u00edbrido que combina la amplia cobertura espacial de la detecci\u00f3n por fibra \u00f3ptica con la precisi\u00f3n y el rendimiento de los sism\u00f3metros de banda ancha convencionales. Esta configuraci\u00f3n integrada permite aplicaciones avanzadas como la obtenci\u00f3n de im\u00e1genes pasivas del subsuelo de alta resoluci\u00f3n, el monitoreo de la microsismicidad inducida por fluidos y el seguimiento de vibraciones ambientales generadas por fuentes como el tr\u00e1fico o las ondas oce\u00e1nicas.<\/p><\/div><\/div>\t\t\t\t\t\t\t\t<\/div>\n\t\t\t\t\t<\/div>\n\t\t\t\t<\/div>\n\t\t\t\t<\/div>\n\t\t<div id=\"e-n-tab-content-801298613\" role=\"tabpanel\" aria-labelledby=\"e-n-tab-title-801298613\" data-tab-index=\"3\" style=\"--n-tabs-title-order: 3;\" class=\" elementor-element elementor-element-35d0315 e-con-full e-flex e-con e-child\" data-id=\"35d0315\" data-element_type=\"container\" data-e-type=\"container\">\n\t\t<div class=\"elementor-element elementor-element-10e5124 e-flex e-con-boxed e-con e-child\" data-id=\"10e5124\" data-element_type=\"container\" data-e-type=\"container\">\n\t\t\t\t\t<div class=\"e-con-inner\">\n\t\t\t\t<div class=\"elementor-element elementor-element-e192796 elementor-widget elementor-widget-text-editor\" data-id=\"e192796\" data-element_type=\"widget\" data-e-type=\"widget\" data-widget_type=\"text-editor.default\">\n\t\t\t\t\t\t\t\t\t<p>M\u00e1s all\u00e1 de su valor cient\u00edfico, el despliegue del sistema DAS en SISMOVEGA sirve como un banco de pruebas tecnol\u00f3gico para desarrollar y validar herramientas de monitorizaci\u00f3n y pron\u00f3stico de \u00faltima generaci\u00f3n. Al aprovechar la infraestructura de fibra local y la colaboraci\u00f3n abierta con la comunidad investigadora, el proyecto tiene como objetivo posicionar a la Vega Baja del Segura como un sitio de referencia para la detecci\u00f3n distribuida y la evaluaci\u00f3n de riesgos s\u00edsmicos, contribuyendo al mismo tiempo a objetivos m\u00e1s amplios de detecci\u00f3n temprana, concienciaci\u00f3n comunitaria y resiliencia regional.<\/p>\t\t\t\t\t\t\t\t<\/div>\n\t\t\t\t\t<\/div>\n\t\t\t\t<\/div>\n\t\t\t\t<\/div>\n\t\t\t\t\t<\/div>\n\t\t<\/div>\n\t\t\t\t\t\t<\/div>\n\t\t\t\t\t<\/div>\n\t\t\t\t<\/div>\n\t\t\t\t<\/div>\n\t\t","protected":false},"excerpt":{"rendered":"<p>Equipamiento Detecci\u00f3n Ac\u00fastica Distribuida (DAS) El proyecto SISMOVEGA utiliza la Detecci\u00f3n Ac\u00fastica Distribuida (DAS) como su tecnolog\u00eda principal para detectar y analizar la actividad s\u00edsmica, un enfoque de vanguardia que est\u00e1 transformando la manera en que los cient\u00edficos observan y comprenden los procesos din\u00e1micos de la Tierra. Los sistemas DAS utilizan cables de fibra \u00f3ptica [&hellip;]<\/p>\n","protected":false},"author":1,"featured_media":0,"parent":0,"menu_order":0,"comment_status":"closed","ping_status":"closed","template":"elementor_header_footer","meta":{"_acf_changed":false,"footnotes":""},"class_list":["post-1287","page","type-page","status-publish","hentry"],"acf":[],"yoast_head":"<!-- This site is optimized with the Yoast SEO plugin v27.3 - https:\/\/yoast.com\/product\/yoast-seo-wordpress\/ -->\n<title>Equipos de monitorizaci\u00f3n Sismovega | Tecnolog\u00eda DAS<\/title>\n<meta name=\"description\" content=\"Descubra la instrumentaci\u00f3n avanzada que utiliza SISMOVEGA. Transformamos los cables de fibra \u00f3ptica existentes en sensores s\u00edsmicos de alta resoluci\u00f3n.\" \/>\n<meta name=\"robots\" content=\"index, follow, max-snippet:-1, max-image-preview:large, max-video-preview:-1\" \/>\n<link rel=\"canonical\" href=\"https:\/\/sismovega.geo3bcn.csic.es\/es\/equipamiento\/\" \/>\n<meta property=\"og:locale\" content=\"es_ES\" \/>\n<meta property=\"og:type\" content=\"article\" \/>\n<meta property=\"og:title\" content=\"Equipos de monitorizaci\u00f3n Sismovega | Tecnolog\u00eda DAS\" \/>\n<meta property=\"og:description\" content=\"Descubra la instrumentaci\u00f3n avanzada que utiliza SISMOVEGA. Transformamos los cables de fibra \u00f3ptica existentes en sensores s\u00edsmicos de alta resoluci\u00f3n.\" \/>\n<meta property=\"og:url\" content=\"https:\/\/sismovega.geo3bcn.csic.es\/es\/equipamiento\/\" \/>\n<meta property=\"og:site_name\" content=\"Geociencias Barcelona (GEO3BCN)\" \/>\n<meta property=\"article:modified_time\" content=\"2026-04-07T09:10:00+00:00\" \/>\n<meta property=\"og:image\" content=\"https:\/\/sismovega.geo3bcn.csic.es\/wp-content\/uploads\/2025\/12\/DAS_cartoon-1024x683.jpg\" \/>\n<meta name=\"twitter:card\" content=\"summary_large_image\" \/>\n<meta name=\"twitter:label1\" content=\"Tiempo de lectura\" \/>\n\t<meta name=\"twitter:data1\" content=\"4 minutos\" \/>\n<script type=\"application\/ld+json\" class=\"yoast-schema-graph\">{\"@context\":\"https:\\\/\\\/schema.org\",\"@graph\":[{\"@type\":\"WebPage\",\"@id\":\"https:\\\/\\\/sismovega.geo3bcn.csic.es\\\/es\\\/equipamiento\\\/\",\"url\":\"https:\\\/\\\/sismovega.geo3bcn.csic.es\\\/es\\\/equipamiento\\\/\",\"name\":\"Equipos de monitorizaci\u00f3n Sismovega | Tecnolog\u00eda DAS\",\"isPartOf\":{\"@id\":\"https:\\\/\\\/sismovega.geo3bcn.csic.es\\\/#website\"},\"primaryImageOfPage\":{\"@id\":\"https:\\\/\\\/sismovega.geo3bcn.csic.es\\\/es\\\/equipamiento\\\/#primaryimage\"},\"image\":{\"@id\":\"https:\\\/\\\/sismovega.geo3bcn.csic.es\\\/es\\\/equipamiento\\\/#primaryimage\"},\"thumbnailUrl\":\"https:\\\/\\\/sismovega.geo3bcn.csic.es\\\/wp-content\\\/uploads\\\/2025\\\/12\\\/DAS_cartoon-1024x683.jpg\",\"datePublished\":\"2025-12-12T09:51:35+00:00\",\"dateModified\":\"2026-04-07T09:10:00+00:00\",\"description\":\"Descubra la instrumentaci\u00f3n avanzada que utiliza SISMOVEGA. Transformamos los cables de fibra \u00f3ptica existentes en sensores s\u00edsmicos de alta resoluci\u00f3n.\",\"breadcrumb\":{\"@id\":\"https:\\\/\\\/sismovega.geo3bcn.csic.es\\\/es\\\/equipamiento\\\/#breadcrumb\"},\"inLanguage\":\"es\",\"potentialAction\":[{\"@type\":\"ReadAction\",\"target\":[\"https:\\\/\\\/sismovega.geo3bcn.csic.es\\\/es\\\/equipamiento\\\/\"]}]},{\"@type\":\"ImageObject\",\"inLanguage\":\"es\",\"@id\":\"https:\\\/\\\/sismovega.geo3bcn.csic.es\\\/es\\\/equipamiento\\\/#primaryimage\",\"url\":\"https:\\\/\\\/sismovega.geo3bcn.csic.es\\\/wp-content\\\/uploads\\\/2025\\\/12\\\/DAS_cartoon-1024x683.jpg\",\"contentUrl\":\"https:\\\/\\\/sismovega.geo3bcn.csic.es\\\/wp-content\\\/uploads\\\/2025\\\/12\\\/DAS_cartoon-1024x683.jpg\"},{\"@type\":\"BreadcrumbList\",\"@id\":\"https:\\\/\\\/sismovega.geo3bcn.csic.es\\\/es\\\/equipamiento\\\/#breadcrumb\",\"itemListElement\":[{\"@type\":\"ListItem\",\"position\":1,\"name\":\"Home\",\"item\":\"https:\\\/\\\/sismovega.geo3bcn.csic.es\\\/es\\\/\"},{\"@type\":\"ListItem\",\"position\":2,\"name\":\"Equipamiento\"}]},{\"@type\":\"WebSite\",\"@id\":\"https:\\\/\\\/sismovega.geo3bcn.csic.es\\\/#website\",\"url\":\"https:\\\/\\\/sismovega.geo3bcn.csic.es\\\/\",\"name\":\"Geociencias Barcelona (GEO3BCN)\",\"description\":\"\",\"potentialAction\":[{\"@type\":\"SearchAction\",\"target\":{\"@type\":\"EntryPoint\",\"urlTemplate\":\"https:\\\/\\\/sismovega.geo3bcn.csic.es\\\/?s={search_term_string}\"},\"query-input\":{\"@type\":\"PropertyValueSpecification\",\"valueRequired\":true,\"valueName\":\"search_term_string\"}}],\"inLanguage\":\"es\"}]}<\/script>\n<!-- \/ Yoast SEO plugin. -->","yoast_head_json":{"title":"Equipos de monitorizaci\u00f3n Sismovega | Tecnolog\u00eda DAS","description":"Descubra la instrumentaci\u00f3n avanzada que utiliza SISMOVEGA. Transformamos los cables de fibra \u00f3ptica existentes en sensores s\u00edsmicos de alta resoluci\u00f3n.","robots":{"index":"index","follow":"follow","max-snippet":"max-snippet:-1","max-image-preview":"max-image-preview:large","max-video-preview":"max-video-preview:-1"},"canonical":"https:\/\/sismovega.geo3bcn.csic.es\/es\/equipamiento\/","og_locale":"es_ES","og_type":"article","og_title":"Equipos de monitorizaci\u00f3n Sismovega | Tecnolog\u00eda DAS","og_description":"Descubra la instrumentaci\u00f3n avanzada que utiliza SISMOVEGA. Transformamos los cables de fibra \u00f3ptica existentes en sensores s\u00edsmicos de alta resoluci\u00f3n.","og_url":"https:\/\/sismovega.geo3bcn.csic.es\/es\/equipamiento\/","og_site_name":"Geociencias Barcelona (GEO3BCN)","article_modified_time":"2026-04-07T09:10:00+00:00","og_image":[{"url":"https:\/\/sismovega.geo3bcn.csic.es\/wp-content\/uploads\/2025\/12\/DAS_cartoon-1024x683.jpg","type":"","width":"","height":""}],"twitter_card":"summary_large_image","twitter_misc":{"Tiempo de lectura":"4 minutos"},"schema":{"@context":"https:\/\/schema.org","@graph":[{"@type":"WebPage","@id":"https:\/\/sismovega.geo3bcn.csic.es\/es\/equipamiento\/","url":"https:\/\/sismovega.geo3bcn.csic.es\/es\/equipamiento\/","name":"Equipos de monitorizaci\u00f3n Sismovega | Tecnolog\u00eda DAS","isPartOf":{"@id":"https:\/\/sismovega.geo3bcn.csic.es\/#website"},"primaryImageOfPage":{"@id":"https:\/\/sismovega.geo3bcn.csic.es\/es\/equipamiento\/#primaryimage"},"image":{"@id":"https:\/\/sismovega.geo3bcn.csic.es\/es\/equipamiento\/#primaryimage"},"thumbnailUrl":"https:\/\/sismovega.geo3bcn.csic.es\/wp-content\/uploads\/2025\/12\/DAS_cartoon-1024x683.jpg","datePublished":"2025-12-12T09:51:35+00:00","dateModified":"2026-04-07T09:10:00+00:00","description":"Descubra la instrumentaci\u00f3n avanzada que utiliza SISMOVEGA. Transformamos los cables de fibra \u00f3ptica existentes en sensores s\u00edsmicos de alta resoluci\u00f3n.","breadcrumb":{"@id":"https:\/\/sismovega.geo3bcn.csic.es\/es\/equipamiento\/#breadcrumb"},"inLanguage":"es","potentialAction":[{"@type":"ReadAction","target":["https:\/\/sismovega.geo3bcn.csic.es\/es\/equipamiento\/"]}]},{"@type":"ImageObject","inLanguage":"es","@id":"https:\/\/sismovega.geo3bcn.csic.es\/es\/equipamiento\/#primaryimage","url":"https:\/\/sismovega.geo3bcn.csic.es\/wp-content\/uploads\/2025\/12\/DAS_cartoon-1024x683.jpg","contentUrl":"https:\/\/sismovega.geo3bcn.csic.es\/wp-content\/uploads\/2025\/12\/DAS_cartoon-1024x683.jpg"},{"@type":"BreadcrumbList","@id":"https:\/\/sismovega.geo3bcn.csic.es\/es\/equipamiento\/#breadcrumb","itemListElement":[{"@type":"ListItem","position":1,"name":"Home","item":"https:\/\/sismovega.geo3bcn.csic.es\/es\/"},{"@type":"ListItem","position":2,"name":"Equipamiento"}]},{"@type":"WebSite","@id":"https:\/\/sismovega.geo3bcn.csic.es\/#website","url":"https:\/\/sismovega.geo3bcn.csic.es\/","name":"Geociencias Barcelona (GEO3BCN)","description":"","potentialAction":[{"@type":"SearchAction","target":{"@type":"EntryPoint","urlTemplate":"https:\/\/sismovega.geo3bcn.csic.es\/?s={search_term_string}"},"query-input":{"@type":"PropertyValueSpecification","valueRequired":true,"valueName":"search_term_string"}}],"inLanguage":"es"}]}},"_links":{"self":[{"href":"https:\/\/sismovega.geo3bcn.csic.es\/es\/wp-json\/wp\/v2\/pages\/1287","targetHints":{"allow":["GET"]}}],"collection":[{"href":"https:\/\/sismovega.geo3bcn.csic.es\/es\/wp-json\/wp\/v2\/pages"}],"about":[{"href":"https:\/\/sismovega.geo3bcn.csic.es\/es\/wp-json\/wp\/v2\/types\/page"}],"author":[{"embeddable":true,"href":"https:\/\/sismovega.geo3bcn.csic.es\/es\/wp-json\/wp\/v2\/users\/1"}],"replies":[{"embeddable":true,"href":"https:\/\/sismovega.geo3bcn.csic.es\/es\/wp-json\/wp\/v2\/comments?post=1287"}],"version-history":[{"count":70,"href":"https:\/\/sismovega.geo3bcn.csic.es\/es\/wp-json\/wp\/v2\/pages\/1287\/revisions"}],"predecessor-version":[{"id":3055,"href":"https:\/\/sismovega.geo3bcn.csic.es\/es\/wp-json\/wp\/v2\/pages\/1287\/revisions\/3055"}],"wp:attachment":[{"href":"https:\/\/sismovega.geo3bcn.csic.es\/es\/wp-json\/wp\/v2\/media?parent=1287"}],"curies":[{"name":"wp","href":"https:\/\/api.w.org\/{rel}","templated":true}]}}