{"id":1346,"date":"2025-12-19T10:00:47","date_gmt":"2025-12-19T09:00:47","guid":{"rendered":"https:\/\/sismovega.geo3bcn.csic.es\/news\/"},"modified":"2026-04-07T11:29:43","modified_gmt":"2026-04-07T09:29:43","slug":"noticias","status":"publish","type":"page","link":"https:\/\/sismovega.geo3bcn.csic.es\/es\/noticias\/","title":{"rendered":"Noticias"},"content":{"rendered":"\t\t<div data-elementor-type=\"wp-page\" data-elementor-id=\"1346\" class=\"elementor elementor-1346 elementor-701\" data-elementor-post-type=\"page\">\n\t\t\t\t<div class=\"elementor-element elementor-element-8a2d452 e-flex e-con-boxed e-con e-parent\" data-id=\"8a2d452\" data-element_type=\"container\" data-e-type=\"container\" data-settings=\"{&quot;background_background&quot;:&quot;classic&quot;}\">\n\t\t\t\t\t<div class=\"e-con-inner\">\n\t\t\t\t<div class=\"elementor-element elementor-element-cefc73c elementor-widget elementor-widget-heading\" data-id=\"cefc73c\" data-element_type=\"widget\" data-e-type=\"widget\" data-widget_type=\"heading.default\">\n\t\t\t\t\t<h1 class=\"elementor-heading-title elementor-size-default\">Noticias<\/h1>\t\t\t\t<\/div>\n\t\t\t\t<div class=\"elementor-element elementor-element-d794ce8 elementor-widget__width-auto elementor-widget-divider--separator-type-pattern elementor-widget-divider--view-line elementor-widget elementor-widget-divider\" data-id=\"d794ce8\" data-element_type=\"widget\" data-e-type=\"widget\" data-widget_type=\"divider.default\">\n\t\t\t\t\t\t\t<div class=\"elementor-divider\" style=\"--divider-pattern-url: url(&quot;data:image\/svg+xml,%3Csvg xmlns=&#039;http:\/\/www.w3.org\/2000\/svg&#039; preserveAspectRatio=&#039;none&#039; overflow=&#039;visible&#039; height=&#039;100%&#039; viewBox=&#039;0 0 24 24&#039; fill=&#039;black&#039; stroke=&#039;none&#039;%3E%3Cpolygon points=&#039;9.4,2 24,2 14.6,21.6 0,21.6&#039;\/%3E%3C\/svg%3E&quot;);\">\n\t\t\t<span class=\"elementor-divider-separator\">\n\t\t\t\t\t\t<\/span>\n\t\t<\/div>\n\t\t\t\t\t\t<\/div>\n\t\t\t\t\t<\/div>\n\t\t\t\t<\/div>\n\t\t<div class=\"elementor-element elementor-element-63a93f1 e-flex e-con-boxed e-con e-parent\" data-id=\"63a93f1\" data-element_type=\"container\" data-e-type=\"container\">\n\t\t\t\t\t<div class=\"e-con-inner\">\n\t\t\t\t<div class=\"elementor-element elementor-element-a4cf4b6 elementor-widget elementor-widget-elementskit-blog-posts\" data-id=\"a4cf4b6\" data-element_type=\"widget\" data-e-type=\"widget\" data-widget_type=\"elementskit-blog-posts.default\">\n\t\t\t\t\t<div class=\"ekit-wid-con\" >        <div id=\"post-items--a4cf4b6\" class=\"row post-items\">\n                    <div class=\"col-lg-4 col-md-6\">\n\n                                    <div class=\"elementskit-post-image-card\">\n                        <div class=\"elementskit-entry-header\">\n                                                            <a href=\"https:\/\/sismovega.geo3bcn.csic.es\/es\/primera-reunion-firma-del-equipo-de-extension-sismovega\/\" class=\"elementskit-entry-thumb\">\n                                    <img decoding=\"async\" src=\"https:\/\/sismovega.geo3bcn.csic.es\/wp-content\/uploads\/2026\/03\/meeting_Olot_1.jpg\" alt=\"Primera reuni\u00f3n del equipo de extensi\u00f3n de SISMOVEGA para coordinar las actividades de comunicaci\u00f3n, educaci\u00f3n y transferencia de conocimiento del proyecto en la regional de Vega Baja, celebrada del 16 al 18 de febrero de 2026 en Geociencias Barcelona y Espai Cr\u00e0ter (Olot, Girona).\">\n                                <\/a><!-- .elementskit-entry-thumb END -->\n                                                            \n                            \n\t\t\t\t\t\t\t\t\t\t\t\t\t<\/div><!-- .elementskit-entry-header END -->\n\n\t\t\t\t\t\t<div class=\"elementskit-post-body \">\n\t\t\t\t\t\t\t\n\t\t\t\t\t\t\t\t\t\t\t\t\t\t\t\t\t\t\t\t\t\t\t\t\t\n\t\t\t\t\t\t\t\t\n\t\t\t\t\t\t\t\t\t\t\t\t\t\t\t\t\t\t\t\t\t<h2 class=\"entry-title\">\n\t\t\t\t\t<a href=\"https:\/\/sismovega.geo3bcn.csic.es\/es\/primera-reunion-firma-del-equipo-de-extension-sismovega\/\">\n\t\t\t\t\t\tPrimera reuni\u00f3n del equipo de extensi\u00f3n de SISMOVEGA para coordinar las actividades de comunicaci\u00f3n, educaci\u00f3n y transferencia de conocimiento del proyecto en la regional de Vega Baja, celebrada del 16 al 18 de febrero de 2026 en Geociencias Barcelona y Espai Cr\u00e0ter (Olot, Girona).\t\t\t\t\t<\/a>\n\t\t\t\t<\/h2>\n\t\t\t\t\t\t\t\t\t\t\t\t\t\t\t\t\t\t\t\t\t\t\t\t\t\t\t\t\t\t\t\t\t\t\t\t\t\t\t\t\t\t<p><\/p>\n\t\t\t\t\t\t\t\t\t\t\t\t\t\t\t\t\t\t\t\t\t\t                                                            <div class=\"btn-wraper\">\n                                    \n                                                                            <a class=\"elementskit-btn whitespace--normal\" id=\"\" href=\"https:\/\/sismovega.geo3bcn.csic.es\/es\/primera-reunion-firma-del-equipo-de-extension-sismovega\/\">\n                                        \t                                            Leer m\u00e1s &gt;&gt;                                        <\/a>\n                                                                    <\/div>\n                                                    <\/div><!-- .elementskit-post-body END -->\n                    <\/div>\n                \n            <\/div>\n                    <div class=\"col-lg-4 col-md-6\">\n\n                                    <div class=\"elementskit-post-image-card\">\n                        <div class=\"elementskit-entry-header\">\n                                                            <a href=\"https:\/\/sismovega.geo3bcn.csic.es\/es\/hola-mundo\/\" class=\"elementskit-entry-thumb\">\n                                    <img decoding=\"async\" src=\"https:\/\/sismovega.geo3bcn.csic.es\/wp-content\/uploads\/2025\/10\/portada-post-2.jpg\" alt=\"\u00a1Convocatoria abierta! Actualmente buscamos un investigador posdoctoral; se aceptan solicitudes hasta el 30 de noviembre de 2026.\">\n                                <\/a><!-- .elementskit-entry-thumb END -->\n                                                            \n                            \n\t\t\t\t\t\t\t\t\t\t\t\t\t<\/div><!-- .elementskit-entry-header END -->\n\n\t\t\t\t\t\t<div class=\"elementskit-post-body \">\n\t\t\t\t\t\t\t\n\t\t\t\t\t\t\t\t\t\t\t\t\t\t\t\t\t\t\t\t\t\t\t\t\t\n\t\t\t\t\t\t\t\t\n\t\t\t\t\t\t\t\t\t\t\t\t\t\t\t\t\t\t\t\t\t<h2 class=\"entry-title\">\n\t\t\t\t\t<a href=\"https:\/\/sismovega.geo3bcn.csic.es\/es\/hola-mundo\/\">\n\t\t\t\t\t\t\u00a1Convocatoria abierta! Actualmente buscamos un investigador posdoctoral; se aceptan solicitudes hasta el 30 de noviembre de 2026.\t\t\t\t\t<\/a>\n\t\t\t\t<\/h2>\n\t\t\t\t\t\t\t\t\t\t\t\t\t\t\t\t\t\t\t\t\t\t\t\t\t\t\t\t\t\t\t\t\t\t\t\t\t\t\t\t\t\t<p><\/p>\n\t\t\t\t\t\t\t\t\t\t\t\t\t\t\t\t\t\t\t\t\t\t                                                            <div class=\"btn-wraper\">\n                                    \n                                                                            <a class=\"elementskit-btn whitespace--normal\" id=\"\" href=\"https:\/\/sismovega.geo3bcn.csic.es\/es\/hola-mundo\/\">\n                                        \t                                            Leer m\u00e1s &gt;&gt;                                        <\/a>\n                                                                    <\/div>\n                                                    <\/div><!-- .elementskit-post-body END -->\n                    <\/div>\n                \n            <\/div>\n                    <div class=\"col-lg-4 col-md-6\">\n\n                                    <div class=\"elementskit-post-image-card\">\n                        <div class=\"elementskit-entry-header\">\n                                                            <a href=\"https:\/\/sismovega.geo3bcn.csic.es\/es\/entrada-2\/\" class=\"elementskit-entry-thumb\">\n                                    <img decoding=\"async\" src=\"https:\/\/sismovega.geo3bcn.csic.es\/wp-content\/uploads\/2025\/10\/logo-sismovega-news.jpg\" alt=\"SISMOVEGA se ha puesto en marcha oficialmente, iniciando una nueva y emocionante fase de investigaci\u00f3n colaborativa, innovaci\u00f3n y descubrimiento en la regi\u00f3n de la Vega Baja del Segura.\">\n                                <\/a><!-- .elementskit-entry-thumb END -->\n                                                            \n                            \n\t\t\t\t\t\t\t\t\t\t\t\t\t<\/div><!-- .elementskit-entry-header END -->\n\n\t\t\t\t\t\t<div class=\"elementskit-post-body \">\n\t\t\t\t\t\t\t\n\t\t\t\t\t\t\t\t\t\t\t\t\t\t\t\t\t\t\t\t\t\t\t\t\t\n\t\t\t\t\t\t\t\t\n\t\t\t\t\t\t\t\t\t\t\t\t\t\t\t\t\t\t\t\t\t<h2 class=\"entry-title\">\n\t\t\t\t\t<a href=\"https:\/\/sismovega.geo3bcn.csic.es\/es\/entrada-2\/\">\n\t\t\t\t\t\tSISMOVEGA se ha puesto en marcha oficialmente, iniciando una nueva y emocionante fase de investigaci\u00f3n colaborativa, innovaci\u00f3n y descubrimiento en la regi\u00f3n de la Vega Baja del Segura.\t\t\t\t\t<\/a>\n\t\t\t\t<\/h2>\n\t\t\t\t\t\t\t\t\t\t\t\t\t\t\t\t\t\t\t\t\t\t\t\t\t\t\t\t\t\t\t\t\t\t\t\t\t\t\t\t\t\t<p><\/p>\n\t\t\t\t\t\t\t\t\t\t\t\t\t\t\t\t\t\t\t\t\t\t                                                            <div class=\"btn-wraper\">\n                                    \n                                                                            <a class=\"elementskit-btn whitespace--normal\" id=\"\" href=\"https:\/\/sismovega.geo3bcn.csic.es\/es\/entrada-2\/\">\n                                        \t                                            Leer m\u00e1s &gt;&gt;                                        <\/a>\n                                                                    <\/div>\n                                                    <\/div><!-- .elementskit-post-body END -->\n                    <\/div>\n                \n            <\/div>\n                <\/div>\n       <\/div>\t\t\t\t<\/div>\n\t\t\t\t\t<\/div>\n\t\t\t\t<\/div>\n\t\t\t\t<\/div>\n\t\t","protected":false},"excerpt":{"rendered":"<p>Noticias First meeting of the SISMOVEGA outreach team to coordinate the project\u2019s communication, education, and knowledge transfer activities in the Vega Baja region, held from 16\u201318 February, 2026 at Geociencias Barcelona and Espai Cr\u00e0ter (Olot, Girona). Leer m\u00e1s &gt;&gt; Open call! We are currently seeking a postdoctoral researcher\u2014applications are welcome until November 30, 2026. Leer [&hellip;]<\/p>\n","protected":false},"author":1,"featured_media":0,"parent":0,"menu_order":0,"comment_status":"closed","ping_status":"closed","template":"elementor_header_footer","meta":{"_acf_changed":false,"footnotes":""},"class_list":["post-1346","page","type-page","status-publish","hentry"],"acf":[],"yoast_head":"<!-- This site is optimized with the Yoast SEO plugin v27.3 - https:\/\/yoast.com\/product\/yoast-seo-wordpress\/ -->\n<title>Noticias y actualidad | SISMOVEGA<\/title>\n<meta name=\"description\" content=\"Mantente al d\u00eda con SISMOVEGA: Convocatorias de empleo para investigadores y avances en comunicaci\u00f3n y ciencia en la Vega Baja.\" \/>\n<meta name=\"robots\" content=\"index, follow, max-snippet:-1, max-image-preview:large, max-video-preview:-1\" \/>\n<link rel=\"canonical\" href=\"https:\/\/sismovega.geo3bcn.csic.es\/es\/noticias\/\" \/>\n<meta property=\"og:locale\" content=\"es_ES\" \/>\n<meta property=\"og:type\" content=\"article\" \/>\n<meta property=\"og:title\" content=\"Noticias y actualidad | SISMOVEGA\" \/>\n<meta property=\"og:description\" content=\"Mantente al d\u00eda con SISMOVEGA: Convocatorias de empleo para investigadores y avances en comunicaci\u00f3n y ciencia en la Vega Baja.\" \/>\n<meta property=\"og:url\" content=\"https:\/\/sismovega.geo3bcn.csic.es\/es\/noticias\/\" \/>\n<meta property=\"og:site_name\" content=\"Geociencias Barcelona (GEO3BCN)\" \/>\n<meta property=\"article:modified_time\" content=\"2026-04-07T09:29:43+00:00\" \/>\n<meta property=\"og:image\" content=\"https:\/\/sismovega.geo3bcn.csic.es\/wp-content\/uploads\/2026\/03\/meeting_Olot_1-1.jpg\" \/>\n<meta name=\"twitter:card\" content=\"summary_large_image\" \/>\n<meta name=\"twitter:label1\" content=\"Tiempo de lectura\" \/>\n\t<meta name=\"twitter:data1\" content=\"1 minuto\" \/>\n<script type=\"application\/ld+json\" class=\"yoast-schema-graph\">{\"@context\":\"https:\\\/\\\/schema.org\",\"@graph\":[{\"@type\":\"WebPage\",\"@id\":\"https:\\\/\\\/sismovega.geo3bcn.csic.es\\\/es\\\/noticias\\\/\",\"url\":\"https:\\\/\\\/sismovega.geo3bcn.csic.es\\\/es\\\/noticias\\\/\",\"name\":\"Noticias y actualidad | SISMOVEGA\",\"isPartOf\":{\"@id\":\"https:\\\/\\\/sismovega.geo3bcn.csic.es\\\/#website\"},\"primaryImageOfPage\":{\"@id\":\"https:\\\/\\\/sismovega.geo3bcn.csic.es\\\/es\\\/noticias\\\/#primaryimage\"},\"image\":{\"@id\":\"https:\\\/\\\/sismovega.geo3bcn.csic.es\\\/es\\\/noticias\\\/#primaryimage\"},\"thumbnailUrl\":\"https:\\\/\\\/sismovega.geo3bcn.csic.es\\\/wp-content\\\/uploads\\\/2026\\\/03\\\/meeting_Olot_1-1.jpg\",\"datePublished\":\"2025-12-19T09:00:47+00:00\",\"dateModified\":\"2026-04-07T09:29:43+00:00\",\"description\":\"Mantente al d\u00eda con SISMOVEGA: Convocatorias de empleo para investigadores y avances en comunicaci\u00f3n y ciencia en la Vega Baja.\",\"breadcrumb\":{\"@id\":\"https:\\\/\\\/sismovega.geo3bcn.csic.es\\\/es\\\/noticias\\\/#breadcrumb\"},\"inLanguage\":\"es\",\"potentialAction\":[{\"@type\":\"ReadAction\",\"target\":[\"https:\\\/\\\/sismovega.geo3bcn.csic.es\\\/es\\\/noticias\\\/\"]}]},{\"@type\":\"ImageObject\",\"inLanguage\":\"es\",\"@id\":\"https:\\\/\\\/sismovega.geo3bcn.csic.es\\\/es\\\/noticias\\\/#primaryimage\",\"url\":\"https:\\\/\\\/sismovega.geo3bcn.csic.es\\\/wp-content\\\/uploads\\\/2026\\\/03\\\/meeting_Olot_1-1.jpg\",\"contentUrl\":\"https:\\\/\\\/sismovega.geo3bcn.csic.es\\\/wp-content\\\/uploads\\\/2026\\\/03\\\/meeting_Olot_1-1.jpg\"},{\"@type\":\"BreadcrumbList\",\"@id\":\"https:\\\/\\\/sismovega.geo3bcn.csic.es\\\/es\\\/noticias\\\/#breadcrumb\",\"itemListElement\":[{\"@type\":\"ListItem\",\"position\":1,\"name\":\"Home\",\"item\":\"https:\\\/\\\/sismovega.geo3bcn.csic.es\\\/es\\\/\"},{\"@type\":\"ListItem\",\"position\":2,\"name\":\"Noticias\"}]},{\"@type\":\"WebSite\",\"@id\":\"https:\\\/\\\/sismovega.geo3bcn.csic.es\\\/#website\",\"url\":\"https:\\\/\\\/sismovega.geo3bcn.csic.es\\\/\",\"name\":\"Geociencias Barcelona (GEO3BCN)\",\"description\":\"\",\"potentialAction\":[{\"@type\":\"SearchAction\",\"target\":{\"@type\":\"EntryPoint\",\"urlTemplate\":\"https:\\\/\\\/sismovega.geo3bcn.csic.es\\\/?s={search_term_string}\"},\"query-input\":{\"@type\":\"PropertyValueSpecification\",\"valueRequired\":true,\"valueName\":\"search_term_string\"}}],\"inLanguage\":\"es\"}]}<\/script>\n<!-- \/ Yoast SEO plugin. -->","yoast_head_json":{"title":"Noticias y actualidad | SISMOVEGA","description":"Mantente al d\u00eda con SISMOVEGA: Convocatorias de empleo para investigadores y avances en comunicaci\u00f3n y ciencia en la Vega Baja.","robots":{"index":"index","follow":"follow","max-snippet":"max-snippet:-1","max-image-preview":"max-image-preview:large","max-video-preview":"max-video-preview:-1"},"canonical":"https:\/\/sismovega.geo3bcn.csic.es\/es\/noticias\/","og_locale":"es_ES","og_type":"article","og_title":"Noticias y actualidad | SISMOVEGA","og_description":"Mantente al d\u00eda con SISMOVEGA: Convocatorias de empleo para investigadores y avances en comunicaci\u00f3n y ciencia en la Vega Baja.","og_url":"https:\/\/sismovega.geo3bcn.csic.es\/es\/noticias\/","og_site_name":"Geociencias Barcelona (GEO3BCN)","article_modified_time":"2026-04-07T09:29:43+00:00","og_image":[{"url":"https:\/\/sismovega.geo3bcn.csic.es\/wp-content\/uploads\/2026\/03\/meeting_Olot_1-1.jpg","type":"","width":"","height":""}],"twitter_card":"summary_large_image","twitter_misc":{"Tiempo de lectura":"1 minuto"},"schema":{"@context":"https:\/\/schema.org","@graph":[{"@type":"WebPage","@id":"https:\/\/sismovega.geo3bcn.csic.es\/es\/noticias\/","url":"https:\/\/sismovega.geo3bcn.csic.es\/es\/noticias\/","name":"Noticias y actualidad | SISMOVEGA","isPartOf":{"@id":"https:\/\/sismovega.geo3bcn.csic.es\/#website"},"primaryImageOfPage":{"@id":"https:\/\/sismovega.geo3bcn.csic.es\/es\/noticias\/#primaryimage"},"image":{"@id":"https:\/\/sismovega.geo3bcn.csic.es\/es\/noticias\/#primaryimage"},"thumbnailUrl":"https:\/\/sismovega.geo3bcn.csic.es\/wp-content\/uploads\/2026\/03\/meeting_Olot_1-1.jpg","datePublished":"2025-12-19T09:00:47+00:00","dateModified":"2026-04-07T09:29:43+00:00","description":"Mantente al d\u00eda con SISMOVEGA: Convocatorias de empleo para investigadores y avances en comunicaci\u00f3n y ciencia en la Vega Baja.","breadcrumb":{"@id":"https:\/\/sismovega.geo3bcn.csic.es\/es\/noticias\/#breadcrumb"},"inLanguage":"es","potentialAction":[{"@type":"ReadAction","target":["https:\/\/sismovega.geo3bcn.csic.es\/es\/noticias\/"]}]},{"@type":"ImageObject","inLanguage":"es","@id":"https:\/\/sismovega.geo3bcn.csic.es\/es\/noticias\/#primaryimage","url":"https:\/\/sismovega.geo3bcn.csic.es\/wp-content\/uploads\/2026\/03\/meeting_Olot_1-1.jpg","contentUrl":"https:\/\/sismovega.geo3bcn.csic.es\/wp-content\/uploads\/2026\/03\/meeting_Olot_1-1.jpg"},{"@type":"BreadcrumbList","@id":"https:\/\/sismovega.geo3bcn.csic.es\/es\/noticias\/#breadcrumb","itemListElement":[{"@type":"ListItem","position":1,"name":"Home","item":"https:\/\/sismovega.geo3bcn.csic.es\/es\/"},{"@type":"ListItem","position":2,"name":"Noticias"}]},{"@type":"WebSite","@id":"https:\/\/sismovega.geo3bcn.csic.es\/#website","url":"https:\/\/sismovega.geo3bcn.csic.es\/","name":"Geociencias Barcelona (GEO3BCN)","description":"","potentialAction":[{"@type":"SearchAction","target":{"@type":"EntryPoint","urlTemplate":"https:\/\/sismovega.geo3bcn.csic.es\/?s={search_term_string}"},"query-input":{"@type":"PropertyValueSpecification","valueRequired":true,"valueName":"search_term_string"}}],"inLanguage":"es"}]}},"_links":{"self":[{"href":"https:\/\/sismovega.geo3bcn.csic.es\/es\/wp-json\/wp\/v2\/pages\/1346","targetHints":{"allow":["GET"]}}],"collection":[{"href":"https:\/\/sismovega.geo3bcn.csic.es\/es\/wp-json\/wp\/v2\/pages"}],"about":[{"href":"https:\/\/sismovega.geo3bcn.csic.es\/es\/wp-json\/wp\/v2\/types\/page"}],"author":[{"embeddable":true,"href":"https:\/\/sismovega.geo3bcn.csic.es\/es\/wp-json\/wp\/v2\/users\/1"}],"replies":[{"embeddable":true,"href":"https:\/\/sismovega.geo3bcn.csic.es\/es\/wp-json\/wp\/v2\/comments?post=1346"}],"version-history":[{"count":17,"href":"https:\/\/sismovega.geo3bcn.csic.es\/es\/wp-json\/wp\/v2\/pages\/1346\/revisions"}],"predecessor-version":[{"id":3131,"href":"https:\/\/sismovega.geo3bcn.csic.es\/es\/wp-json\/wp\/v2\/pages\/1346\/revisions\/3131"}],"wp:attachment":[{"href":"https:\/\/sismovega.geo3bcn.csic.es\/es\/wp-json\/wp\/v2\/media?parent=1346"}],"curies":[{"name":"wp","href":"https:\/\/api.w.org\/{rel}","templated":true}]}}