{"id":1678,"date":"2026-02-13T12:07:47","date_gmt":"2026-02-13T11:07:47","guid":{"rendered":"https:\/\/sismovega.geo3bcn.csic.es\/privacy-policy\/"},"modified":"2026-04-07T10:35:30","modified_gmt":"2026-04-07T08:35:30","slug":"politica-privacidad","status":"publish","type":"page","link":"https:\/\/sismovega.geo3bcn.csic.es\/es\/politica-privacidad\/","title":{"rendered":"Pol\u00edtica de Privacidad"},"content":{"rendered":"\t\t<div data-elementor-type=\"wp-page\" data-elementor-id=\"1678\" class=\"elementor elementor-1678 elementor-1671\" data-elementor-post-type=\"page\">\n\t\t\t\t<div class=\"elementor-element elementor-element-5d97f8d e-flex e-con-boxed e-con e-parent\" data-id=\"5d97f8d\" data-element_type=\"container\" data-e-type=\"container\">\n\t\t\t\t\t<div class=\"e-con-inner\">\n\t\t\t\t<div class=\"elementor-element elementor-element-99cfe48 elementor-widget elementor-widget-heading\" data-id=\"99cfe48\" data-element_type=\"widget\" data-e-type=\"widget\" data-widget_type=\"heading.default\">\n\t\t\t\t\t<h2 class=\"elementor-heading-title elementor-size-default\">Pol\u00edtica de Privacidad<\/h2>\t\t\t\t<\/div>\n\t\t\t\t<div class=\"elementor-element elementor-element-4b04760 elementor-widget elementor-widget-text-editor\" data-id=\"4b04760\" data-element_type=\"widget\" data-e-type=\"widget\" data-widget_type=\"text-editor.default\">\n\t\t\t\t\t\t\t\t\t<strong>Geociencias Barcelona (GEO3BCN)<\/strong> se integra en la Agencia Estatal Consejo Superior de Investigaciones Cient\u00edficas (CSIC).<br>\nGeosciences Barcelona es responsable del tratamiento de los datos personales sobre cuyos fines y medios decide y como tal sigue el principio de responsabilidad proactiva para cumplir con las obligaciones establecidas por el Reglamento General de Protecci\u00f3n de Datos y la Ley 3\/2018, de 5 de diciembre, sobre Protecci\u00f3n de Datos Personales y garant\u00eda de los derechos digitales.<br>\nSu Delegado de Protecci\u00f3n de Datos y comunicarlo a la AEPD es el del CSIC: <strong>Jos\u00e9 L\u00f3pez Calvo<\/strong> <strong><a href=\"mailto:delegadoprotecciondatos@csic.es\">delegadoprotecciondatos@csic.es<\/a><\/strong><br>\nEn caso de que desees ejercer un derecho de acceso, rectificaci\u00f3n, supresi\u00f3n, oposici\u00f3n o limitaci\u00f3n, as\u00ed como realizar cualquier operaci\u00f3n relacionada con la gesti\u00f3n de tus datos personales, puedes ponerte en contacto con <strong>Dr. T\u00e1rsilo Girona<\/strong> (<strong><a href=\"mailto:tarsilo.girona@csic.es\">tarsilo.girona@csic.es<\/a><\/strong>) o con el delegado de protecci\u00f3n de datos a trav\u00e9s de uno de los siguientes formularios de contacto: <a href=\"#\">enlace al formulario de contacto<\/a>.<br>\nLa normativa tambi\u00e9n requiere que se haga p\u00fablico por medios electr\u00f3nicos el inventario o Registro de actividades de tratamiento del GEO3BCN.<br>\nA trav\u00e9s del siguiente enlace se puede acceder a los correspondientes a la organizaci\u00f3n central del CSIC y a los correspondientes a los Centros e Institutos del CSIC: <a href=\"https:\/\/www.csic.es\/es\/el-csic\/transparencia-y-gobierno-abierto\/registro-de-actividades-de-tratamiento\" target=\"_blank\">https:\/\/www.csic.es\/es\/el-csic\/transparencia-y-gobierno-abierto\/registro-de-actividades-de-tratamiento<\/a><br>\nEl de <strong>Geociencias Barcelona (GEO3BCN)<\/strong> se encuentra en el de Institutos del CSIC.<br>\nGEO3BCN y el CSIC han cumplimentado los restantes requerimientos existentes en materia de protecci\u00f3n de datos, entre ellos la creaci\u00f3n de flujos internos para la comunicaci\u00f3n de cualquier brecha de seguridad, los correspondientes an\u00e1lisis de riesgos, con la adopci\u00f3n de las medidas de seguridad pertinentes en funci\u00f3n de los detectados, as\u00ed como la realizaci\u00f3n de estudios de \u201cevaluaci\u00f3n de impacto sobre la privacidad\u201d en los supuestos en que se ha considerado que existen riesgos, que se han detectado principalmente vinculados al tratamiento de datos en el marco de algunos proyectos de investigaci\u00f3n.<br>\t\t\t\t\t\t\t\t<\/div>\n\t\t\t\t\t<\/div>\n\t\t\t\t<\/div>\n\t\t\t\t<\/div>\n\t\t","protected":false},"excerpt":{"rendered":"<p>Pol\u00edtica de Privacidad Geociencias Barcelona (GEO3BCN) se integra en la Agencia Estatal Consejo Superior de Investigaciones Cient\u00edficas (CSIC). Geosciences Barcelona es responsable del tratamiento de los datos personales sobre cuyos fines y medios decide y como tal sigue el principio de responsabilidad proactiva para cumplir con las obligaciones establecidas por el Reglamento General de Protecci\u00f3n [&hellip;]<\/p>\n","protected":false},"author":2,"featured_media":0,"parent":0,"menu_order":0,"comment_status":"closed","ping_status":"closed","template":"elementor_header_footer","meta":{"_acf_changed":false,"footnotes":""},"class_list":["post-1678","page","type-page","status-publish","hentry"],"acf":[],"yoast_head":"<!-- This site is optimized with the Yoast SEO plugin v27.3 - https:\/\/yoast.com\/product\/yoast-seo-wordpress\/ -->\n<title>Pol\u00edtica de Privacidad - Geociencias Barcelona (GEO3BCN)<\/title>\n<meta name=\"robots\" content=\"index, follow, max-snippet:-1, max-image-preview:large, max-video-preview:-1\" \/>\n<link rel=\"canonical\" href=\"https:\/\/sismovega.geo3bcn.csic.es\/privacy-policy\/\" \/>\n<meta property=\"og:locale\" content=\"es_ES\" \/>\n<meta property=\"og:type\" content=\"article\" \/>\n<meta property=\"og:title\" content=\"Pol\u00edtica de Privacidad - Geociencias Barcelona (GEO3BCN)\" \/>\n<meta property=\"og:description\" content=\"Pol\u00edtica de Privacidad Geociencias Barcelona (GEO3BCN) se integra en la Agencia Estatal Consejo Superior de Investigaciones Cient\u00edficas (CSIC). Geosciences Barcelona es responsable del tratamiento de los datos personales sobre cuyos fines y medios decide y como tal sigue el principio de responsabilidad proactiva para cumplir con las obligaciones establecidas por el Reglamento General de Protecci\u00f3n [&hellip;]\" \/>\n<meta property=\"og:url\" content=\"https:\/\/sismovega.geo3bcn.csic.es\/privacy-policy\/\" \/>\n<meta property=\"og:site_name\" content=\"Geociencias Barcelona (GEO3BCN)\" \/>\n<meta property=\"article:modified_time\" content=\"2026-04-07T08:35:30+00:00\" \/>\n<meta name=\"twitter:card\" content=\"summary_large_image\" \/>\n<meta name=\"twitter:label1\" content=\"Tiempo de lectura\" \/>\n\t<meta name=\"twitter:data1\" content=\"2 minutos\" \/>\n<script type=\"application\/ld+json\" class=\"yoast-schema-graph\">{\"@context\":\"https:\\\/\\\/schema.org\",\"@graph\":[{\"@type\":\"WebPage\",\"@id\":\"https:\\\/\\\/sismovega.geo3bcn.csic.es\\\/privacy-policy\\\/\",\"url\":\"https:\\\/\\\/sismovega.geo3bcn.csic.es\\\/privacy-policy\\\/\",\"name\":\"Pol\u00edtica de Privacidad - Geociencias Barcelona (GEO3BCN)\",\"isPartOf\":{\"@id\":\"https:\\\/\\\/sismovega.geo3bcn.csic.es\\\/#website\"},\"datePublished\":\"2026-02-13T11:07:47+00:00\",\"dateModified\":\"2026-04-07T08:35:30+00:00\",\"breadcrumb\":{\"@id\":\"https:\\\/\\\/sismovega.geo3bcn.csic.es\\\/privacy-policy\\\/#breadcrumb\"},\"inLanguage\":\"es\",\"potentialAction\":[{\"@type\":\"ReadAction\",\"target\":[\"https:\\\/\\\/sismovega.geo3bcn.csic.es\\\/privacy-policy\\\/\"]}]},{\"@type\":\"BreadcrumbList\",\"@id\":\"https:\\\/\\\/sismovega.geo3bcn.csic.es\\\/privacy-policy\\\/#breadcrumb\",\"itemListElement\":[{\"@type\":\"ListItem\",\"position\":1,\"name\":\"Home\",\"item\":\"https:\\\/\\\/sismovega.geo3bcn.csic.es\\\/es\\\/\"},{\"@type\":\"ListItem\",\"position\":2,\"name\":\"Pol\u00edtica de Privacidad\"}]},{\"@type\":\"WebSite\",\"@id\":\"https:\\\/\\\/sismovega.geo3bcn.csic.es\\\/#website\",\"url\":\"https:\\\/\\\/sismovega.geo3bcn.csic.es\\\/\",\"name\":\"Geociencias Barcelona (GEO3BCN)\",\"description\":\"\",\"potentialAction\":[{\"@type\":\"SearchAction\",\"target\":{\"@type\":\"EntryPoint\",\"urlTemplate\":\"https:\\\/\\\/sismovega.geo3bcn.csic.es\\\/?s={search_term_string}\"},\"query-input\":{\"@type\":\"PropertyValueSpecification\",\"valueRequired\":true,\"valueName\":\"search_term_string\"}}],\"inLanguage\":\"es\"}]}<\/script>\n<!-- \/ Yoast SEO plugin. -->","yoast_head_json":{"title":"Pol\u00edtica de Privacidad - Geociencias Barcelona (GEO3BCN)","robots":{"index":"index","follow":"follow","max-snippet":"max-snippet:-1","max-image-preview":"max-image-preview:large","max-video-preview":"max-video-preview:-1"},"canonical":"https:\/\/sismovega.geo3bcn.csic.es\/privacy-policy\/","og_locale":"es_ES","og_type":"article","og_title":"Pol\u00edtica de Privacidad - Geociencias Barcelona (GEO3BCN)","og_description":"Pol\u00edtica de Privacidad Geociencias Barcelona (GEO3BCN) se integra en la Agencia Estatal Consejo Superior de Investigaciones Cient\u00edficas (CSIC). Geosciences Barcelona es responsable del tratamiento de los datos personales sobre cuyos fines y medios decide y como tal sigue el principio de responsabilidad proactiva para cumplir con las obligaciones establecidas por el Reglamento General de Protecci\u00f3n [&hellip;]","og_url":"https:\/\/sismovega.geo3bcn.csic.es\/privacy-policy\/","og_site_name":"Geociencias Barcelona (GEO3BCN)","article_modified_time":"2026-04-07T08:35:30+00:00","twitter_card":"summary_large_image","twitter_misc":{"Tiempo de lectura":"2 minutos"},"schema":{"@context":"https:\/\/schema.org","@graph":[{"@type":"WebPage","@id":"https:\/\/sismovega.geo3bcn.csic.es\/privacy-policy\/","url":"https:\/\/sismovega.geo3bcn.csic.es\/privacy-policy\/","name":"Pol\u00edtica de Privacidad - Geociencias Barcelona (GEO3BCN)","isPartOf":{"@id":"https:\/\/sismovega.geo3bcn.csic.es\/#website"},"datePublished":"2026-02-13T11:07:47+00:00","dateModified":"2026-04-07T08:35:30+00:00","breadcrumb":{"@id":"https:\/\/sismovega.geo3bcn.csic.es\/privacy-policy\/#breadcrumb"},"inLanguage":"es","potentialAction":[{"@type":"ReadAction","target":["https:\/\/sismovega.geo3bcn.csic.es\/privacy-policy\/"]}]},{"@type":"BreadcrumbList","@id":"https:\/\/sismovega.geo3bcn.csic.es\/privacy-policy\/#breadcrumb","itemListElement":[{"@type":"ListItem","position":1,"name":"Home","item":"https:\/\/sismovega.geo3bcn.csic.es\/es\/"},{"@type":"ListItem","position":2,"name":"Pol\u00edtica de Privacidad"}]},{"@type":"WebSite","@id":"https:\/\/sismovega.geo3bcn.csic.es\/#website","url":"https:\/\/sismovega.geo3bcn.csic.es\/","name":"Geociencias Barcelona (GEO3BCN)","description":"","potentialAction":[{"@type":"SearchAction","target":{"@type":"EntryPoint","urlTemplate":"https:\/\/sismovega.geo3bcn.csic.es\/?s={search_term_string}"},"query-input":{"@type":"PropertyValueSpecification","valueRequired":true,"valueName":"search_term_string"}}],"inLanguage":"es"}]}},"_links":{"self":[{"href":"https:\/\/sismovega.geo3bcn.csic.es\/es\/wp-json\/wp\/v2\/pages\/1678","targetHints":{"allow":["GET"]}}],"collection":[{"href":"https:\/\/sismovega.geo3bcn.csic.es\/es\/wp-json\/wp\/v2\/pages"}],"about":[{"href":"https:\/\/sismovega.geo3bcn.csic.es\/es\/wp-json\/wp\/v2\/types\/page"}],"author":[{"embeddable":true,"href":"https:\/\/sismovega.geo3bcn.csic.es\/es\/wp-json\/wp\/v2\/users\/2"}],"replies":[{"embeddable":true,"href":"https:\/\/sismovega.geo3bcn.csic.es\/es\/wp-json\/wp\/v2\/comments?post=1678"}],"version-history":[{"count":13,"href":"https:\/\/sismovega.geo3bcn.csic.es\/es\/wp-json\/wp\/v2\/pages\/1678\/revisions"}],"predecessor-version":[{"id":3020,"href":"https:\/\/sismovega.geo3bcn.csic.es\/es\/wp-json\/wp\/v2\/pages\/1678\/revisions\/3020"}],"wp:attachment":[{"href":"https:\/\/sismovega.geo3bcn.csic.es\/es\/wp-json\/wp\/v2\/media?parent=1678"}],"curies":[{"name":"wp","href":"https:\/\/api.w.org\/{rel}","templated":true}]}}