{"id":1686,"date":"2026-02-13T12:03:24","date_gmt":"2026-02-13T11:03:24","guid":{"rendered":"https:\/\/sismovega.geo3bcn.csic.es\/cookies-policy\/"},"modified":"2026-04-07T10:36:28","modified_gmt":"2026-04-07T08:36:28","slug":"politica-cookies","status":"publish","type":"page","link":"https:\/\/sismovega.geo3bcn.csic.es\/es\/politica-cookies\/","title":{"rendered":"Pol\u00edtica de Cookies"},"content":{"rendered":"\t\t<div data-elementor-type=\"wp-page\" data-elementor-id=\"1686\" class=\"elementor elementor-1686 elementor-1658\" data-elementor-post-type=\"page\">\n\t\t\t\t<div class=\"elementor-element elementor-element-dc59ab2 e-flex e-con-boxed e-con e-parent\" data-id=\"dc59ab2\" data-element_type=\"container\" data-e-type=\"container\">\n\t\t\t\t\t<div class=\"e-con-inner\">\n\t\t\t\t<div class=\"elementor-element elementor-element-a5ce5a7 elementor-widget elementor-widget-heading\" data-id=\"a5ce5a7\" data-element_type=\"widget\" data-e-type=\"widget\" data-widget_type=\"heading.default\">\n\t\t\t\t\t<h2 class=\"elementor-heading-title elementor-size-default\">Pol\u00edtica de Cookies<\/h2>\t\t\t\t<\/div>\n\t\t\t\t<div class=\"elementor-element elementor-element-a2b1b45 elementor-widget elementor-widget-text-editor\" data-id=\"a2b1b45\" data-element_type=\"widget\" data-e-type=\"widget\" data-widget_type=\"text-editor.default\">\n\t\t\t\t\t\t\t\t\t<strong>Geosciencias Barcelona (GEO3BCN-CSIC)<\/strong>,<br>\nperteneciente a la Agencia Estatal del Consejo Superior de Investigaciones Cient\u00edficas (CSIC), informa sobre el uso de cookies en sus p\u00e1ginas web.<br>\nLas cookies son archivos que se pueden descargar en tu ordenador a trav\u00e9s de p\u00e1ginas web. Son herramientas que desempe\u00f1an un papel esencial en la prestaci\u00f3n de numerosos servicios de la sociedad de la informaci\u00f3n. Entre otras funciones, permiten que una p\u00e1gina web almacene y recupere informaci\u00f3n sobre los h\u00e1bitos de navegaci\u00f3n de un usuario o su ordenador, y seg\u00fan la informaci\u00f3n obtenida, pueden ser utilizadas para reconocer al usuario y mejorar el servicio ofrecido.<br>\n<br>\n<strong>Tipos de cookies<\/strong><br>\n<ul style=\"list-style-type: circle;\">\n    <li><strong>Cookies propias:<\/strong> Gestionadas por la entidad propietaria del dominio desde el cual se env\u00edan las cookies y se procesan los datos obtenidos.<\/li>\n    <li><strong>Cookies de sesi\u00f3n:<\/strong> Cookies temporales que permanecen en el archivo de cookies del navegador hasta que el usuario abandona el sitio web, y son esenciales para su correcto funcionamiento.<\/li>\n    <li><strong>Cookies persistentes:<\/strong> Cookies que permanecen almacenadas en el dispositivo del usuario incluso despu\u00e9s de salir del sitio web, con una fecha de vencimiento definida.<\/li>\n    <li><strong>Cookies t\u00e9cnicas:<\/strong> Utilizadas para el correcto funcionamiento del sitio web y para proporcionar los servicios solicitados por el usuario.<\/li>\n    <li><strong>Cookies de personalizaci\u00f3n:<\/strong> Permiten que el sitio web recuerde las preferencias y configuraciones del usuario (por ejemplo, idioma, tama\u00f1o de fuente, etc.).<\/li>\n    <li><strong>Cookies de an\u00e1lisis:<\/strong> Utilizadas para recopilar informaci\u00f3n sobre el uso del sitio web y ayudar a comprender c\u00f3mo interact\u00faan los visitantes con el sitio.<\/li>\n    <li><strong>Cookies publicitarias:<\/strong> Utilizadas para mostrar anuncios relevantes a los intereses del usuario.<\/li>\n    <li><strong>Cookies de publicidad conductual:<\/strong> Seguimiento de usuarios en diferentes sitios web para crear un perfil de sus intereses y mostrarles anuncios dirigidos.<\/li>\n<\/ul>\nPara obtener m\u00e1s informaci\u00f3n, puedes consultar la <strong>\u00abGu\u00eda sobre el uso de cookies\u00bb<\/strong> de la Agencia Espa\u00f1ola de Protecci\u00f3n de Datos.<br>\n<br>\n<strong>Cookies usadas en la web<\/strong><br>\n<strong>Google Analytics:<\/strong> El sitio web de GEO3BCN-CSIC utiliza Google Analytics, una herramienta para analizar sitios web y aplicaciones que ayuda a comprender c\u00f3mo interact\u00faan los visitantes con el sitio. Recopila informaci\u00f3n de forma an\u00f3nima y proporciona estad\u00edsticas de uso sin identificar personalmente a los visitantes de Google. Para obtener m\u00e1s informaci\u00f3n, puedes consultar las <strong>pol\u00edticas de cookies y privacidad de Google Analytics<\/strong>.<br>\n<strong>Cookies espec\u00edficas de la plataforma:<\/strong> El sitio web utiliza cookies para su correcto funcionamiento, como <strong>SERVERID<\/strong>, <strong>cookiesession1<\/strong> y un identificador num\u00e9rico.<br>\n<strong>cookieAcceptanceCookie:<\/strong> Esta cookie t\u00e9cnica gestiona el consentimiento del usuario para el uso de cookies en el sitio web. Es una cookie de sesi\u00f3n que recuerda a los usuarios que han aceptado o rechazado las cookies, por lo que aquellos que hayan aceptado no ver\u00e1n la informaci\u00f3n en la parte superior de la p\u00e1gina nuevamente.<br>\n<br>\n<strong>Aceptaci\u00f3n de la pol\u00edtica de cookies:<\/strong><br>\n<strong>GEO3BCN-CSIC<\/strong> asume que aceptas el uso de cookies. Sin embargo, la informaci\u00f3n sobre la pol\u00edtica de cookies se mostrar\u00e1 en la parte superior de cualquier p\u00e1gina del portal para que est\u00e9s al tanto de ello.<br>\n<strong>Acciones que puedes tomar:<\/strong><br>\n<ul style=\"list-style-type: circle;\">\n    <li><strong>Aceptar cookies:<\/strong> Al hacer clic en el bot\u00f3n de aceptaci\u00f3n, no volver\u00e1s a ver este aviso al acceder a cualquier p\u00e1gina del portal.<\/li>\n    <li><strong>Revisar la pol\u00edtica de cookies:<\/strong> Puedes acceder a la p\u00e1gina actual detallando el uso de cookies y encontrar enlaces para modificar la configuraci\u00f3n del navegador.<\/li>\n<\/ul>\n<br>\n<strong>C\u00f3mo modificar la configuraci\u00f3n de cookies:<\/strong><br>\nPuedes restringir, bloquear o eliminar cookies del Instituto de Ciencias de la Tierra de Barcelona (GEO3BCN-CSIC), la Agencia Estatal del Consejo Superior de Investigaciones Cient\u00edficas (CSIC) u cualquier otro sitio web utilizando tu navegador. La funci\u00f3n <strong>\u00abAyuda\u00bb<\/strong> de tu navegador te mostrar\u00e1 c\u00f3mo hacerlo para:<br>\n<ul style=\"list-style-type: circle;\">\n    <li><a href=\"https:\/\/support.mozilla.org\/es\/kb\/habilitar-y-deshabilitar-cookies-sitios-web-rastrear-preferencias\" target=\"_blank\">FireFox<\/a><\/li>\n    <li><a href=\"https:\/\/support.google.com\/chrome\/answer\/95647?hl=es\" target=\"_blank\">Chrome<\/a><\/li>\n    <li><a href=\"https:\/\/support.apple.com\/es-es\/guide\/safari\/sfri11471\/mac\" target=\"_blank\">Safari<\/a><\/li>\n<\/ul>\t\t\t\t\t\t\t\t<\/div>\n\t\t\t\t\t<\/div>\n\t\t\t\t<\/div>\n\t\t\t\t<\/div>\n\t\t","protected":false},"excerpt":{"rendered":"<p>Pol\u00edtica de Cookies Geosciencias Barcelona (GEO3BCN-CSIC), perteneciente a la Agencia Estatal del Consejo Superior de Investigaciones Cient\u00edficas (CSIC), informa sobre el uso de cookies en sus p\u00e1ginas web. Las cookies son archivos que se pueden descargar en tu ordenador a trav\u00e9s de p\u00e1ginas web. Son herramientas que desempe\u00f1an un papel esencial en la prestaci\u00f3n de [&hellip;]<\/p>\n","protected":false},"author":2,"featured_media":0,"parent":0,"menu_order":0,"comment_status":"closed","ping_status":"closed","template":"elementor_header_footer","meta":{"_acf_changed":false,"footnotes":""},"class_list":["post-1686","page","type-page","status-publish","hentry"],"acf":[],"yoast_head":"<!-- This site is optimized with the Yoast SEO plugin v27.3 - https:\/\/yoast.com\/product\/yoast-seo-wordpress\/ -->\n<title>Pol\u00edtica de Cookies - Geociencias Barcelona (GEO3BCN)<\/title>\n<meta name=\"robots\" content=\"index, follow, max-snippet:-1, max-image-preview:large, max-video-preview:-1\" \/>\n<link rel=\"canonical\" href=\"https:\/\/sismovega.geo3bcn.csic.es\/cookies-policy\/\" \/>\n<meta property=\"og:locale\" content=\"es_ES\" \/>\n<meta property=\"og:type\" content=\"article\" \/>\n<meta property=\"og:title\" content=\"Pol\u00edtica de Cookies - Geociencias Barcelona (GEO3BCN)\" \/>\n<meta property=\"og:description\" content=\"Pol\u00edtica de Cookies Geosciencias Barcelona (GEO3BCN-CSIC), perteneciente a la Agencia Estatal del Consejo Superior de Investigaciones Cient\u00edficas (CSIC), informa sobre el uso de cookies en sus p\u00e1ginas web. Las cookies son archivos que se pueden descargar en tu ordenador a trav\u00e9s de p\u00e1ginas web. Son herramientas que desempe\u00f1an un papel esencial en la prestaci\u00f3n de [&hellip;]\" \/>\n<meta property=\"og:url\" content=\"https:\/\/sismovega.geo3bcn.csic.es\/cookies-policy\/\" \/>\n<meta property=\"og:site_name\" content=\"Geociencias Barcelona (GEO3BCN)\" \/>\n<meta property=\"article:modified_time\" content=\"2026-04-07T08:36:28+00:00\" \/>\n<meta name=\"twitter:card\" content=\"summary_large_image\" \/>\n<meta name=\"twitter:label1\" content=\"Tiempo de lectura\" \/>\n\t<meta name=\"twitter:data1\" content=\"3 minutos\" \/>\n<script type=\"application\/ld+json\" class=\"yoast-schema-graph\">{\"@context\":\"https:\\\/\\\/schema.org\",\"@graph\":[{\"@type\":\"WebPage\",\"@id\":\"https:\\\/\\\/sismovega.geo3bcn.csic.es\\\/cookies-policy\\\/\",\"url\":\"https:\\\/\\\/sismovega.geo3bcn.csic.es\\\/cookies-policy\\\/\",\"name\":\"Pol\u00edtica de Cookies - Geociencias Barcelona (GEO3BCN)\",\"isPartOf\":{\"@id\":\"https:\\\/\\\/sismovega.geo3bcn.csic.es\\\/#website\"},\"datePublished\":\"2026-02-13T11:03:24+00:00\",\"dateModified\":\"2026-04-07T08:36:28+00:00\",\"breadcrumb\":{\"@id\":\"https:\\\/\\\/sismovega.geo3bcn.csic.es\\\/cookies-policy\\\/#breadcrumb\"},\"inLanguage\":\"es\",\"potentialAction\":[{\"@type\":\"ReadAction\",\"target\":[\"https:\\\/\\\/sismovega.geo3bcn.csic.es\\\/cookies-policy\\\/\"]}]},{\"@type\":\"BreadcrumbList\",\"@id\":\"https:\\\/\\\/sismovega.geo3bcn.csic.es\\\/cookies-policy\\\/#breadcrumb\",\"itemListElement\":[{\"@type\":\"ListItem\",\"position\":1,\"name\":\"Home\",\"item\":\"https:\\\/\\\/sismovega.geo3bcn.csic.es\\\/es\\\/\"},{\"@type\":\"ListItem\",\"position\":2,\"name\":\"Pol\u00edtica de Cookies\"}]},{\"@type\":\"WebSite\",\"@id\":\"https:\\\/\\\/sismovega.geo3bcn.csic.es\\\/#website\",\"url\":\"https:\\\/\\\/sismovega.geo3bcn.csic.es\\\/\",\"name\":\"Geociencias Barcelona (GEO3BCN)\",\"description\":\"\",\"potentialAction\":[{\"@type\":\"SearchAction\",\"target\":{\"@type\":\"EntryPoint\",\"urlTemplate\":\"https:\\\/\\\/sismovega.geo3bcn.csic.es\\\/?s={search_term_string}\"},\"query-input\":{\"@type\":\"PropertyValueSpecification\",\"valueRequired\":true,\"valueName\":\"search_term_string\"}}],\"inLanguage\":\"es\"}]}<\/script>\n<!-- \/ Yoast SEO plugin. -->","yoast_head_json":{"title":"Pol\u00edtica de Cookies - Geociencias Barcelona (GEO3BCN)","robots":{"index":"index","follow":"follow","max-snippet":"max-snippet:-1","max-image-preview":"max-image-preview:large","max-video-preview":"max-video-preview:-1"},"canonical":"https:\/\/sismovega.geo3bcn.csic.es\/cookies-policy\/","og_locale":"es_ES","og_type":"article","og_title":"Pol\u00edtica de Cookies - Geociencias Barcelona (GEO3BCN)","og_description":"Pol\u00edtica de Cookies Geosciencias Barcelona (GEO3BCN-CSIC), perteneciente a la Agencia Estatal del Consejo Superior de Investigaciones Cient\u00edficas (CSIC), informa sobre el uso de cookies en sus p\u00e1ginas web. Las cookies son archivos que se pueden descargar en tu ordenador a trav\u00e9s de p\u00e1ginas web. Son herramientas que desempe\u00f1an un papel esencial en la prestaci\u00f3n de [&hellip;]","og_url":"https:\/\/sismovega.geo3bcn.csic.es\/cookies-policy\/","og_site_name":"Geociencias Barcelona (GEO3BCN)","article_modified_time":"2026-04-07T08:36:28+00:00","twitter_card":"summary_large_image","twitter_misc":{"Tiempo de lectura":"3 minutos"},"schema":{"@context":"https:\/\/schema.org","@graph":[{"@type":"WebPage","@id":"https:\/\/sismovega.geo3bcn.csic.es\/cookies-policy\/","url":"https:\/\/sismovega.geo3bcn.csic.es\/cookies-policy\/","name":"Pol\u00edtica de Cookies - Geociencias Barcelona (GEO3BCN)","isPartOf":{"@id":"https:\/\/sismovega.geo3bcn.csic.es\/#website"},"datePublished":"2026-02-13T11:03:24+00:00","dateModified":"2026-04-07T08:36:28+00:00","breadcrumb":{"@id":"https:\/\/sismovega.geo3bcn.csic.es\/cookies-policy\/#breadcrumb"},"inLanguage":"es","potentialAction":[{"@type":"ReadAction","target":["https:\/\/sismovega.geo3bcn.csic.es\/cookies-policy\/"]}]},{"@type":"BreadcrumbList","@id":"https:\/\/sismovega.geo3bcn.csic.es\/cookies-policy\/#breadcrumb","itemListElement":[{"@type":"ListItem","position":1,"name":"Home","item":"https:\/\/sismovega.geo3bcn.csic.es\/es\/"},{"@type":"ListItem","position":2,"name":"Pol\u00edtica de Cookies"}]},{"@type":"WebSite","@id":"https:\/\/sismovega.geo3bcn.csic.es\/#website","url":"https:\/\/sismovega.geo3bcn.csic.es\/","name":"Geociencias Barcelona (GEO3BCN)","description":"","potentialAction":[{"@type":"SearchAction","target":{"@type":"EntryPoint","urlTemplate":"https:\/\/sismovega.geo3bcn.csic.es\/?s={search_term_string}"},"query-input":{"@type":"PropertyValueSpecification","valueRequired":true,"valueName":"search_term_string"}}],"inLanguage":"es"}]}},"_links":{"self":[{"href":"https:\/\/sismovega.geo3bcn.csic.es\/es\/wp-json\/wp\/v2\/pages\/1686","targetHints":{"allow":["GET"]}}],"collection":[{"href":"https:\/\/sismovega.geo3bcn.csic.es\/es\/wp-json\/wp\/v2\/pages"}],"about":[{"href":"https:\/\/sismovega.geo3bcn.csic.es\/es\/wp-json\/wp\/v2\/types\/page"}],"author":[{"embeddable":true,"href":"https:\/\/sismovega.geo3bcn.csic.es\/es\/wp-json\/wp\/v2\/users\/2"}],"replies":[{"embeddable":true,"href":"https:\/\/sismovega.geo3bcn.csic.es\/es\/wp-json\/wp\/v2\/comments?post=1686"}],"version-history":[{"count":7,"href":"https:\/\/sismovega.geo3bcn.csic.es\/es\/wp-json\/wp\/v2\/pages\/1686\/revisions"}],"predecessor-version":[{"id":3029,"href":"https:\/\/sismovega.geo3bcn.csic.es\/es\/wp-json\/wp\/v2\/pages\/1686\/revisions\/3029"}],"wp:attachment":[{"href":"https:\/\/sismovega.geo3bcn.csic.es\/es\/wp-json\/wp\/v2\/media?parent=1686"}],"curies":[{"name":"wp","href":"https:\/\/api.w.org\/{rel}","templated":true}]}}