{"id":1692,"date":"2026-02-13T11:56:02","date_gmt":"2026-02-13T10:56:02","guid":{"rendered":"https:\/\/sismovega.geo3bcn.csic.es\/legal-notice\/"},"modified":"2026-04-07T10:32:59","modified_gmt":"2026-04-07T08:32:59","slug":"aviso-legal","status":"publish","type":"page","link":"https:\/\/sismovega.geo3bcn.csic.es\/es\/aviso-legal\/","title":{"rendered":"Aviso Legal"},"content":{"rendered":"\t\t<div data-elementor-type=\"wp-page\" data-elementor-id=\"1692\" class=\"elementor elementor-1692 elementor-1648\" data-elementor-post-type=\"page\">\n\t\t\t\t<div class=\"elementor-element elementor-element-2ecae4e e-flex e-con-boxed e-con e-parent\" data-id=\"2ecae4e\" data-element_type=\"container\" data-e-type=\"container\">\n\t\t\t\t\t<div class=\"e-con-inner\">\n\t\t\t\t<div class=\"elementor-element elementor-element-a42b227 elementor-widget elementor-widget-heading\" data-id=\"a42b227\" data-element_type=\"widget\" data-e-type=\"widget\" data-widget_type=\"heading.default\">\n\t\t\t\t\t<h2 class=\"elementor-heading-title elementor-size-default\">Aviso Legal<\/h2>\t\t\t\t<\/div>\n\t\t\t\t<div class=\"elementor-element elementor-element-b77fdac elementor-widget elementor-widget-text-editor\" data-id=\"b77fdac\" data-element_type=\"widget\" data-e-type=\"widget\" data-widget_type=\"text-editor.default\">\n\t\t\t\t\t\t\t\t\t<strong>Condiciones generales de uso del portal<\/strong><br>\n<strong>www.geo3bcn.csic.es<\/strong><br>\nEl instituto Geociencias Barcelona del Consejo Superior de Investigaciones Cient\u00edficas (GEO3BCN-CSIC), le informa que el acceso y uso de la p\u00e1gina Web www.geo3bcn.csic.es y todos los subdominios y directorios incluidos bajo la misma (en adelante, conjuntamente denominados como el Portal) est\u00e1n sujetos a los t\u00e9rminos que se detallan en este Aviso Legal, sin perjuicio de que el acceso a alguno de dichos servicios o contenidos pudieran precisar de la aceptaci\u00f3n de unas Condiciones Generales adicionales.<br>\nGEO3BCN-CSIC se reserva el derecho a realizar cambios en el Portal sin previo aviso, con el objeto de actualizar, corregir, modificar, a\u00f1adir o eliminar los contenidos o el dise\u00f1o. Debido a que la actualizaci\u00f3n de la informaci\u00f3n no es inmediata, le sugerimos que compruebe siempre la vigencia y exactitud de la informaci\u00f3n, servicios y contenidos presentados. Asimismo, las condiciones y t\u00e9rminos que se recogen en el presente Aviso pueden variar, por lo que le invitamos a que revise estos t\u00e9rminos cuando visite de nuevo el Portal.<br>\nGEO3BCN-CSIC no se hace responsable de los da\u00f1os y perjuicios que pudiera ocasionar la utilizaci\u00f3n de las herramientas e informaciones contenidas en www.csic.es o www.geo3bcn.csic.es en relaci\u00f3n con la adopci\u00f3n de decisiones sobre el inicio, desarrollo o resultado de procedimientos administrativos. Tales decisiones deben ser contrastadas en los centros, organismos o dependencias competentes. En cualquier caso, la informaci\u00f3n y contenidos de esta Web no podr\u00e1 ser alegada en procesos contradictorios con la Administraci\u00f3n P\u00fablica, no asumiendo responsabilidad alguna por las discrepancias que pudiesen existir entre los documentos impresos de la Administraci\u00f3n competente y la publicaci\u00f3n electr\u00f3nica en estas p\u00e1ginas.<br>\n<br>\n<strong>Derechos de propiedad intelectual y de propiedad industrial<\/strong><br>\nTanto el dise\u00f1o del Portal y sus c\u00f3digos fuente, como los logos, marcas, y dem\u00e1s signos distintivos que aparecen en el mismo, pertenecen a GEO3BCN-CSIC o entidades colaboradoras y est\u00e1n protegidos por los correspondientes derechos de propiedad intelectual e industrial.<br>\nLa informaci\u00f3n disponible en este sitio Web, salvo indicaci\u00f3n expresa en contrario, es susceptible de reutilizaci\u00f3n; quedando autorizada su reproducci\u00f3n total o parcial, modificaci\u00f3n, distribuci\u00f3n y comunicaci\u00f3n, para usos comerciales y no comerciales, con sujeci\u00f3n a las siguientes condiciones:<br>\n<ul style=\"list-style-type: circle;\">\n    <li>Queda prohibida, en cualquier circunstancia, la desnaturalizaci\u00f3n del contenido de la informaci\u00f3n.<\/li>\n    <li>El usuario queda obligado a citar la fuente de los documentos objeto de la reutilizaci\u00f3n.<\/li>\n    <li>El usuario queda obligado a mencionar la fecha de la \u00faltima actualizaci\u00f3n de los documentos objeto de la reutilizaci\u00f3n.<\/li>\n<\/ul>\nGEO3BCN-CSIC declara su respeto a los derechos de propiedad intelectual e industrial de terceros; por ello, si considera que este sitio pudiera estar violando sus derechos, rogamos se ponga en contacto con <strong>gerencia.geo3bcn@csic.es<\/strong>.<br>\n<br>\n<strong>Links o hiperenlaces<\/strong><br>\nLos usuarios que se propongan establecer un hiperenlace entre su p\u00e1gina Web y la del CSIC deber\u00e1n tener en cuenta lo siguiente:<br>\n<ul style=\"list-style-type: circle;\">\n    <li>El establecimiento del hiperenlace no implica, en ning\u00fan caso, la existencia de relaciones entre el GEO3BCN-CSIC y el propietario de la p\u00e1gina Web, ni la aceptaci\u00f3n y aprobaci\u00f3n por parte del CSIC de sus contenidos o servicios. Por tanto, no se declarar\u00e1 ni se dar\u00e1 a entender que el GEO3BCN-CSIC ha autorizado expresamente el hiperenlace, ni que ha supervisado o asumido los contenidos y servicios ofrecidos o puestos a disposici\u00f3n en dicha p\u00e1gina Web.<\/li>\n    <li>GEO3BCN-SIC no se responsabiliza, en modo alguno, ni garantiza la calidad, exactitud, fragilidad, correcci\u00f3n o moralidad de contenidos o servicios que el establecimiento del hiperenlace pueda ofrecer. El usuario asume bajo su exclusiva responsabilidad las consecuencias, da\u00f1os o acciones que se pudieran derivar del acceso a la p\u00e1gina Web del hiperenlace.<\/li>\n    <li>La p\u00e1gina Web en la que se establezca el hiperenlace no podr\u00e1 contener ninguna marca, denominaci\u00f3n, logotipo, eslogan u otros signos distintivos pertenecientes al CSIC, excepto aquellos signos que formen parte del mismo hiperenlace.<\/li>\n    <li>La p\u00e1gina Web en la que se establezca el hiperenlace no contendr\u00e1 informaciones con contenidos il\u00edcitos, contrarios a la moral y a las buenas costumbres generalmente aceptadas y al orden p\u00fablico, as\u00ed como tampoco contendr\u00e1 contenidos contrarios a derechos de terceros.<\/li>\n<\/ul>\n<br>\n<strong>Frames<\/strong><br>\nEl CSIC proh\u00edbe expresamente la realizaci\u00f3n de \u201cframings\u201d o la utilizaci\u00f3n por parte de terceros de cualesquiera otros mecanismos que alteren el dise\u00f1o, configuraci\u00f3n original o contenidos de su Portal.<br>\n<br>\n<strong>Privacidad<\/strong><br>\nDe acuerdo con la Ley Org\u00e1nica 3\/2018, de 5 de diciembre, de Protecci\u00f3n de Datos Personales y garant\u00eda de los derechos digitales (LOPDGDD), el Reglamento General de Protecci\u00f3n de Datos (RGPD) y legislaci\u00f3n concordante, GEO3BCN-CSIC se compromete al cumplimiento de la obligaci\u00f3n de secreto con respecto a los datos de car\u00e1cter personal y al deber de tratarlos con confidencialidad tras la realizaci\u00f3n de los an\u00e1lisis de riesgos correspondientes, en especial, de acuerdo con la Disposici\u00f3n adicional primera de la LOPDGDD, las medidas de seguridad que correspondan de las previstas en el Esquema Nacional de Seguridad necesarias para evitar su alteraci\u00f3n, p\u00e9rdida, tratamiento o acceso no autorizado.<br>\nEl usuario podr\u00e1 ejercitar en todo momento los derechos de acceso, rectificaci\u00f3n, cancelaci\u00f3n, oposici\u00f3n, limitaci\u00f3n o portabilidad dirigi\u00e9ndose por escrito a <strong>Dr. T\u00e1rsilo Girona<\/strong>, acompa\u00f1ando fotocopia de D.N.I. o mediante el Registro Electr\u00f3nico del CSIC ubicado en su Sede Electr\u00f3nica, para lo que deber\u00e1 disponer de certificado electr\u00f3nico reconocido. Se puede contactar con el Delegado de Protecci\u00f3n de Datos del CSIC a trav\u00e9s del correo <strong><a href=\"mailto:delegadoprotecciondatos@csic.es\">delegadoprotecciondatos@csic.es<\/a><\/strong>.<br>\nGEO3BCN-CSIC se reserva la facultad de modificar la presente Pol\u00edtica de Privacidad para adaptarla a las novedades legislativas, jurisprudenciales o de interpretaci\u00f3n de la Agencia Espa\u00f1ola de Protecci\u00f3n de Datos. En este caso, GEO3BCN-CSIC anunciar\u00e1 dichos cambios, indicando claramente y con la debida antelaci\u00f3n las modificaciones efectuadas, y solicitando, en caso de que se considere necesario, la aceptaci\u00f3n de los mismos.<br>\n<br>\n<strong>Ley aplicable y jurisdicci\u00f3n<\/strong><br>\nLa ley aplicable en caso de disputa o conflicto de interpretaci\u00f3n de los t\u00e9rminos que conforman este Aviso Legal, as\u00ed como cualquier cuesti\u00f3n relacionada con los servicios del presente Portal, ser\u00e1 la ley espa\u00f1ola.<br>\nPara la resoluci\u00f3n de cualquier conflicto que pueda surgir con ocasi\u00f3n de la visita al Portal o del uso de los servicios que en \u00e9l se puedan ofertar, GEO3BCN-CSIC y el Usuario acuerdan someterse a los Jueces y Tribunales espa\u00f1oles.<br>\t\t\t\t\t\t\t\t<\/div>\n\t\t\t\t\t<\/div>\n\t\t\t\t<\/div>\n\t\t\t\t<\/div>\n\t\t","protected":false},"excerpt":{"rendered":"<p>Aviso Legal Condiciones generales de uso del portal www.geo3bcn.csic.es El instituto Geociencias Barcelona del Consejo Superior de Investigaciones Cient\u00edficas (GEO3BCN-CSIC), le informa que el acceso y uso de la p\u00e1gina Web www.geo3bcn.csic.es y todos los subdominios y directorios incluidos bajo la misma (en adelante, conjuntamente denominados como el Portal) est\u00e1n sujetos a los t\u00e9rminos que [&hellip;]<\/p>\n","protected":false},"author":2,"featured_media":0,"parent":0,"menu_order":0,"comment_status":"closed","ping_status":"closed","template":"elementor_header_footer","meta":{"_acf_changed":false,"footnotes":""},"class_list":["post-1692","page","type-page","status-publish","hentry"],"acf":[],"yoast_head":"<!-- This site is optimized with the Yoast SEO plugin v27.3 - https:\/\/yoast.com\/product\/yoast-seo-wordpress\/ -->\n<title>Aviso Legal - Geociencias Barcelona (GEO3BCN)<\/title>\n<meta name=\"robots\" content=\"index, follow, max-snippet:-1, max-image-preview:large, max-video-preview:-1\" \/>\n<link rel=\"canonical\" href=\"https:\/\/sismovega.geo3bcn.csic.es\/legal-notice\/\" \/>\n<meta property=\"og:locale\" content=\"es_ES\" \/>\n<meta property=\"og:type\" content=\"article\" \/>\n<meta property=\"og:title\" content=\"Aviso Legal - Geociencias Barcelona (GEO3BCN)\" \/>\n<meta property=\"og:description\" content=\"Aviso Legal Condiciones generales de uso del portal www.geo3bcn.csic.es El instituto Geociencias Barcelona del Consejo Superior de Investigaciones Cient\u00edficas (GEO3BCN-CSIC), le informa que el acceso y uso de la p\u00e1gina Web www.geo3bcn.csic.es y todos los subdominios y directorios incluidos bajo la misma (en adelante, conjuntamente denominados como el Portal) est\u00e1n sujetos a los t\u00e9rminos que [&hellip;]\" \/>\n<meta property=\"og:url\" content=\"https:\/\/sismovega.geo3bcn.csic.es\/legal-notice\/\" \/>\n<meta property=\"og:site_name\" content=\"Geociencias Barcelona (GEO3BCN)\" \/>\n<meta property=\"article:modified_time\" content=\"2026-04-07T08:32:59+00:00\" \/>\n<meta name=\"twitter:card\" content=\"summary_large_image\" \/>\n<meta name=\"twitter:label1\" content=\"Tiempo de lectura\" \/>\n\t<meta name=\"twitter:data1\" content=\"5 minutos\" \/>\n<script type=\"application\/ld+json\" class=\"yoast-schema-graph\">{\"@context\":\"https:\\\/\\\/schema.org\",\"@graph\":[{\"@type\":\"WebPage\",\"@id\":\"https:\\\/\\\/sismovega.geo3bcn.csic.es\\\/legal-notice\\\/\",\"url\":\"https:\\\/\\\/sismovega.geo3bcn.csic.es\\\/legal-notice\\\/\",\"name\":\"Aviso Legal - Geociencias Barcelona (GEO3BCN)\",\"isPartOf\":{\"@id\":\"https:\\\/\\\/sismovega.geo3bcn.csic.es\\\/#website\"},\"datePublished\":\"2026-02-13T10:56:02+00:00\",\"dateModified\":\"2026-04-07T08:32:59+00:00\",\"breadcrumb\":{\"@id\":\"https:\\\/\\\/sismovega.geo3bcn.csic.es\\\/legal-notice\\\/#breadcrumb\"},\"inLanguage\":\"es\",\"potentialAction\":[{\"@type\":\"ReadAction\",\"target\":[\"https:\\\/\\\/sismovega.geo3bcn.csic.es\\\/legal-notice\\\/\"]}]},{\"@type\":\"BreadcrumbList\",\"@id\":\"https:\\\/\\\/sismovega.geo3bcn.csic.es\\\/legal-notice\\\/#breadcrumb\",\"itemListElement\":[{\"@type\":\"ListItem\",\"position\":1,\"name\":\"Home\",\"item\":\"https:\\\/\\\/sismovega.geo3bcn.csic.es\\\/es\\\/\"},{\"@type\":\"ListItem\",\"position\":2,\"name\":\"Aviso Legal\"}]},{\"@type\":\"WebSite\",\"@id\":\"https:\\\/\\\/sismovega.geo3bcn.csic.es\\\/#website\",\"url\":\"https:\\\/\\\/sismovega.geo3bcn.csic.es\\\/\",\"name\":\"Geociencias Barcelona (GEO3BCN)\",\"description\":\"\",\"potentialAction\":[{\"@type\":\"SearchAction\",\"target\":{\"@type\":\"EntryPoint\",\"urlTemplate\":\"https:\\\/\\\/sismovega.geo3bcn.csic.es\\\/?s={search_term_string}\"},\"query-input\":{\"@type\":\"PropertyValueSpecification\",\"valueRequired\":true,\"valueName\":\"search_term_string\"}}],\"inLanguage\":\"es\"}]}<\/script>\n<!-- \/ Yoast SEO plugin. -->","yoast_head_json":{"title":"Aviso Legal - Geociencias Barcelona (GEO3BCN)","robots":{"index":"index","follow":"follow","max-snippet":"max-snippet:-1","max-image-preview":"max-image-preview:large","max-video-preview":"max-video-preview:-1"},"canonical":"https:\/\/sismovega.geo3bcn.csic.es\/legal-notice\/","og_locale":"es_ES","og_type":"article","og_title":"Aviso Legal - Geociencias Barcelona (GEO3BCN)","og_description":"Aviso Legal Condiciones generales de uso del portal www.geo3bcn.csic.es El instituto Geociencias Barcelona del Consejo Superior de Investigaciones Cient\u00edficas (GEO3BCN-CSIC), le informa que el acceso y uso de la p\u00e1gina Web www.geo3bcn.csic.es y todos los subdominios y directorios incluidos bajo la misma (en adelante, conjuntamente denominados como el Portal) est\u00e1n sujetos a los t\u00e9rminos que [&hellip;]","og_url":"https:\/\/sismovega.geo3bcn.csic.es\/legal-notice\/","og_site_name":"Geociencias Barcelona (GEO3BCN)","article_modified_time":"2026-04-07T08:32:59+00:00","twitter_card":"summary_large_image","twitter_misc":{"Tiempo de lectura":"5 minutos"},"schema":{"@context":"https:\/\/schema.org","@graph":[{"@type":"WebPage","@id":"https:\/\/sismovega.geo3bcn.csic.es\/legal-notice\/","url":"https:\/\/sismovega.geo3bcn.csic.es\/legal-notice\/","name":"Aviso Legal - Geociencias Barcelona (GEO3BCN)","isPartOf":{"@id":"https:\/\/sismovega.geo3bcn.csic.es\/#website"},"datePublished":"2026-02-13T10:56:02+00:00","dateModified":"2026-04-07T08:32:59+00:00","breadcrumb":{"@id":"https:\/\/sismovega.geo3bcn.csic.es\/legal-notice\/#breadcrumb"},"inLanguage":"es","potentialAction":[{"@type":"ReadAction","target":["https:\/\/sismovega.geo3bcn.csic.es\/legal-notice\/"]}]},{"@type":"BreadcrumbList","@id":"https:\/\/sismovega.geo3bcn.csic.es\/legal-notice\/#breadcrumb","itemListElement":[{"@type":"ListItem","position":1,"name":"Home","item":"https:\/\/sismovega.geo3bcn.csic.es\/es\/"},{"@type":"ListItem","position":2,"name":"Aviso Legal"}]},{"@type":"WebSite","@id":"https:\/\/sismovega.geo3bcn.csic.es\/#website","url":"https:\/\/sismovega.geo3bcn.csic.es\/","name":"Geociencias Barcelona (GEO3BCN)","description":"","potentialAction":[{"@type":"SearchAction","target":{"@type":"EntryPoint","urlTemplate":"https:\/\/sismovega.geo3bcn.csic.es\/?s={search_term_string}"},"query-input":{"@type":"PropertyValueSpecification","valueRequired":true,"valueName":"search_term_string"}}],"inLanguage":"es"}]}},"_links":{"self":[{"href":"https:\/\/sismovega.geo3bcn.csic.es\/es\/wp-json\/wp\/v2\/pages\/1692","targetHints":{"allow":["GET"]}}],"collection":[{"href":"https:\/\/sismovega.geo3bcn.csic.es\/es\/wp-json\/wp\/v2\/pages"}],"about":[{"href":"https:\/\/sismovega.geo3bcn.csic.es\/es\/wp-json\/wp\/v2\/types\/page"}],"author":[{"embeddable":true,"href":"https:\/\/sismovega.geo3bcn.csic.es\/es\/wp-json\/wp\/v2\/users\/2"}],"replies":[{"embeddable":true,"href":"https:\/\/sismovega.geo3bcn.csic.es\/es\/wp-json\/wp\/v2\/comments?post=1692"}],"version-history":[{"count":7,"href":"https:\/\/sismovega.geo3bcn.csic.es\/es\/wp-json\/wp\/v2\/pages\/1692\/revisions"}],"predecessor-version":[{"id":3008,"href":"https:\/\/sismovega.geo3bcn.csic.es\/es\/wp-json\/wp\/v2\/pages\/1692\/revisions\/3008"}],"wp:attachment":[{"href":"https:\/\/sismovega.geo3bcn.csic.es\/es\/wp-json\/wp\/v2\/media?parent=1692"}],"curies":[{"name":"wp","href":"https:\/\/api.w.org\/{rel}","templated":true}]}}